{"id":461,"date":"2025-08-10T02:16:27","date_gmt":"2025-08-09T23:16:27","guid":{"rendered":"https:\/\/karlsruhetattoo.com\/?page_id=461"},"modified":"2025-08-11T03:22:18","modified_gmt":"2025-08-11T00:22:18","slug":"cerez-politikamiz","status":"publish","type":"page","link":"https:\/\/karlsruhetattoo.com\/tr\/cerez-politikamiz\/","title":{"rendered":"\u00c7erez Politikas\u0131"},"content":{"rendered":"<div data-elementor-type=\"wp-page\" data-elementor-id=\"461\" class=\"elementor elementor-461\">\n\t\t\t\t<div class=\"elementor-element elementor-element-881bc0e e-flex e-con-boxed elementor-invisible e-con e-parent\" data-id=\"881bc0e\" data-element_type=\"container\" data-settings=\"{&quot;jet_parallax_layout_list&quot;:[],&quot;animation&quot;:&quot;fadeInUp&quot;,&quot;background_background&quot;:&quot;classic&quot;}\">\n\t\t\t\t\t<div class=\"e-con-inner\">\n\t\t\t\t<div class=\"elementor-element elementor-element-a285214 elementor-widget elementor-widget-heading\" data-id=\"a285214\" data-element_type=\"widget\" data-widget_type=\"heading.default\">\n\t\t\t\t\t<h2 class=\"elementor-heading-title elementor-size-default\">\u00c7erez Politikas\u0131\n<\/h2>\t\t\t\t<\/div>\n\t\t\t\t<div class=\"elementor-element elementor-element-90f3f77 elementor-widget elementor-widget-text-editor\" data-id=\"90f3f77\" data-element_type=\"widget\" data-widget_type=\"text-editor.default\">\n\t\t\t\t\t\t\t\t\t<div style=\"color:white;\">\n<style>\n    div.cookie-policy * {\n        color: white !important;\n    }\n<\/style>\n\n<div class=\"cookie-policy\">\n<p>Bu \u00c7erez Politikas\u0131, web sitemizi ziyaret edenleri, kullan\u0131c\u0131lar\u0131n cihazlar\u0131nda depolanan \u00e7erezlerin (&quot;\u00e7erezler&quot;) kullan\u0131m\u0131 hakk\u0131nda bilgilendirmektedir.<\/p>\n<p>Web sitemizi kullanarak bu politikada a\u00e7\u0131klanan \u00e7erezlerin kullan\u0131m\u0131n\u0131 kabul etmi\u015f olursunuz.<br>\u00c7erez ayarlar\u0131n\u0131z\u0131 istedi\u011finiz zaman de\u011fi\u015ftirebilirsiniz.<\/p>\n\n<hr>\n\n<h4><strong>1. \u00c7erezler nedir?<\/strong><\/h4>\n<p>\u00c7erezler, bir web sitesini ziyaret etti\u011finizde taray\u0131c\u0131n\u0131z arac\u0131l\u0131\u011f\u0131yla cihaz\u0131n\u0131za depolanan k\u00fc\u00e7\u00fck metin dosyalar\u0131d\u0131r.<br>Mevcut veya gelecekteki ziyaretiniz s\u0131ras\u0131nda cihaz\u0131n\u0131z\u0131n tan\u0131nmas\u0131n\u0131 sa\u011flarlar.<\/p>\n\n<hr>\n\n<h4><strong>2. Kullan\u0131lan \u00e7erez t\u00fcrleri<\/strong><\/h4>\n<p>Web sitemizde a\u015fa\u011f\u0131daki \u00e7erez t\u00fcrleri kullan\u0131labilir:<\/p>\n<ul>\n<li><strong>Kesinlikle gerekli \u00e7erezler:<\/strong> Web sitesinin \u00e7al\u0131\u015fmas\u0131 i\u00e7in gerekli olan \u00e7erezler. Giri\u015f, g\u00fcvenlik ve form g\u00f6nderimi gibi temel i\u015flevleri etkinle\u015ftirirler.<\/li>\n<li><strong>Performans \u00e7erezleri:<\/strong> Web sitesi trafi\u011fini ve kullan\u0131m istatistiklerini analiz etmek i\u00e7in kullan\u0131l\u0131r. Bireysel kullan\u0131c\u0131lar\u0131 tan\u0131mlamaz.<\/li>\n<li><strong>\u0130\u015flevsel \u00e7erezler:<\/strong> Tercihlerinizi (dil, b\u00f6lge vb.) kaydederek kullan\u0131c\u0131 deneyimini iyile\u015ftirin.<\/li>\n<li><strong>Reklam ve hedefleme \u00e7erezleri:<\/strong> \u0130lgi alanlar\u0131n\u0131za g\u00f6re ki\u015fiselle\u015ftirilmi\u015f reklamlar\u0131n g\u00f6r\u00fcnt\u00fclenmesi i\u00e7in kullan\u0131l\u0131r (yaln\u0131zca a\u00e7\u0131k izninizle).<\/li>\n<li><strong>\u00dc\u00e7\u00fcnc\u00fc taraf \u00e7erezleri:<\/strong> Analiz ara\u00e7lar\u0131, reklam a\u011flar\u0131 veya sosyal medya arac\u0131l\u0131\u011f\u0131yla ayarlanabilir.<\/li>\n<\/ul>\n\n<hr>\n\n<h4><strong>3. \u00c7erezlerin kullan\u0131m ama\u00e7lar\u0131<\/strong><\/h4>\n<p>\u00c7erezler a\u015fa\u011f\u0131daki ama\u00e7lar i\u00e7in kullan\u0131labilir:<\/p>\n<ul>\n<li>Web sitesinin g\u00fcvenli ve verimli bir \u015fekilde \u00e7al\u0131\u015fmas\u0131n\u0131 sa\u011flamak<\/li>\n<li>Kullan\u0131c\u0131 tercihlerinin depolanmas\u0131<\/li>\n<li>Trafik istatistiklerinin olu\u015fturulmas\u0131<\/li>\n<li>\u0130lgi alanlar\u0131n\u0131za uygun i\u00e7erik ve reklam sa\u011flamak<\/li>\n<li>Kullan\u0131c\u0131 deneyimini iyile\u015ftirme<\/li>\n<\/ul>\n\n<hr>\n\n<h4><strong>4. \u00c7erezleri y\u00f6netme ve silme<\/strong><\/h4>\n<p>Taray\u0131c\u0131n\u0131z\u0131n ayarlar\u0131ndan \u00e7erezleri engelleyebilir, silebilir veya uyar\u0131lar\u0131 aktif hale getirebilirsiniz.<br>Kulland\u0131\u011f\u0131n\u0131z taray\u0131c\u0131ya ba\u011fl\u0131 olarak a\u015fa\u011f\u0131daki ba\u011flant\u0131lardan daha fazla bilgi alabilirsiniz:<\/p>\n<ul>\n<li><strong>Google Chrome<\/strong><\/li>\n<li><strong>Mozilla Firefox<\/strong><\/li>\n<li><strong>Microsoft Edge<\/strong><\/li>\n<li><strong>safari<\/strong><\/li>\n<\/ul>\n<p>\u00c7erezleri devre d\u0131\u015f\u0131 b\u0131rak\u0131rsan\u0131z, web sitemizin baz\u0131 b\u00f6l\u00fcmleri d\u00fczg\u00fcn \u00e7al\u0131\u015fmayabilir.<\/p>\n\n<hr>\n\n<h4><strong>5. \u00dc\u00e7\u00fcnc\u00fc taraf \u00e7erezleri<\/strong><\/h4>\n<p>Web sitemiz, a\u015fa\u011f\u0131dakiler gibi \u00fc\u00e7\u00fcnc\u00fc taraflar\u0131n \u00e7erezlerini kullanabilir: <strong>Google Analytics<\/strong> veya <strong>Facebook Pikseli<\/strong> kullanmak.<br>Bu \u00e7erezler hakk\u0131nda daha fazla bilgi i\u00e7in l\u00fctfen ilgili sa\u011flay\u0131c\u0131lar\u0131n politikalar\u0131na bak\u0131n.<\/p>\n\n<hr>\n\n<h4><strong>6. KVKK ve GDPR kapsam\u0131ndaki haklar\u0131n\u0131z<\/strong><\/h4>\n<p>\u00c7erezler arac\u0131l\u0131\u011f\u0131yla i\u015flenen ki\u015fisel verileriniz bak\u0131m\u0131ndan KVKK ve GDPR uyar\u0131nca \u015fu haklara sahipsiniz:<\/p>\n<ul>\n<li>Bilgi<\/li>\n<li>D\u00fczeltme<\/li>\n<li>silme<\/li>\n<li>\u0130\u015flemenin k\u0131s\u0131tlanmas\u0131<\/li>\n<li>\u0130\u015fleme itiraz<\/li>\n<\/ul>\n<p>Bu haklar\u0131n\u0131z\u0131 kullanmak i\u00e7in internet sitemizde belirtilen ileti\u015fim kanallar\u0131 arac\u0131l\u0131\u011f\u0131yla bizimle ileti\u015fime ge\u00e7ebilirsiniz.<\/p>\n\n<hr>\n\n<h4><strong>7. Y\u00f6nergede Yap\u0131lan De\u011fi\u015fiklikler<\/strong><\/h4>\n<p>Bu \u00c7erez Politikas\u0131 zaman zaman g\u00fcncellenebilir.<br>G\u00fcncel hali internet sitemizde yay\u0131mland\u0131\u011f\u0131 tarihte y\u00fcr\u00fcrl\u00fc\u011fe girer.<\/p>\n<\/div>\n<\/div>\n\t\t\t\t\t\t\t\t<\/div>\n\t\t\t\t\t<\/div>\n\t\t\t\t<\/div>\n\t\t\t\t<\/div>","protected":false},"excerpt":{"rendered":"<p>\u00c7erez Politikas\u0131 Bu \u00c7erez Politikas\u0131, web sitemizi ziyaret edenleri, kullan\u0131c\u0131lar\u0131n cihazlar\u0131nda saklanan \u00e7erezlerin (\u201c\u00e7erezler\u201d) kullan\u0131m\u0131 hakk\u0131nda bilgilendirir. Web sitemizi kullanarak, bu politikada a\u00e7\u0131klanan \u00e7erezlerin kullan\u0131m\u0131na onay vermi\u015f olursunuz. \u00c7erez ayarlar\u0131n\u0131z\u0131 istedi\u011finiz zaman de\u011fi\u015ftirebilirsiniz. 1. \u00c7erezler nedir? \u00c7erezler, taray\u0131c\u0131n\u0131z arac\u0131l\u0131\u011f\u0131yla g\u00f6nderilen k\u00fc\u00e7\u00fck metin dosyalar\u0131d\u0131r [\u2026]<\/p>","protected":false},"author":1,"featured_media":0,"parent":0,"menu_order":0,"comment_status":"closed","ping_status":"closed","template":"elementor_header_footer","meta":{"_acf_changed":false,"footnotes":""},"class_list":["post-461","page","type-page","status-publish","hentry"],"acf":[],"yoast_head":"<!-- This site is optimized with the Yoast SEO plugin v25.6 - https:\/\/yoast.com\/wordpress\/plugins\/seo\/ -->\n<title>Cookie-Richtlinie - Art Gallery Karlsruhe - Karlsruhe Tattoo<\/title>\n<meta name=\"robots\" content=\"index, follow, max-snippet:-1, max-image-preview:large, max-video-preview:-1\" \/>\n<link rel=\"canonical\" href=\"https:\/\/karlsruhetattoo.com\/tr\/cerez-politikamiz\/\" \/>\n<meta property=\"og:locale\" content=\"tr_TR\" \/>\n<meta property=\"og:type\" content=\"article\" \/>\n<meta property=\"og:title\" content=\"Cookie-Richtlinie - Art Gallery Karlsruhe - Karlsruhe Tattoo\" \/>\n<meta property=\"og:description\" content=\"Cookie-Richtlinie Diese Cookie-Richtlinie informiert die Besucher unserer Website \u00fcber die Verwendung von Cookies (\u201eCookies\u201c), die auf den Ger\u00e4ten der Nutzer gespeichert werden. Durch die Nutzung unserer Website stimmen Sie der Verwendung der in dieser Richtlinie beschriebenen Cookies zu.Sie k\u00f6nnen Ihre Cookie-Einstellungen jederzeit \u00e4ndern. 1. Was sind Cookies? Cookies sind kleine Textdateien, die \u00fcber Ihren Browser [&hellip;]\" \/>\n<meta property=\"og:url\" content=\"https:\/\/karlsruhetattoo.com\/tr\/cerez-politikamiz\/\" \/>\n<meta property=\"og:site_name\" content=\"Art Gallery Karlsruhe - Karlsruhe Tattoo\" \/>\n<meta property=\"article:modified_time\" content=\"2025-08-11T00:22:18+00:00\" \/>\n<meta property=\"og:image\" content=\"https:\/\/karlsruhetattoo.com\/wp-content\/uploads\/2025\/08\/Adsiz-tasarim-1.png\" \/>\n\t<meta property=\"og:image:width\" content=\"1024\" \/>\n\t<meta property=\"og:image:height\" content=\"1024\" \/>\n\t<meta property=\"og:image:type\" content=\"image\/png\" \/>\n<meta name=\"twitter:card\" content=\"summary_large_image\" \/>\n<meta name=\"twitter:label1\" content=\"Tahmini okuma s\u00fcresi\" \/>\n\t<meta name=\"twitter:data1\" content=\"3 dakika\" \/>\n<script type=\"application\/ld+json\" class=\"yoast-schema-graph\">{\"@context\":\"https:\/\/schema.org\",\"@graph\":[{\"@type\":\"WebPage\",\"@id\":\"https:\/\/karlsruhetattoo.com\/cerez-politikamiz\/\",\"url\":\"https:\/\/karlsruhetattoo.com\/cerez-politikamiz\/\",\"name\":\"Cookie-Richtlinie - Art Gallery Karlsruhe - Karlsruhe Tattoo\",\"isPartOf\":{\"@id\":\"https:\/\/karlsruhetattoo.com\/#website\"},\"datePublished\":\"2025-08-09T23:16:27+00:00\",\"dateModified\":\"2025-08-11T00:22:18+00:00\",\"breadcrumb\":{\"@id\":\"https:\/\/karlsruhetattoo.com\/cerez-politikamiz\/#breadcrumb\"},\"inLanguage\":\"tr\",\"potentialAction\":[{\"@type\":\"ReadAction\",\"target\":[\"https:\/\/karlsruhetattoo.com\/cerez-politikamiz\/\"]}]},{\"@type\":\"BreadcrumbList\",\"@id\":\"https:\/\/karlsruhetattoo.com\/cerez-politikamiz\/#breadcrumb\",\"itemListElement\":[{\"@type\":\"ListItem\",\"position\":1,\"name\":\"Anasayfa\",\"item\":\"https:\/\/karlsruhetattoo.com\/\"},{\"@type\":\"ListItem\",\"position\":2,\"name\":\"Cookie-Richtlinie\"}]},{\"@type\":\"WebSite\",\"@id\":\"https:\/\/karlsruhetattoo.com\/#website\",\"url\":\"https:\/\/karlsruhetattoo.com\/\",\"name\":\"Art Gallery Karlsruhe - Karlsruhe Tattoo\",\"description\":\"Art Gallery Karlsruhe  - Karlsruhe Tattoo\",\"potentialAction\":[{\"@type\":\"SearchAction\",\"target\":{\"@type\":\"EntryPoint\",\"urlTemplate\":\"https:\/\/karlsruhetattoo.com\/?s={search_term_string}\"},\"query-input\":{\"@type\":\"PropertyValueSpecification\",\"valueRequired\":true,\"valueName\":\"search_term_string\"}}],\"inLanguage\":\"tr\"}]}<\/script>\n<!-- \/ Yoast SEO plugin. -->","yoast_head_json":{"title":"Cookie-Richtlinie - Art Gallery Karlsruhe - Karlsruhe Tattoo","robots":{"index":"index","follow":"follow","max-snippet":"max-snippet:-1","max-image-preview":"max-image-preview:large","max-video-preview":"max-video-preview:-1"},"canonical":"https:\/\/karlsruhetattoo.com\/tr\/cerez-politikamiz\/","og_locale":"tr_TR","og_type":"article","og_title":"Cookie-Richtlinie - Art Gallery Karlsruhe - Karlsruhe Tattoo","og_description":"Cookie-Richtlinie Diese Cookie-Richtlinie informiert die Besucher unserer Website \u00fcber die Verwendung von Cookies (\u201eCookies\u201c), die auf den Ger\u00e4ten der Nutzer gespeichert werden. Durch die Nutzung unserer Website stimmen Sie der Verwendung der in dieser Richtlinie beschriebenen Cookies zu.Sie k\u00f6nnen Ihre Cookie-Einstellungen jederzeit \u00e4ndern. 1. Was sind Cookies? Cookies sind kleine Textdateien, die \u00fcber Ihren Browser [&hellip;]","og_url":"https:\/\/karlsruhetattoo.com\/tr\/cerez-politikamiz\/","og_site_name":"Art Gallery Karlsruhe - Karlsruhe Tattoo","article_modified_time":"2025-08-11T00:22:18+00:00","og_image":[{"width":1024,"height":1024,"url":"https:\/\/karlsruhetattoo.com\/wp-content\/uploads\/2025\/08\/Adsiz-tasarim-1.png","type":"image\/png"}],"twitter_card":"summary_large_image","twitter_misc":{"Tahmini okuma s\u00fcresi":"3 dakika"},"schema":{"@context":"https:\/\/schema.org","@graph":[{"@type":"WebPage","@id":"https:\/\/karlsruhetattoo.com\/cerez-politikamiz\/","url":"https:\/\/karlsruhetattoo.com\/cerez-politikamiz\/","name":"Cookie-Richtlinie - Art Gallery Karlsruhe - Karlsruhe Tattoo","isPartOf":{"@id":"https:\/\/karlsruhetattoo.com\/#website"},"datePublished":"2025-08-09T23:16:27+00:00","dateModified":"2025-08-11T00:22:18+00:00","breadcrumb":{"@id":"https:\/\/karlsruhetattoo.com\/cerez-politikamiz\/#breadcrumb"},"inLanguage":"tr","potentialAction":[{"@type":"ReadAction","target":["https:\/\/karlsruhetattoo.com\/cerez-politikamiz\/"]}]},{"@type":"BreadcrumbList","@id":"https:\/\/karlsruhetattoo.com\/cerez-politikamiz\/#breadcrumb","itemListElement":[{"@type":"ListItem","position":1,"name":"Anasayfa","item":"https:\/\/karlsruhetattoo.com\/"},{"@type":"ListItem","position":2,"name":"Cookie-Richtlinie"}]},{"@type":"WebSite","@id":"https:\/\/karlsruhetattoo.com\/#website","url":"https:\/\/karlsruhetattoo.com\/","name":"Art Gallery Karlsruhe - Karlsruhe Tattoo","description":"Art Gallery Karlsruhe  - Karlsruhe Tattoo","potentialAction":[{"@type":"SearchAction","target":{"@type":"EntryPoint","urlTemplate":"https:\/\/karlsruhetattoo.com\/?s={search_term_string}"},"query-input":{"@type":"PropertyValueSpecification","valueRequired":true,"valueName":"search_term_string"}}],"inLanguage":"tr"}]}},"_links":{"self":[{"href":"https:\/\/karlsruhetattoo.com\/tr\/wp-json\/wp\/v2\/pages\/461","targetHints":{"allow":["GET"]}}],"collection":[{"href":"https:\/\/karlsruhetattoo.com\/tr\/wp-json\/wp\/v2\/pages"}],"about":[{"href":"https:\/\/karlsruhetattoo.com\/tr\/wp-json\/wp\/v2\/types\/page"}],"author":[{"embeddable":true,"href":"https:\/\/karlsruhetattoo.com\/tr\/wp-json\/wp\/v2\/users\/1"}],"replies":[{"embeddable":true,"href":"https:\/\/karlsruhetattoo.com\/tr\/wp-json\/wp\/v2\/comments?post=461"}],"version-history":[{"count":20,"href":"https:\/\/karlsruhetattoo.com\/tr\/wp-json\/wp\/v2\/pages\/461\/revisions"}],"predecessor-version":[{"id":1020,"href":"https:\/\/karlsruhetattoo.com\/tr\/wp-json\/wp\/v2\/pages\/461\/revisions\/1020"}],"wp:attachment":[{"href":"https:\/\/karlsruhetattoo.com\/tr\/wp-json\/wp\/v2\/media?parent=461"}],"curies":[{"name":"wp","href":"https:\/\/api.w.org\/{rel}","templated":true}]}}