{"id":455,"date":"2025-08-10T02:12:52","date_gmt":"2025-08-09T23:12:52","guid":{"rendered":"https:\/\/karlsruhetattoo.com\/?page_id=455"},"modified":"2025-08-11T03:21:10","modified_gmt":"2025-08-11T00:21:10","slug":"kisisel-verilerin-korunmasi-kanunu","status":"publish","type":"page","link":"https:\/\/karlsruhetattoo.com\/tr\/kisisel-verilerin-korunmasi-kanunu\/","title":{"rendered":"GDPR"},"content":{"rendered":"<div data-elementor-type=\"wp-page\" data-elementor-id=\"455\" class=\"elementor elementor-455\">\n\t\t\t\t<div class=\"elementor-element elementor-element-73032ef e-flex e-con-boxed elementor-invisible e-con e-parent\" data-id=\"73032ef\" data-element_type=\"container\" data-settings=\"{&quot;jet_parallax_layout_list&quot;:[],&quot;animation&quot;:&quot;fadeInUp&quot;,&quot;background_background&quot;:&quot;classic&quot;}\">\n\t\t\t\t\t<div class=\"e-con-inner\">\n\t\t\t\t<div class=\"elementor-element elementor-element-a290b8c elementor-widget elementor-widget-heading\" data-id=\"a290b8c\" data-element_type=\"widget\" data-widget_type=\"heading.default\">\n\t\t\t\t\t<h2 class=\"elementor-heading-title elementor-size-default\">Ki\u015fisel Verilerin \u0130\u015flenmesi ve Korunmas\u0131na \u0130li\u015fkin Politika\n<\/h2>\t\t\t\t<\/div>\n\t\t\t\t<div class=\"elementor-element elementor-element-1f82239 elementor-widget elementor-widget-text-editor\" data-id=\"1f82239\" data-element_type=\"widget\" data-widget_type=\"text-editor.default\">\n\t\t\t\t\t\t\t\t\t<p style=\"color: #fff;\" data-start=\"188\" data-end=\"513\">Bu politika, 6698 say\u0131l\u0131 Ki\u015fisel Verilerin Korunmas\u0131 Kanunu (KVKK) ve Avrupa Birli\u011fi Genel Veri Koruma T\u00fcz\u00fc\u011f\u00fc (GDPR) \u00e7er\u00e7evesinde, web sitemizi kullanan bireylerin (\u201cveri sahipleri\u201d) ki\u015fisel verilerinin i\u015flenmesi, saklanmas\u0131 ve korunmas\u0131na ili\u015fkin ilkeleri ortaya koymaktad\u0131r.<\/p><hr style=\"border: 0; border-top: 1px solid #fff; opacity: 1; background: #fff;\" data-start=\"515\" data-end=\"518\" \/><h4 style=\"color: #fff;\" data-start=\"520\" data-end=\"575\"><strong style=\"color: #fff;\" data-start=\"524\" data-end=\"573\">1. Veri i\u015fleme sorumlusu<\/strong><\/h4><p style=\"color: #fff;\" data-start=\"576\" data-end=\"855\">Y\u00fcr\u00fcrl\u00fckteki yasal d\u00fczenlemeler \u00e7er\u00e7evesinde, bu web sitesinde toplanan ki\u015fisel verilerden denetleyici (\u201ci\u015flem denetleyicisi\u201d) olarak sorumluyuz.<br data-start=\"769\" data-end=\"772\" \/>Bizimle ileti\u015fime ge\u00e7mek i\u00e7in web sitemizde yer alan ileti\u015fim kanallar\u0131n\u0131 kullanabilirsiniz.<\/p><hr style=\"border: 0; border-top: 1px solid #fff; opacity: 1; background: #fff;\" data-start=\"857\" data-end=\"860\" \/><h4 style=\"color: #fff;\" data-start=\"862\" data-end=\"906\"><strong style=\"color: #fff;\" data-start=\"866\" data-end=\"904\">2. Toplanan ki\u015fisel veriler<\/strong><\/h4><p style=\"color: #fff;\" data-start=\"907\" data-end=\"989\">Ki\u015fisel veriler do\u011frudan kullan\u0131c\u0131dan veya otomatik olarak toplanabilir:<\/p><ul style=\"color: #fff;\" data-start=\"991\" data-end=\"1435\"><li style=\"color: #fff;\" data-start=\"991\" data-end=\"1061\"><p style=\"color: #fff;\" data-start=\"993\" data-end=\"1061\"><strong style=\"color: #fff;\">Kimlik verileri:<\/strong> Ad, soyad, kullan\u0131c\u0131 ad\u0131, do\u011fum tarihi<\/p><\/li><li style=\"color: #fff;\" data-start=\"1062\" data-end=\"1128\"><p style=\"color: #fff;\" data-start=\"1064\" data-end=\"1128\"><strong style=\"color: #fff;\">\u0130leti\u015fim bilgileri:<\/strong> Telefon numaras\u0131, e-posta adresi, posta adresi<\/p><\/li><li style=\"color: #fff;\" data-start=\"1129\" data-end=\"1214\"><p style=\"color: #fff;\" data-start=\"1131\" data-end=\"1214\"><strong style=\"color: #fff;\">Teknik veriler:<\/strong> IP adresi, taray\u0131c\u0131 t\u00fcr\u00fc, i\u015fletim sistemi, cihaz bilgileri<\/p><\/li><li style=\"color: #fff;\" data-start=\"1215\" data-end=\"1295\"><p style=\"color: #fff;\" data-start=\"1217\" data-end=\"1295\"><strong style=\"color: #fff;\">Kullan\u0131m verileri:<\/strong> Web sitesi gezintisi, i\u015flem ge\u00e7mi\u015fi, t\u0131klama g\u00fcnl\u00fckleri<\/p><\/li><li style=\"color: #fff;\" data-start=\"1296\" data-end=\"1375\"><p style=\"color: #fff;\" data-start=\"1298\" data-end=\"1375\"><strong style=\"color: #fff;\">Finansal veriler:<\/strong> \u00d6deme ve fatura bilgileri (i\u015flemler i\u00e7in)<\/p><\/li><li style=\"color: #fff;\" data-start=\"1376\" data-end=\"1435\"><p style=\"color: #fff;\" data-start=\"1378\" data-end=\"1435\"><strong style=\"color: #fff;\">\u00c7erez verileri:<\/strong> \u00c7erezler arac\u0131l\u0131\u011f\u0131yla toplanan bilgiler<\/p><\/li><\/ul><hr style=\"border: 0; border-top: 1px solid #fff; opacity: 1; background: #fff;\" data-start=\"1437\" data-end=\"1440\" \/><h4 style=\"color: #fff;\" data-start=\"1442\" data-end=\"1502\"><strong style=\"color: #fff;\" data-start=\"1446\" data-end=\"1500\">3. Ki\u015fisel verilerin i\u015flenme ama\u00e7lar\u0131<\/strong><\/h4><p style=\"color: #fff;\" data-start=\"1503\" data-end=\"1572\">Toplanan veriler a\u015fa\u011f\u0131daki ama\u00e7larla i\u015flenebilecektir:<\/p><ul style=\"color: #fff;\" data-start=\"1574\" data-end=\"1923\"><li style=\"color: #fff;\" data-start=\"1574\" data-end=\"1648\"><p style=\"color: #fff;\">Hizmetlerin sa\u011flanmas\u0131, iyile\u015ftirilmesi ve ki\u015fiselle\u015ftirilmesi<\/p><\/li><li style=\"color: #fff;\" data-start=\"1649\" data-end=\"1710\"><p style=\"color: #fff;\">\u00dcyelik ve i\u015flem s\u00fcre\u00e7lerinin y\u00f6netimi<\/p><\/li><li style=\"color: #fff;\" data-start=\"1711\" data-end=\"1756\"><p style=\"color: #fff;\">Soru ve \u015fikayetlerin yan\u0131tlanmas\u0131<\/p><\/li><li style=\"color: #fff;\" data-start=\"1757\" data-end=\"1799\"><p style=\"color: #fff;\">Yasal y\u00fck\u00fcml\u00fcl\u00fcklerin yerine getirilmesi<\/p><\/li><li style=\"color: #fff;\" data-start=\"1800\" data-end=\"1836\"><p style=\"color: #fff;\">Kullan\u0131c\u0131 deneyimini iyile\u015ftirme<\/p><\/li><li style=\"color: #fff;\" data-start=\"1837\" data-end=\"1923\"><p style=\"color: #fff;\">Pazarlama, kampanya ve bilgilendirme tedbirleri (a\u00e7\u0131k r\u0131za ile)<\/p><\/li><\/ul><hr style=\"border: 0; border-top: 1px solid #fff; opacity: 1; background: #fff;\" data-start=\"1925\" data-end=\"1928\" \/><h4 style=\"color: #fff;\" data-start=\"1930\" data-end=\"1959\"><strong style=\"color: #fff;\" data-start=\"1934\" data-end=\"1957\">4. Yasal dayanak<\/strong><\/h4><p style=\"color: #fff;\" data-start=\"1960\" data-end=\"2051\">Ki\u015fisel verileriniz a\u015fa\u011f\u0131daki hukuki sebeplere dayanarak i\u015flenecektir:<\/p><ul style=\"color: #fff;\" data-start=\"2053\" data-end=\"2206\"><li style=\"color: #fff;\" data-start=\"2053\" data-end=\"2092\"><p style=\"color: #fff;\">O <strong style=\"color: #fff;\">a\u00e7\u0131k r\u0131za<\/strong><\/p><\/li><li style=\"color: #fff;\" data-start=\"2093\" data-end=\"2125\"><p style=\"color: #fff;\"><strong style=\"color: #fff;\">Bir s\u00f6zle\u015fmenin yerine getirilmesi<\/strong><\/p><\/li><li style=\"color: #fff;\" data-start=\"2126\" data-end=\"2175\"><p style=\"color: #fff;\"><strong style=\"color: #fff;\">Yasal bir y\u00fck\u00fcml\u00fcl\u00fc\u011f\u00fcn yerine getirilmesi<\/strong><\/p><\/li><li style=\"color: #fff;\" data-start=\"2176\" data-end=\"2206\"><p style=\"color: #fff;\"><strong style=\"color: #fff;\">Me\u015fru \u00e7\u0131kar<\/strong><\/p><\/li><\/ul><hr style=\"border: 0; border-top: 1px solid #fff; opacity: 1; background: #fff;\" data-start=\"2208\" data-end=\"2211\" \/><h4 style=\"color: #fff;\" data-start=\"2213\" data-end=\"2254\"><strong style=\"color: #fff;\" data-start=\"2217\" data-end=\"2252\">5. Veri saklama s\u00fcresi<\/strong><\/h4><p style=\"color: #fff;\" data-start=\"2255\" data-end=\"2510\">Ki\u015fisel veriler, ilgili mevzuatta \u00f6ng\u00f6r\u00fclen veya i\u015flendikleri ama\u00e7 i\u00e7in gerekli olan s\u00fcre kadar saklanacakt\u0131r.<br data-start=\"2417\" data-end=\"2420\" \/>Bu s\u00fcrenin sonunda veriler g\u00fcvenli bir \u015fekilde silinecek, imha edilecek veya anonim hale getirilecektir.<\/p><hr style=\"border: 0; border-top: 1px solid #fff; opacity: 1; background: #fff;\" data-start=\"2512\" data-end=\"2515\" \/><h4 style=\"color: #fff;\" data-start=\"2517\" data-end=\"2564\"><strong style=\"color: #fff;\" data-start=\"2521\" data-end=\"2562\">6. Ki\u015fisel verilerin a\u00e7\u0131klanmas\u0131<\/strong><\/h4><p style=\"color: #fff;\" data-start=\"2565\" data-end=\"2641\">Ki\u015fisel verileriniz yaln\u0131zca a\u015fa\u011f\u0131daki durumlarda payla\u015f\u0131lacakt\u0131r:<\/p><ul style=\"color: #fff;\" data-start=\"2643\" data-end=\"2773\"><li style=\"color: #fff;\" data-start=\"2643\" data-end=\"2674\">Yasal y\u00fck\u00fcml\u00fcl\u00fckler<\/li><li style=\"color: #fff;\" data-start=\"2675\" data-end=\"2713\">Yetkili makamlar\u0131n gereklilikleri<\/li><li style=\"color: #fff;\" data-start=\"2714\" data-end=\"2773\">Hizmet ortaklar\u0131m\u0131z (hosting, kargolama, \u00f6deme, vb.)<\/li><\/ul><p style=\"color: #fff;\" data-start=\"2775\" data-end=\"2874\">Veriler ticari ama\u00e7la payla\u015f\u0131lmayacak veya \u00fc\u00e7\u00fcnc\u00fc \u015fah\u0131slarla payla\u015f\u0131lmayacakt\u0131r.<\/p><hr style=\"border: 0; border-top: 1px solid #fff; opacity: 1; background: #fff;\" data-start=\"2876\" data-end=\"2879\" \/><h4 style=\"color: #fff;\" data-start=\"2881\" data-end=\"2923\"><strong style=\"color: #fff;\" data-start=\"2885\" data-end=\"2921\">7. Yurtd\u0131\u015f\u0131na veri aktar\u0131m\u0131<\/strong><\/h4><p style=\"color: #fff;\" data-start=\"2924\" data-end=\"3173\">Hizmetin ifas\u0131 i\u00e7in gerekli olmas\u0131 halinde, KVKK ve GDPR h\u00fck\u00fcmlerine uygun olarak a\u00e7\u0131k r\u0131zan\u0131zla verileriniz yeterli veri koruma d\u00fczeyinin bulundu\u011fu \u00fclkelere veya yurt d\u0131\u015f\u0131na aktar\u0131labilecektir.<\/p><hr style=\"border: 0; border-top: 1px solid #fff; opacity: 1; background: #fff;\" data-start=\"3175\" data-end=\"3178\" \/><h4 style=\"color: #fff;\" data-start=\"3180\" data-end=\"3208\"><strong style=\"color: #fff;\" data-start=\"3184\" data-end=\"3206\">8. Veri g\u00fcvenli\u011fi<\/strong><\/h4><p style=\"color: #fff;\" data-start=\"3209\" data-end=\"3288\">Ki\u015fisel verilerinizin korunmas\u0131 i\u00e7in a\u015fa\u011f\u0131daki \u00f6nlemler al\u0131nmaktad\u0131r:<\/p><ul style=\"color: #fff;\" data-start=\"3290\" data-end=\"3485\"><li style=\"color: #fff;\" data-start=\"3290\" data-end=\"3390\">Yetkisiz eri\u015fimi engellemek i\u00e7in teknik \u00f6nlemler (\u015fifreleme, g\u00fcvenlik duvarlar\u0131, SSL, vb.)<\/li><li style=\"color: #fff;\" data-start=\"3391\" data-end=\"3433\">Yetkilendirme ve eri\u015fim kontrolleri<\/li><li style=\"color: #fff;\" data-start=\"3434\" data-end=\"3485\">\u00c7al\u0131\u015fanlar i\u00e7in gizlilik y\u00fck\u00fcml\u00fcl\u00fckleri<\/li><\/ul><hr style=\"border: 0; border-top: 1px solid #fff; opacity: 1; background: #fff;\" data-start=\"3487\" data-end=\"3490\" \/><h4 style=\"color: #fff;\" data-start=\"3492\" data-end=\"3534\"><strong style=\"color: #fff;\" data-start=\"3496\" data-end=\"3532\">9. Veri sahibinin haklar\u0131<\/strong><\/h4><p style=\"color: #fff;\" data-start=\"3535\" data-end=\"3625\">KVKK Madde 11 ve GDPR Madde 15-22 uyar\u0131nca veri sahipleri a\u015fa\u011f\u0131daki haklara sahiptir:<\/p><ul style=\"color: #fff;\" data-start=\"3627\" data-end=\"3955\"><li style=\"color: #fff;\" data-start=\"3627\" data-end=\"3683\">Ki\u015fisel verilerinizle ilgili bilgi talep edin<\/li><li style=\"color: #fff;\" data-start=\"3684\" data-end=\"3720\">Verilerin d\u00fczeltilmesini talep edin<\/li><li style=\"color: #fff;\" data-start=\"3721\" data-end=\"3770\">Verilerin silinmesini veya yok edilmesini talep edin<\/li><li style=\"color: #fff;\" data-start=\"3771\" data-end=\"3815\">\u0130\u015flemenin k\u0131s\u0131tlanmas\u0131n\u0131 talep edin<\/li><li style=\"color: #fff;\" data-start=\"3816\" data-end=\"3869\">\u0130\u015flenen verilerin ta\u015f\u0131nabilirli\u011fini talep edin<\/li><li style=\"color: #fff;\" data-start=\"3870\" data-end=\"3917\">\u0130\u015fleme itiraz\u0131<\/li><li style=\"color: #fff;\" data-start=\"3918\" data-end=\"3955\">Herhangi bir zamanda onay\u0131 iptal edebilirsiniz<\/li><\/ul><p style=\"color: #fff;\" data-start=\"3957\" data-end=\"4068\">Bu haklar\u0131n\u0131z\u0131 kullanmak i\u00e7in web sitemizde yer alan ileti\u015fim bilgilerimizden bize ula\u015fabilirsiniz.<\/p><hr style=\"border: 0; border-top: 1px solid #fff; opacity: 1; background: #fff;\" data-start=\"4070\" data-end=\"4073\" \/><h4 style=\"color: #fff;\" data-start=\"4075\" data-end=\"4114\"><strong style=\"color: #fff;\" data-start=\"4079\" data-end=\"4112\">10. Y\u00f6nergede Yap\u0131lan De\u011fi\u015fiklikler<\/strong><\/h4><p style=\"color: #fff;\" data-start=\"4115\" data-end=\"4267\">Bu politika zaman zaman g\u00fcncellenebilir.<br data-start=\"4174\" data-end=\"4177\" \/>G\u00fcncellenmi\u015f versiyon web sitemizde yay\u0131mland\u0131\u011f\u0131 tarihte y\u00fcr\u00fcrl\u00fc\u011fe girecektir.<\/p>\t\t\t\t\t\t\t\t<\/div>\n\t\t\t\t\t<\/div>\n\t\t\t\t<\/div>\n\t\t\t\t<\/div>","protected":false},"excerpt":{"rendered":"<p>Ki\u015fisel Verilerin \u0130\u015flenmesi ve Korunmas\u0131 Politikas\u0131 Bu politika, 6698 say\u0131l\u0131 T\u00fcrk Ki\u015fisel Verilerin Korunmas\u0131 Kanunu (KVKK) ve Avrupa Birli\u011fi Genel Veri Koruma Y\u00f6netmeli\u011fi (GDPR) uyar\u0131nca, web sitemizi kullanan ki\u015filerin (\u201cVeri Sahipleri\u201d) ki\u015fisel verilerinin i\u015flenmesi, saklanmas\u0131 ve korunmas\u0131na ili\u015fkin ilkeleri belirler. 1. Veri Sorumlusu [\u2026]<\/p>","protected":false},"author":1,"featured_media":0,"parent":0,"menu_order":0,"comment_status":"closed","ping_status":"closed","template":"elementor_header_footer","meta":{"_acf_changed":false,"footnotes":""},"class_list":["post-455","page","type-page","status-publish","hentry"],"acf":[],"yoast_head":"<!-- This site is optimized with the Yoast SEO plugin v25.6 - https:\/\/yoast.com\/wordpress\/plugins\/seo\/ -->\n<title>DSGVO - Art Gallery Karlsruhe - Karlsruhe Tattoo<\/title>\n<meta name=\"robots\" content=\"index, follow, max-snippet:-1, max-image-preview:large, max-video-preview:-1\" \/>\n<link rel=\"canonical\" href=\"https:\/\/karlsruhetattoo.com\/tr\/kisisel-verilerin-korunmasi-kanunu\/\" \/>\n<meta property=\"og:locale\" content=\"tr_TR\" \/>\n<meta property=\"og:type\" content=\"article\" \/>\n<meta property=\"og:title\" content=\"DSGVO - Art Gallery Karlsruhe - Karlsruhe Tattoo\" \/>\n<meta property=\"og:description\" content=\"Politik zur Verarbeitung und zum Schutz personenbezogener Daten Diese Richtlinie legt die Grunds\u00e4tze f\u00fcr die Verarbeitung, Speicherung und den Schutz personenbezogener Daten von Personen fest, die unsere Website nutzen (\u201eBetroffene\u201c), im Rahmen des t\u00fcrkischen Gesetzes Nr. 6698 zum Schutz personenbezogener Daten (KVKK) und der Datenschutz-Grundverordnung (DSGVO) der Europ\u00e4ischen Union. 1. Verantwortlicher f\u00fcr die Datenverarbeitung F\u00fcr [&hellip;]\" \/>\n<meta property=\"og:url\" content=\"https:\/\/karlsruhetattoo.com\/tr\/kisisel-verilerin-korunmasi-kanunu\/\" \/>\n<meta property=\"og:site_name\" content=\"Art Gallery Karlsruhe - Karlsruhe Tattoo\" \/>\n<meta property=\"article:modified_time\" content=\"2025-08-11T00:21:10+00:00\" \/>\n<meta property=\"og:image\" content=\"https:\/\/karlsruhetattoo.com\/wp-content\/uploads\/2025\/08\/Adsiz-tasarim-1-1.png\" \/>\n\t<meta property=\"og:image:width\" content=\"1024\" \/>\n\t<meta property=\"og:image:height\" content=\"1024\" \/>\n\t<meta property=\"og:image:type\" content=\"image\/png\" \/>\n<meta name=\"twitter:card\" content=\"summary_large_image\" \/>\n<meta name=\"twitter:label1\" content=\"Tahmini okuma s\u00fcresi\" \/>\n\t<meta name=\"twitter:data1\" content=\"3 dakika\" \/>\n<script type=\"application\/ld+json\" class=\"yoast-schema-graph\">{\"@context\":\"https:\/\/schema.org\",\"@graph\":[{\"@type\":\"WebPage\",\"@id\":\"https:\/\/karlsruhetattoo.com\/kisisel-verilerin-korunmasi-kanunu\/\",\"url\":\"https:\/\/karlsruhetattoo.com\/kisisel-verilerin-korunmasi-kanunu\/\",\"name\":\"DSGVO - Art Gallery Karlsruhe - Karlsruhe Tattoo\",\"isPartOf\":{\"@id\":\"https:\/\/karlsruhetattoo.com\/#website\"},\"datePublished\":\"2025-08-09T23:12:52+00:00\",\"dateModified\":\"2025-08-11T00:21:10+00:00\",\"breadcrumb\":{\"@id\":\"https:\/\/karlsruhetattoo.com\/kisisel-verilerin-korunmasi-kanunu\/#breadcrumb\"},\"inLanguage\":\"tr\",\"potentialAction\":[{\"@type\":\"ReadAction\",\"target\":[\"https:\/\/karlsruhetattoo.com\/kisisel-verilerin-korunmasi-kanunu\/\"]}]},{\"@type\":\"BreadcrumbList\",\"@id\":\"https:\/\/karlsruhetattoo.com\/kisisel-verilerin-korunmasi-kanunu\/#breadcrumb\",\"itemListElement\":[{\"@type\":\"ListItem\",\"position\":1,\"name\":\"Anasayfa\",\"item\":\"https:\/\/karlsruhetattoo.com\/\"},{\"@type\":\"ListItem\",\"position\":2,\"name\":\"DSGVO\"}]},{\"@type\":\"WebSite\",\"@id\":\"https:\/\/karlsruhetattoo.com\/#website\",\"url\":\"https:\/\/karlsruhetattoo.com\/\",\"name\":\"Art Gallery Karlsruhe - Karlsruhe Tattoo\",\"description\":\"Art Gallery Karlsruhe  - Karlsruhe Tattoo\",\"potentialAction\":[{\"@type\":\"SearchAction\",\"target\":{\"@type\":\"EntryPoint\",\"urlTemplate\":\"https:\/\/karlsruhetattoo.com\/?s={search_term_string}\"},\"query-input\":{\"@type\":\"PropertyValueSpecification\",\"valueRequired\":true,\"valueName\":\"search_term_string\"}}],\"inLanguage\":\"tr\"}]}<\/script>\n<!-- \/ Yoast SEO plugin. -->","yoast_head_json":{"title":"DSGVO - Art Gallery Karlsruhe - Karlsruhe Tattoo","robots":{"index":"index","follow":"follow","max-snippet":"max-snippet:-1","max-image-preview":"max-image-preview:large","max-video-preview":"max-video-preview:-1"},"canonical":"https:\/\/karlsruhetattoo.com\/tr\/kisisel-verilerin-korunmasi-kanunu\/","og_locale":"tr_TR","og_type":"article","og_title":"DSGVO - Art Gallery Karlsruhe - Karlsruhe Tattoo","og_description":"Politik zur Verarbeitung und zum Schutz personenbezogener Daten Diese Richtlinie legt die Grunds\u00e4tze f\u00fcr die Verarbeitung, Speicherung und den Schutz personenbezogener Daten von Personen fest, die unsere Website nutzen (\u201eBetroffene\u201c), im Rahmen des t\u00fcrkischen Gesetzes Nr. 6698 zum Schutz personenbezogener Daten (KVKK) und der Datenschutz-Grundverordnung (DSGVO) der Europ\u00e4ischen Union. 1. Verantwortlicher f\u00fcr die Datenverarbeitung F\u00fcr [&hellip;]","og_url":"https:\/\/karlsruhetattoo.com\/tr\/kisisel-verilerin-korunmasi-kanunu\/","og_site_name":"Art Gallery Karlsruhe - Karlsruhe Tattoo","article_modified_time":"2025-08-11T00:21:10+00:00","og_image":[{"width":1024,"height":1024,"url":"https:\/\/karlsruhetattoo.com\/wp-content\/uploads\/2025\/08\/Adsiz-tasarim-1-1.png","type":"image\/png"}],"twitter_card":"summary_large_image","twitter_misc":{"Tahmini okuma s\u00fcresi":"3 dakika"},"schema":{"@context":"https:\/\/schema.org","@graph":[{"@type":"WebPage","@id":"https:\/\/karlsruhetattoo.com\/kisisel-verilerin-korunmasi-kanunu\/","url":"https:\/\/karlsruhetattoo.com\/kisisel-verilerin-korunmasi-kanunu\/","name":"DSGVO - Art Gallery Karlsruhe - Karlsruhe Tattoo","isPartOf":{"@id":"https:\/\/karlsruhetattoo.com\/#website"},"datePublished":"2025-08-09T23:12:52+00:00","dateModified":"2025-08-11T00:21:10+00:00","breadcrumb":{"@id":"https:\/\/karlsruhetattoo.com\/kisisel-verilerin-korunmasi-kanunu\/#breadcrumb"},"inLanguage":"tr","potentialAction":[{"@type":"ReadAction","target":["https:\/\/karlsruhetattoo.com\/kisisel-verilerin-korunmasi-kanunu\/"]}]},{"@type":"BreadcrumbList","@id":"https:\/\/karlsruhetattoo.com\/kisisel-verilerin-korunmasi-kanunu\/#breadcrumb","itemListElement":[{"@type":"ListItem","position":1,"name":"Anasayfa","item":"https:\/\/karlsruhetattoo.com\/"},{"@type":"ListItem","position":2,"name":"DSGVO"}]},{"@type":"WebSite","@id":"https:\/\/karlsruhetattoo.com\/#website","url":"https:\/\/karlsruhetattoo.com\/","name":"Art Gallery Karlsruhe - Karlsruhe Tattoo","description":"Art Gallery Karlsruhe  - Karlsruhe Tattoo","potentialAction":[{"@type":"SearchAction","target":{"@type":"EntryPoint","urlTemplate":"https:\/\/karlsruhetattoo.com\/?s={search_term_string}"},"query-input":{"@type":"PropertyValueSpecification","valueRequired":true,"valueName":"search_term_string"}}],"inLanguage":"tr"}]}},"_links":{"self":[{"href":"https:\/\/karlsruhetattoo.com\/tr\/wp-json\/wp\/v2\/pages\/455","targetHints":{"allow":["GET"]}}],"collection":[{"href":"https:\/\/karlsruhetattoo.com\/tr\/wp-json\/wp\/v2\/pages"}],"about":[{"href":"https:\/\/karlsruhetattoo.com\/tr\/wp-json\/wp\/v2\/types\/page"}],"author":[{"embeddable":true,"href":"https:\/\/karlsruhetattoo.com\/tr\/wp-json\/wp\/v2\/users\/1"}],"replies":[{"embeddable":true,"href":"https:\/\/karlsruhetattoo.com\/tr\/wp-json\/wp\/v2\/comments?post=455"}],"version-history":[{"count":17,"href":"https:\/\/karlsruhetattoo.com\/tr\/wp-json\/wp\/v2\/pages\/455\/revisions"}],"predecessor-version":[{"id":1017,"href":"https:\/\/karlsruhetattoo.com\/tr\/wp-json\/wp\/v2\/pages\/455\/revisions\/1017"}],"wp:attachment":[{"href":"https:\/\/karlsruhetattoo.com\/tr\/wp-json\/wp\/v2\/media?parent=455"}],"curies":[{"name":"wp","href":"https:\/\/api.w.org\/{rel}","templated":true}]}}