{"id":435,"date":"2025-08-10T01:59:43","date_gmt":"2025-08-09T22:59:43","guid":{"rendered":"https:\/\/karlsruhetattoo.com\/?page_id=435"},"modified":"2025-08-11T03:20:06","modified_gmt":"2025-08-11T00:20:06","slug":"gizlilik-ilkesi","status":"publish","type":"page","link":"https:\/\/karlsruhetattoo.com\/tr\/gizlilik-ilkesi\/","title":{"rendered":"Gizlilik Politikas\u0131"},"content":{"rendered":"<div data-elementor-type=\"wp-page\" data-elementor-id=\"435\" class=\"elementor elementor-435\">\n\t\t\t\t<div class=\"elementor-element elementor-element-7a4f1bc e-flex e-con-boxed elementor-invisible e-con e-parent\" data-id=\"7a4f1bc\" data-element_type=\"container\" data-settings=\"{&quot;jet_parallax_layout_list&quot;:[],&quot;animation&quot;:&quot;fadeInUp&quot;,&quot;background_background&quot;:&quot;classic&quot;}\">\n\t\t\t\t\t<div class=\"e-con-inner\">\n\t\t\t\t<div class=\"elementor-element elementor-element-be022e4 elementor-widget elementor-widget-heading\" data-id=\"be022e4\" data-element_type=\"widget\" data-widget_type=\"heading.default\">\n\t\t\t\t\t<h2 class=\"elementor-heading-title elementor-size-default\">Gizlilik Politikas\u0131<\/h2>\t\t\t\t<\/div>\n\t\t\t\t<div class=\"elementor-element elementor-element-eeca750 elementor-widget elementor-widget-text-editor\" data-id=\"eeca750\" data-element_type=\"widget\" data-widget_type=\"text-editor.default\">\n\t\t\t\t\t\t\t\t\t<p style=\"color: #fff;\" data-start=\"126\" data-end=\"398\">Bu gizlilik politikas\u0131, web sitemizi ziyaret eden kullan\u0131c\u0131lara ait ki\u015fisel verilerin toplanmas\u0131, kullan\u0131lmas\u0131, saklanmas\u0131 ve korunmas\u0131na ili\u015fkin ilkeleri a\u00e7\u0131klamaktad\u0131r.<br data-start=\"297\" data-end=\"300\" \/>Web sitemizi kullanman\u0131z halinde bu beyannamede belirtilen h\u00fck\u00fcm ve ko\u015fullar\u0131 kabul etmi\u015f say\u0131l\u0131rs\u0131n\u0131z.<\/p><hr style=\"border: 0; border-top: 1px solid #fff; opacity: 1; color: #fff; background: #fff;\" data-start=\"400\" data-end=\"403\" \/><h4 style=\"color: #fff;\" data-start=\"405\" data-end=\"432\"><strong style=\"color: #fff;\" data-start=\"409\" data-end=\"430\">1. Toplanan veriler<\/strong><\/h4><p style=\"color: #fff;\" data-start=\"433\" data-end=\"502\">Web sitemiz arac\u0131l\u0131\u011f\u0131yla a\u015fa\u011f\u0131daki veri t\u00fcrleri toplanabilir:<\/p><ul style=\"color: #fff;\" data-start=\"504\" data-end=\"821\"><li style=\"color: #fff;\" data-start=\"504\" data-end=\"635\"><p style=\"color: #fff;\" data-start=\"506\" data-end=\"635\">Ad, soyad, e-posta adresi, telefon numaras\u0131 (form doldururken veya kay\u0131t olurken) gibi ki\u015fisel veriler<\/p><\/li><li style=\"color: #fff;\" data-start=\"636\" data-end=\"743\"><p style=\"color: #fff;\" data-start=\"638\" data-end=\"743\">IP adresi, taray\u0131c\u0131 t\u00fcr\u00fc, i\u015fletim sistemi bilgisi, ziyaret tarihi ve saati gibi teknik veriler<\/p><\/li><li style=\"color: #fff;\" data-start=\"744\" data-end=\"821\"><p style=\"color: #fff;\" data-start=\"746\" data-end=\"821\">\u00c7erezler ve benzeri teknolojiler arac\u0131l\u0131\u011f\u0131yla toplanan kullan\u0131m verileri<\/p><\/li><\/ul><hr style=\"border: 0; border-top: 1px solid #fff; opacity: 1; color: #fff; background: #fff;\" data-start=\"823\" data-end=\"826\" \/><h4 style=\"color: #fff;\" data-start=\"828\" data-end=\"864\"><strong style=\"color: #fff;\" data-start=\"832\" data-end=\"862\">2. Veri kullan\u0131m ama\u00e7lar\u0131<\/strong><\/h4><p style=\"color: #fff;\" data-start=\"865\" data-end=\"931\">Toplanan veriler a\u015fa\u011f\u0131daki ama\u00e7lar i\u00e7in kullan\u0131labilir:<\/p><ul style=\"color: #fff;\" data-start=\"933\" data-end=\"1223\"><li style=\"color: #fff;\" data-start=\"933\" data-end=\"1011\"><p style=\"color: #fff;\" data-start=\"935\" data-end=\"1011\">Hizmetlerimizi sa\u011flama, iyile\u015ftirme ve ki\u015fiselle\u015ftirme<\/p><\/li><li style=\"color: #fff;\" data-start=\"1012\" data-end=\"1054\"><p style=\"color: #fff;\" data-start=\"1014\" data-end=\"1054\">Sorular\u0131n\u0131z\u0131 ve sorular\u0131n\u0131z\u0131 yan\u0131tl\u0131yoruz<\/p><\/li><li style=\"color: #fff;\" data-start=\"1055\" data-end=\"1091\"><p style=\"color: #fff;\" data-start=\"1057\" data-end=\"1091\">Kullan\u0131c\u0131 deneyimini iyile\u015ftirme<\/p><\/li><li style=\"color: #fff;\" data-start=\"1092\" data-end=\"1142\"><p style=\"color: #fff;\" data-start=\"1094\" data-end=\"1142\">Yasal y\u00fck\u00fcml\u00fcl\u00fcklerimizin yerine getirilmesi<\/p><\/li><li style=\"color: #fff;\" data-start=\"1143\" data-end=\"1223\"><p style=\"color: #fff;\" data-start=\"1145\" data-end=\"1223\">Pazarlama ve bilgilendirme faaliyetlerinin ger\u00e7ekle\u015ftirilmesi (onay\u0131n\u0131zla)<\/p><\/li><\/ul><hr style=\"border: 0; border-top: 1px solid #fff; opacity: 1; color: #fff; background: #fff;\" data-start=\"1225\" data-end=\"1228\" \/><h4 style=\"color: #fff;\" data-start=\"1230\" data-end=\"1250\"><strong style=\"color: #fff;\" data-start=\"1234\" data-end=\"1248\">3. \u00c7erezler<\/strong><\/h4><p style=\"color: #fff;\" data-start=\"1251\" data-end=\"1549\">Web sitemizde kullan\u0131c\u0131 deneyimini iyile\u015ftirmek amac\u0131yla \u00e7erezler kullan\u0131lmaktad\u0131r.<br data-start=\"1322\" data-end=\"1325\" \/>Taray\u0131c\u0131n\u0131z\u0131n ayarlar\u0131ndan \u00e7erezleri devre d\u0131\u015f\u0131 b\u0131rakabilir veya bir uyar\u0131 g\u00f6r\u00fcnt\u00fcleyebilirsiniz.<br data-start=\"1421\" data-end=\"1424\" \/>Ancak \u00e7erezleri devre d\u0131\u015f\u0131 b\u0131rakmak, web sitesinin baz\u0131 \u00f6zelliklerinin d\u00fczg\u00fcn \u00e7al\u0131\u015fmamas\u0131na neden olabilir.<\/p><hr style=\"border: 0; border-top: 1px solid #fff; opacity: 1; color: #fff; background: #fff;\" data-start=\"1551\" data-end=\"1554\" \/><h4 style=\"color: #fff;\" data-start=\"1556\" data-end=\"1589\"><strong style=\"color: #fff;\" data-start=\"1560\" data-end=\"1587\">4. Verilerin payla\u015f\u0131m\u0131<\/strong><\/h4><p style=\"color: #fff;\" data-start=\"1590\" data-end=\"1665\">Ki\u015fisel verileriniz a\u015fa\u011f\u0131daki durumlar haricinde \u00fc\u00e7\u00fcnc\u00fc ki\u015filerle payla\u015f\u0131lmayacakt\u0131r:<\/p><ul style=\"color: #fff;\" data-start=\"1667\" data-end=\"1898\"><li style=\"color: #fff;\" data-start=\"1667\" data-end=\"1710\"><p style=\"color: #fff;\" data-start=\"1669\" data-end=\"1710\">E\u011fer bu yasa taraf\u0131ndan gerekliyse<\/p><\/li><li style=\"color: #fff;\" data-start=\"1711\" data-end=\"1743\"><p style=\"color: #fff;\" data-start=\"1713\" data-end=\"1743\">Yetkililerin talebi \u00fczerine<\/p><\/li><li style=\"color: #fff;\" data-start=\"1744\" data-end=\"1898\"><p style=\"color: #fff;\" data-start=\"1746\" data-end=\"1898\">Hizmet sunmak i\u00e7in birlikte \u00e7al\u0131\u015ft\u0131\u011f\u0131m\u0131z g\u00fcvenilir \u00fc\u00e7\u00fcnc\u00fc taraflara (\u00f6rne\u011fin bar\u0131nd\u0131rma, \u00f6deme i\u015fleme, lojistik, vb.)<\/p><\/li><\/ul><hr style=\"border: 0; border-top: 1px solid #fff; opacity: 1; color: #fff; background: #fff;\" data-start=\"1900\" data-end=\"1903\" \/><h4 style=\"color: #fff;\" data-start=\"1905\" data-end=\"1933\"><strong style=\"color: #fff;\" data-start=\"1909\" data-end=\"1931\">5. Veri g\u00fcvenli\u011fi<\/strong><\/h4><p style=\"color: #fff;\" data-start=\"1934\" data-end=\"2193\">Ki\u015fisel verilerinizin korunmas\u0131 i\u00e7in sekt\u00f6r standartlar\u0131na uygun teknik ve organizasyonel \u00f6nlemler al\u0131nmaktad\u0131r.<br data-start=\"2059\" data-end=\"2062\" \/>Ancak internet \u00fczerinden veri iletiminin tam g\u00fcvenli\u011finin garanti edilemeyece\u011fini l\u00fctfen unutmay\u0131n.<\/p><hr style=\"border: 0; border-top: 1px solid #fff; opacity: 1; color: #fff; background: #fff;\" data-start=\"2195\" data-end=\"2198\" \/><h4 style=\"color: #fff;\" data-start=\"2200\" data-end=\"2236\"><strong style=\"color: #fff;\" data-start=\"2204\" data-end=\"2234\">6. \u00dc\u00e7\u00fcnc\u00fc taraf sa\u011flay\u0131c\u0131lara ba\u011flant\u0131lar<\/strong><\/h4><p style=\"color: #fff;\" data-start=\"2237\" data-end=\"2378\">Web sitemizde \u00fc\u00e7\u00fcnc\u00fc taraf web sitelerine ba\u011flant\u0131lar bulunabilir.<br data-start=\"2293\" data-end=\"2296\" \/>Bu web sitelerinin gizlilik uygulamalar\u0131ndan sorumlu de\u011filiz.<\/p><hr style=\"border: 0; border-top: 1px solid #fff; opacity: 1; color: #fff; background: #fff;\" data-start=\"2380\" data-end=\"2383\" \/><h4 style=\"color: #fff;\" data-start=\"2385\" data-end=\"2409\"><strong style=\"color: #fff;\" data-start=\"2389\" data-end=\"2407\">7. Haklar\u0131n\u0131z<\/strong><\/h4><p style=\"color: #fff;\" data-start=\"2410\" data-end=\"2474\">Ki\u015fisel verilerinizle ilgili olarak a\u015fa\u011f\u0131daki haklara sahipsiniz:<\/p><ul style=\"color: #fff;\" data-start=\"2476\" data-end=\"2679\"><li style=\"color: #fff;\" data-start=\"2476\" data-end=\"2514\"><p style=\"color: #fff;\" data-start=\"2478\" data-end=\"2514\">Verilerinize eri\u015fim talebinde bulunun<\/p><\/li><li style=\"color: #fff;\" data-start=\"2515\" data-end=\"2548\"><p style=\"color: #fff;\" data-start=\"2517\" data-end=\"2548\">D\u00fczeltme talebinde bulunmak i\u00e7in<\/p><\/li><li style=\"color: #fff;\" data-start=\"2549\" data-end=\"2578\"><p style=\"color: #fff;\" data-start=\"2551\" data-end=\"2578\">Silinmesini talep etmek i\u00e7in<\/p><\/li><li style=\"color: #fff;\" data-start=\"2579\" data-end=\"2630\"><p style=\"color: #fff;\" data-start=\"2581\" data-end=\"2630\">\u0130\u015flemenin k\u0131s\u0131tlanmas\u0131n\u0131 talep etmek<\/p><\/li><li style=\"color: #fff;\" data-start=\"2631\" data-end=\"2679\"><p style=\"color: #fff;\" data-start=\"2633\" data-end=\"2679\">Verilerinizin ta\u015f\u0131nabilirli\u011fini talep etmek i\u00e7in<\/p><\/li><\/ul><p style=\"color: #fff;\" data-start=\"2681\" data-end=\"2748\">Bu haklar\u0131n\u0131z\u0131 kullanmak i\u00e7in diledi\u011finiz zaman bizimle ileti\u015fime ge\u00e7ebilirsiniz.<\/p><hr style=\"border: 0; border-top: 1px solid #fff; opacity: 1; color: #fff; background: #fff;\" data-start=\"2750\" data-end=\"2753\" \/><h4 style=\"color: #fff;\" data-start=\"2755\" data-end=\"2803\"><strong style=\"color: #fff;\" data-start=\"2759\" data-end=\"2801\">8. Gizlilik Politikas\u0131nda De\u011fi\u015fiklikler<\/strong><\/h4><p style=\"color: #fff;\" data-start=\"2804\" data-end=\"2959\">Bu gizlilik politikas\u0131 zaman zaman g\u00fcncellenebilir.<br data-start=\"2873\" data-end=\"2876\" \/>De\u011fi\u015fiklikler web sitemizde yay\u0131nland\u0131\u011f\u0131 tarihten itibaren ge\u00e7erli olacakt\u0131r.<\/p>\t\t\t\t\t\t\t\t<\/div>\n\t\t\t\t\t<\/div>\n\t\t\t\t<\/div>\n\t\t\t\t<\/div>","protected":false},"excerpt":{"rendered":"<p>Datenschutzerkl\u00e4rung Diese Datenschutzerkl\u00e4rung erl\u00e4utert die Grunds\u00e4tze f\u00fcr die Erhebung, Nutzung, Speicherung und den Schutz personenbezogener Daten von Nutzern, die unsere Website besuchen.Durch die Nutzung unserer Website akzeptieren Sie die in dieser Erkl\u00e4rung genannten Bedingungen. 1. Erhobene Daten \u00dcber unsere Website k\u00f6nnen folgende Arten von Daten erhoben werden: Pers\u00f6nliche Daten wie Name, Vorname, E-Mail-Adresse, Telefonnummer (bei [&hellip;]<\/p>","protected":false},"author":1,"featured_media":0,"parent":0,"menu_order":0,"comment_status":"closed","ping_status":"closed","template":"elementor_header_footer","meta":{"_acf_changed":false,"footnotes":""},"class_list":["post-435","page","type-page","status-publish","hentry"],"acf":[],"yoast_head":"<!-- This site is optimized with the Yoast SEO plugin v25.6 - https:\/\/yoast.com\/wordpress\/plugins\/seo\/ -->\n<title>Datenschutzerkl\u00e4rung - Art Gallery Karlsruhe - Karlsruhe Tattoo<\/title>\n<meta name=\"robots\" content=\"index, follow, max-snippet:-1, max-image-preview:large, max-video-preview:-1\" \/>\n<link rel=\"canonical\" href=\"https:\/\/karlsruhetattoo.com\/tr\/gizlilik-ilkesi\/\" \/>\n<meta property=\"og:locale\" content=\"tr_TR\" \/>\n<meta property=\"og:type\" content=\"article\" \/>\n<meta property=\"og:title\" content=\"Datenschutzerkl\u00e4rung - Art Gallery Karlsruhe - Karlsruhe Tattoo\" \/>\n<meta property=\"og:description\" content=\"Datenschutzerkl\u00e4rung Diese Datenschutzerkl\u00e4rung erl\u00e4utert die Grunds\u00e4tze f\u00fcr die Erhebung, Nutzung, Speicherung und den Schutz personenbezogener Daten von Nutzern, die unsere Website besuchen.Durch die Nutzung unserer Website akzeptieren Sie die in dieser Erkl\u00e4rung genannten Bedingungen. 1. Erhobene Daten \u00dcber unsere Website k\u00f6nnen folgende Arten von Daten erhoben werden: Pers\u00f6nliche Daten wie Name, Vorname, E-Mail-Adresse, Telefonnummer (bei [&hellip;]\" \/>\n<meta property=\"og:url\" content=\"https:\/\/karlsruhetattoo.com\/tr\/gizlilik-ilkesi\/\" \/>\n<meta property=\"og:site_name\" content=\"Art Gallery Karlsruhe - Karlsruhe Tattoo\" \/>\n<meta property=\"article:modified_time\" content=\"2025-08-11T00:20:06+00:00\" \/>\n<meta property=\"og:image\" content=\"https:\/\/karlsruhetattoo.com\/wp-content\/uploads\/2025\/08\/Adsiz-tasarim-1-1.png\" \/>\n\t<meta property=\"og:image:width\" content=\"1024\" \/>\n\t<meta property=\"og:image:height\" content=\"1024\" \/>\n\t<meta property=\"og:image:type\" content=\"image\/png\" \/>\n<meta name=\"twitter:card\" content=\"summary_large_image\" \/>\n<meta name=\"twitter:label1\" content=\"Tahmini okuma s\u00fcresi\" \/>\n\t<meta name=\"twitter:data1\" content=\"2 dakika\" \/>\n<script type=\"application\/ld+json\" class=\"yoast-schema-graph\">{\"@context\":\"https:\/\/schema.org\",\"@graph\":[{\"@type\":\"WebPage\",\"@id\":\"https:\/\/karlsruhetattoo.com\/gizlilik-ilkesi\/\",\"url\":\"https:\/\/karlsruhetattoo.com\/gizlilik-ilkesi\/\",\"name\":\"Datenschutzerkl\u00e4rung - Art Gallery Karlsruhe - Karlsruhe Tattoo\",\"isPartOf\":{\"@id\":\"https:\/\/karlsruhetattoo.com\/#website\"},\"datePublished\":\"2025-08-09T22:59:43+00:00\",\"dateModified\":\"2025-08-11T00:20:06+00:00\",\"breadcrumb\":{\"@id\":\"https:\/\/karlsruhetattoo.com\/gizlilik-ilkesi\/#breadcrumb\"},\"inLanguage\":\"tr\",\"potentialAction\":[{\"@type\":\"ReadAction\",\"target\":[\"https:\/\/karlsruhetattoo.com\/gizlilik-ilkesi\/\"]}]},{\"@type\":\"BreadcrumbList\",\"@id\":\"https:\/\/karlsruhetattoo.com\/gizlilik-ilkesi\/#breadcrumb\",\"itemListElement\":[{\"@type\":\"ListItem\",\"position\":1,\"name\":\"Anasayfa\",\"item\":\"https:\/\/karlsruhetattoo.com\/\"},{\"@type\":\"ListItem\",\"position\":2,\"name\":\"Datenschutzerkl\u00e4rung\"}]},{\"@type\":\"WebSite\",\"@id\":\"https:\/\/karlsruhetattoo.com\/#website\",\"url\":\"https:\/\/karlsruhetattoo.com\/\",\"name\":\"Art Gallery Karlsruhe - Karlsruhe Tattoo\",\"description\":\"Art Gallery Karlsruhe  - Karlsruhe Tattoo\",\"potentialAction\":[{\"@type\":\"SearchAction\",\"target\":{\"@type\":\"EntryPoint\",\"urlTemplate\":\"https:\/\/karlsruhetattoo.com\/?s={search_term_string}\"},\"query-input\":{\"@type\":\"PropertyValueSpecification\",\"valueRequired\":true,\"valueName\":\"search_term_string\"}}],\"inLanguage\":\"tr\"}]}<\/script>\n<!-- \/ Yoast SEO plugin. -->","yoast_head_json":{"title":"Datenschutzerkl\u00e4rung - Art Gallery Karlsruhe - Karlsruhe Tattoo","robots":{"index":"index","follow":"follow","max-snippet":"max-snippet:-1","max-image-preview":"max-image-preview:large","max-video-preview":"max-video-preview:-1"},"canonical":"https:\/\/karlsruhetattoo.com\/tr\/gizlilik-ilkesi\/","og_locale":"tr_TR","og_type":"article","og_title":"Datenschutzerkl\u00e4rung - Art Gallery Karlsruhe - Karlsruhe Tattoo","og_description":"Datenschutzerkl\u00e4rung Diese Datenschutzerkl\u00e4rung erl\u00e4utert die Grunds\u00e4tze f\u00fcr die Erhebung, Nutzung, Speicherung und den Schutz personenbezogener Daten von Nutzern, die unsere Website besuchen.Durch die Nutzung unserer Website akzeptieren Sie die in dieser Erkl\u00e4rung genannten Bedingungen. 1. Erhobene Daten \u00dcber unsere Website k\u00f6nnen folgende Arten von Daten erhoben werden: Pers\u00f6nliche Daten wie Name, Vorname, E-Mail-Adresse, Telefonnummer (bei [&hellip;]","og_url":"https:\/\/karlsruhetattoo.com\/tr\/gizlilik-ilkesi\/","og_site_name":"Art Gallery Karlsruhe - Karlsruhe Tattoo","article_modified_time":"2025-08-11T00:20:06+00:00","og_image":[{"width":1024,"height":1024,"url":"https:\/\/karlsruhetattoo.com\/wp-content\/uploads\/2025\/08\/Adsiz-tasarim-1-1.png","type":"image\/png"}],"twitter_card":"summary_large_image","twitter_misc":{"Tahmini okuma s\u00fcresi":"2 dakika"},"schema":{"@context":"https:\/\/schema.org","@graph":[{"@type":"WebPage","@id":"https:\/\/karlsruhetattoo.com\/gizlilik-ilkesi\/","url":"https:\/\/karlsruhetattoo.com\/gizlilik-ilkesi\/","name":"Datenschutzerkl\u00e4rung - Art Gallery Karlsruhe - Karlsruhe Tattoo","isPartOf":{"@id":"https:\/\/karlsruhetattoo.com\/#website"},"datePublished":"2025-08-09T22:59:43+00:00","dateModified":"2025-08-11T00:20:06+00:00","breadcrumb":{"@id":"https:\/\/karlsruhetattoo.com\/gizlilik-ilkesi\/#breadcrumb"},"inLanguage":"tr","potentialAction":[{"@type":"ReadAction","target":["https:\/\/karlsruhetattoo.com\/gizlilik-ilkesi\/"]}]},{"@type":"BreadcrumbList","@id":"https:\/\/karlsruhetattoo.com\/gizlilik-ilkesi\/#breadcrumb","itemListElement":[{"@type":"ListItem","position":1,"name":"Anasayfa","item":"https:\/\/karlsruhetattoo.com\/"},{"@type":"ListItem","position":2,"name":"Datenschutzerkl\u00e4rung"}]},{"@type":"WebSite","@id":"https:\/\/karlsruhetattoo.com\/#website","url":"https:\/\/karlsruhetattoo.com\/","name":"Art Gallery Karlsruhe - Karlsruhe Tattoo","description":"Art Gallery Karlsruhe  - Karlsruhe Tattoo","potentialAction":[{"@type":"SearchAction","target":{"@type":"EntryPoint","urlTemplate":"https:\/\/karlsruhetattoo.com\/?s={search_term_string}"},"query-input":{"@type":"PropertyValueSpecification","valueRequired":true,"valueName":"search_term_string"}}],"inLanguage":"tr"}]}},"_links":{"self":[{"href":"https:\/\/karlsruhetattoo.com\/tr\/wp-json\/wp\/v2\/pages\/435","targetHints":{"allow":["GET"]}}],"collection":[{"href":"https:\/\/karlsruhetattoo.com\/tr\/wp-json\/wp\/v2\/pages"}],"about":[{"href":"https:\/\/karlsruhetattoo.com\/tr\/wp-json\/wp\/v2\/types\/page"}],"author":[{"embeddable":true,"href":"https:\/\/karlsruhetattoo.com\/tr\/wp-json\/wp\/v2\/users\/1"}],"replies":[{"embeddable":true,"href":"https:\/\/karlsruhetattoo.com\/tr\/wp-json\/wp\/v2\/comments?post=435"}],"version-history":[{"count":17,"href":"https:\/\/karlsruhetattoo.com\/tr\/wp-json\/wp\/v2\/pages\/435\/revisions"}],"predecessor-version":[{"id":1013,"href":"https:\/\/karlsruhetattoo.com\/tr\/wp-json\/wp\/v2\/pages\/435\/revisions\/1013"}],"wp:attachment":[{"href":"https:\/\/karlsruhetattoo.com\/tr\/wp-json\/wp\/v2\/media?parent=435"}],"curies":[{"name":"wp","href":"https:\/\/api.w.org\/{rel}","templated":true}]}}