{"id":431,"date":"2025-08-10T01:56:04","date_gmt":"2025-08-09T22:56:04","guid":{"rendered":"https:\/\/karlsruhetattoo.com\/?page_id=431"},"modified":"2025-10-21T00:37:54","modified_gmt":"2025-10-20T21:37:54","slug":"hakkimizda","status":"publish","type":"page","link":"https:\/\/karlsruhetattoo.com\/tr\/hakkimizda\/","title":{"rendered":"Hakk\u0131m\u0131zda"},"content":{"rendered":"<div data-elementor-type=\"wp-page\" data-elementor-id=\"431\" class=\"elementor elementor-431\">\n\t\t\t\t<div class=\"elementor-element elementor-element-b11bf9e e-flex e-con-boxed e-con e-parent\" data-id=\"b11bf9e\" data-element_type=\"container\" data-settings=\"{&quot;background_background&quot;:&quot;classic&quot;,&quot;jet_parallax_layout_list&quot;:[]}\">\n\t\t\t\t\t<div class=\"e-con-inner\">\n\t\t<div class=\"elementor-element elementor-element-58e35d7 e-con-full e-flex e-con e-child\" data-id=\"58e35d7\" data-element_type=\"container\" data-settings=\"{&quot;jet_parallax_layout_list&quot;:[]}\">\n\t\t\t\t<div class=\"elementor-element elementor-element-a1c2924 elementor-widget elementor-widget-heading\" data-id=\"a1c2924\" data-element_type=\"widget\" data-widget_type=\"heading.default\">\n\t\t\t\t\t<h2 class=\"elementor-heading-title elementor-size-default\">Hakk\u0131m\u0131zda<\/h2>\t\t\t\t<\/div>\n\t\t\t\t<\/div>\n\t\t\t\t\t<\/div>\n\t\t\t\t<\/div>\n\t\t<div class=\"elementor-element elementor-element-46a2506 e-flex e-con-boxed elementor-invisible e-con e-parent\" data-id=\"46a2506\" data-element_type=\"container\" data-settings=\"{&quot;jet_parallax_layout_list&quot;:[],&quot;animation&quot;:&quot;fadeInUp&quot;,&quot;background_background&quot;:&quot;classic&quot;}\">\n\t\t\t\t\t<div class=\"e-con-inner\">\n\t\t<div class=\"elementor-element elementor-element-5c4417e e-con-full e-flex e-con e-child\" data-id=\"5c4417e\" data-element_type=\"container\" data-settings=\"{&quot;jet_parallax_layout_list&quot;:[]}\">\n\t\t\t\t<div class=\"elementor-element elementor-element-e35159f elementor-widget elementor-widget-heading\" data-id=\"e35159f\" data-element_type=\"widget\" data-widget_type=\"heading.default\">\n\t\t\t\t\t<h2 class=\"elementor-heading-title elementor-size-default\">Hakk\u0131m\u0131zda<\/h2>\t\t\t\t<\/div>\n\t\t\t\t<div class=\"elementor-element elementor-element-3813f90 elementor-widget elementor-widget-text-editor\" data-id=\"3813f90\" data-element_type=\"widget\" data-widget_type=\"text-editor.default\">\n\t\t\t\t\t\t\t\t\t<p data-start=\"433\" data-end=\"807\">\u0130\u00e7inde <strong data-start=\"346\" data-end=\"370\">Karlsruhe&#039;nin kalbi<\/strong> i\u00e7inde <strong data-start=\"378\" data-end=\"403\">Kaiserpassage (76133)<\/strong> birle\u015fik <strong data-start=\"412\" data-end=\"456\">Karlsruhe Sanat Galerisi \u2013 Karlsruhe D\u00f6vmesi<\/strong> Modern st\u00fcdyo hijyeniyle sanatsal hassasiyeti bir araya getiriyoruz. <strong data-start=\"516\" data-end=\"545\">Karlsruhe&#039;deki d\u00f6vme st\u00fcdyosu<\/strong> bireysel dan\u0131\u015fmanl\u0131k, h\u0131zl\u0131 randevu planlama ve profesyonel uygulama anlam\u0131na gelir - <strong data-start=\"637\" data-end=\"657\">\u0130nce \u00c7izgi D\u00f6vmeleri<\/strong> \u00fcst\u00fcnde <strong data-start=\"663\" data-end=\"676\">ger\u00e7ek\u00e7ilik<\/strong> kadar <strong data-start=\"688\" data-end=\"700\">\u00d6rtmek<\/strong> projeler. Talep \u00fczerine ayr\u0131ca \u015funlar\u0131 da sunuyoruz: <strong data-start=\"739\" data-end=\"764\">Karlsruhe&#039;de piercing<\/strong> ile.<br data-start=\"768\" data-end=\"771\" \/>Tasar\u0131m\u0131n\u0131z\u0131, yerle\u015fimini ve boyutunu birlikte planlamak i\u00e7in zaman ay\u0131r\u0131yoruz, b\u00f6ylece d\u00f6vmeniz sadece bug\u00fcn de\u011fil, yar\u0131n da g\u00f6z al\u0131c\u0131 olsun. Y\u00fcksek kaliteli, sertifikal\u0131 malzemeler, steril tek kullan\u0131ml\u0131k i\u011fneler ve net bak\u0131m talimatlar\u0131yla \u00e7al\u0131\u015f\u0131yoruz.<br data-start=\"1037\" data-end=\"1040\" \/>Sanat\u00e7\u0131lar\u0131m\u0131z uluslararas\u0131 deneyime sahip olup, zanaatkarl\u0131\u011f\u0131, stili ve cilt anlay\u0131\u015f\u0131n\u0131 bir araya getiriyor. \u0130ster k\u00fc\u00e7\u00fck <strong data-start=\"1158\" data-end=\"1176\">Walk-in D\u00f6vme<\/strong> \u0130ster \u00e7ok par\u00e7al\u0131 \u00f6zel bir proje olsun, sizi dinliyor, \u015feffaf bir \u015fekilde tavsiyelerde bulunuyor ve temiz \u00e7izgiler, zengin siyahlar ve uyumlu tonlar sunuyoruz. B\u00f6ylece tam size g\u00f6re, hassas, dayan\u0131kl\u0131 ve \u00f6zg\u00fcn sanat eserleri yarat\u0131yoruz. <strong data-start=\"1393\" data-end=\"1414\">Karlsruhe&#039;de \u00fcretildi<\/strong>.<\/p>\t\t\t\t\t\t\t\t<\/div>\n\t\t\t\t<\/div>\n\t\t<div class=\"elementor-element elementor-element-293968d e-con-full e-flex e-con e-child\" data-id=\"293968d\" data-element_type=\"container\" data-settings=\"{&quot;jet_parallax_layout_list&quot;:[]}\">\n\t\t\t\t<div class=\"elementor-element elementor-element-77ddcc4 elementor-widget elementor-widget-image\" data-id=\"77ddcc4\" data-element_type=\"widget\" data-widget_type=\"image.default\">\n\t\t\t\t\t\t\t\t\t\t\t\t\t\t\t<img fetchpriority=\"high\" decoding=\"async\" width=\"765\" height=\"535\" src=\"https:\/\/karlsruhetattoo.com\/wp-content\/uploads\/2025\/10\/5.jpg\" class=\"attachment-large size-large wp-image-1067\" alt=\"\" srcset=\"https:\/\/karlsruhetattoo.com\/wp-content\/uploads\/2025\/10\/5.jpg 765w, https:\/\/karlsruhetattoo.com\/wp-content\/uploads\/2025\/10\/5-300x210.jpg 300w, https:\/\/karlsruhetattoo.com\/wp-content\/uploads\/2025\/10\/5-18x12.jpg 18w\" sizes=\"(max-width: 765px) 100vw, 765px\" \/>\t\t\t\t\t\t\t\t\t\t\t\t\t\t\t<\/div>\n\t\t\t\t<\/div>\n\t\t\t\t\t<\/div>\n\t\t\t\t<\/div>\n\t\t<div class=\"elementor-element elementor-element-bd77be3 e-flex e-con-boxed elementor-invisible e-con e-parent\" data-id=\"bd77be3\" data-element_type=\"container\" data-settings=\"{&quot;background_background&quot;:&quot;classic&quot;,&quot;jet_parallax_layout_list&quot;:[],&quot;animation&quot;:&quot;fadeInUp&quot;}\">\n\t\t\t\t\t<div class=\"e-con-inner\">\n\t\t<div class=\"elementor-element elementor-element-76513e5 e-con-full e-flex e-con e-child\" data-id=\"76513e5\" data-element_type=\"container\" data-settings=\"{&quot;jet_parallax_layout_list&quot;:[]}\">\n\t\t\t\t<div class=\"elementor-element elementor-element-3c9f1de elementor-widget elementor-widget-heading\" data-id=\"3c9f1de\" data-element_type=\"widget\" data-widget_type=\"heading.default\">\n\t\t\t\t\t<h2 class=\"elementor-heading-title elementor-size-default\">Misyonumuz<\/h2>\t\t\t\t<\/div>\n\t\t\t\t<div class=\"elementor-element elementor-element-19262aa elementor-widget elementor-widget-text-editor\" data-id=\"19262aa\" data-element_type=\"widget\" data-widget_type=\"text-editor.default\">\n\t\t\t\t\t\t\t\t\t<p data-start=\"208\" data-end=\"893\">Misyonumuz <strong data-start=\"1875\" data-end=\"1911\">Karlsruhe&#039;de y\u00fcksek kaliteli d\u00f6vmeler<\/strong> Eri\u015filebilir, anla\u015f\u0131l\u0131r ve s\u00fcrd\u00fcr\u00fclebilir. \u0130lk fikirden bitmi\u015f i\u015fe kadar sizi yap\u0131land\u0131r\u0131lm\u0131\u015f bir \u015fekilde y\u00f6nlendiriyoruz: d\u00fcr\u00fcst tavsiyeler, ger\u00e7ek\u00e7i zaman ve maliyet planlar\u0131 ve iyile\u015fme ve bak\u0131ma dair net beklentilerle.<br data-start=\"2145\" data-end=\"2148\" \/>Gibi <strong data-start=\"2152\" data-end=\"2178\">D\u00f6vme st\u00fcdyosu Karlsruhe<\/strong> biz savunuyoruz <strong data-start=\"2194\" data-end=\"2208\">M\u00fc\u015fteri yak\u0131nl\u0131\u011f\u0131<\/strong>, <strong data-start=\"2210\" data-end=\"2224\">G\u00fcvenlik<\/strong> Ve <strong data-start=\"2229\" data-end=\"2244\">yarat\u0131c\u0131l\u0131k<\/strong>V\u00fccudunuza sayg\u0131 duyan ve ki\u015fili\u011finizi vurgulayan tasar\u0131mlar geli\u015ftiriyoruz; ister narin ister <strong data-start=\"2357\" data-end=\"2376\">\u0130nce \u00c7izgi D\u00f6vmesi<\/strong>, daha ger\u00e7ek\u00e7i <strong data-start=\"2391\" data-end=\"2404\">ger\u00e7ek\u00e7ilik<\/strong> veya iyi d\u00fc\u015f\u00fcn\u00fclm\u00fc\u015f <strong data-start=\"2423\" data-end=\"2435\">\u00d6rtmek<\/strong>Sorumlu davran\u0131r\u0131z: Sadece profesyonel ve etik olarak destekledi\u011fimiz projeleri destekleriz ve uzun vadede bir \u015feyin mant\u0131kl\u0131 olmamas\u0131 durumunda alternatifler \u00f6neririz.<\/p>\t\t\t\t\t\t\t\t<\/div>\n\t\t\t\t<\/div>\n\t\t<div class=\"elementor-element elementor-element-55dc914 e-con-full e-flex e-con e-child\" data-id=\"55dc914\" data-element_type=\"container\" data-settings=\"{&quot;jet_parallax_layout_list&quot;:[]}\">\n\t\t\t\t<div class=\"elementor-element elementor-element-fd6db5a elementor-widget elementor-widget-heading\" data-id=\"fd6db5a\" data-element_type=\"widget\" data-widget_type=\"heading.default\">\n\t\t\t\t\t<h2 class=\"elementor-heading-title elementor-size-default\">Vizyonumuz<\/h2>\t\t\t\t<\/div>\n\t\t\t\t<div class=\"elementor-element elementor-element-7c168ba elementor-widget elementor-widget-text-editor\" data-id=\"7c168ba\" data-element_type=\"widget\" data-widget_type=\"text-editor.default\">\n\t\t\t\t\t\t\t\t\t<p data-start=\"1512\" data-end=\"2174\">\u0130lk adres olmak istiyoruz <strong data-start=\"2671\" data-end=\"2705\">Karlsruhe&#039;de D\u00f6vme ve Piercing<\/strong> \u2013 Sanatsal kaliteyi, t\u0131bbi a\u00e7\u0131dan temiz s\u00fcre\u00e7leri ve s\u0131cak bak\u0131m\u0131 bir araya getiren bir st\u00fcdyo. Vizyonumuz, standartlar\u0131 belirleyen bir st\u00fcdyo: <strong data-start=\"2871\" data-end=\"2882\">hijyen<\/strong>, <strong data-start=\"2884\" data-end=\"2902\">Tavsiyenin derinli\u011fi<\/strong> Ve <strong data-start=\"2907\" data-end=\"2919\">El sanatlar\u0131<\/strong>.<br data-start=\"2920\" data-end=\"2923\" \/>M\u00fc\u015fterilerimizin kendilerini rahat hissettikleri, tekrar gelmekten mutluluk duyduklar\u0131 ve bizi ba\u015fkalar\u0131na tavsiye ettikleri bir topluluk olu\u015fturuyoruz. Sergiler, konuk sanat\u00e7\u0131lar ve bilgi al\u0131\u015fveri\u015fi arac\u0131l\u0131\u011f\u0131yla, <strong data-start=\"3107\" data-end=\"3137\">Karlsruhe&#039;deki d\u00f6vme k\u00fclt\u00fcr\u00fc<\/strong> g\u00f6r\u00fcn\u00fcr k\u0131lmak \u2013 \u00e7e\u015fitli, sayg\u0131l\u0131 ve ilham verici.<\/p>\t\t\t\t\t\t\t\t<\/div>\n\t\t\t\t<\/div>\n\t\t<div class=\"elementor-element elementor-element-362a752 e-con-full e-flex e-con e-child\" data-id=\"362a752\" data-element_type=\"container\" data-settings=\"{&quot;jet_parallax_layout_list&quot;:[]}\">\n\t\t\t\t<div class=\"elementor-element elementor-element-53a4b91 elementor-widget elementor-widget-heading\" data-id=\"53a4b91\" data-element_type=\"widget\" data-widget_type=\"heading.default\">\n\t\t\t\t\t<h2 class=\"elementor-heading-title elementor-size-default\">Bizim i\u015fimiz<\/h2>\t\t\t\t<\/div>\n\t\t\t\t<div class=\"elementor-element elementor-element-1e641ef elementor-widget elementor-widget-text-editor\" data-id=\"1e641ef\" data-element_type=\"widget\" data-widget_type=\"text-editor.default\">\n\t\t\t\t\t\t\t\t\t<p data-start=\"3219\" data-end=\"3415\"><strong data-start=\"3219\" data-end=\"3246\">1) Hijyen ve G\u00fcvenlik<\/strong><br data-start=\"3246\" data-end=\"3249\" \/>Steril tek kullan\u0131ml\u0131k malzemeler, test edilmi\u015f m\u00fcrekkepler ve belgelenmi\u015f s\u00fcre\u00e7ler vazge\u00e7ilmezimizdir. \u0130\u015flem \u00f6ncesinde, s\u0131ras\u0131nda ve sonras\u0131nda cildinizin sa\u011fl\u0131\u011f\u0131 bizim \u00f6nceli\u011fimizdir.<\/p><p data-start=\"3417\" data-end=\"3602\"><strong data-start=\"3417\" data-end=\"3441\">2) D\u00fcr\u00fcst tavsiye<\/strong><br data-start=\"3441\" data-end=\"3444\" \/>Size neyin m\u00fcmk\u00fcn oldu\u011funu ve neyin m\u00fcmk\u00fcn olmad\u0131\u011f\u0131n\u0131 s\u00f6yl\u00fcyoruz. Kapsam\u0131, cilt dokusunu, yerle\u015fimini ve boyutunu \u015feffaf bir \u015fekilde a\u00e7\u0131kl\u0131yoruz. B\u00f6ylece bilin\u00e7li kararlar verebilirsiniz.<\/p><p data-start=\"3604\" data-end=\"3787\"><strong data-start=\"3604\" data-end=\"3631\">3) \u0130\u015f\u00e7ilik ve stil sadakati<\/strong><br data-start=\"3631\" data-end=\"3634\" \/>\u0130kisinden biri <strong data-start=\"3637\" data-end=\"3653\">Siyah ve Gri<\/strong>, <strong data-start=\"3655\" data-end=\"3667\">\u0130nce \u00e7izgi<\/strong> veya <strong data-start=\"3673\" data-end=\"3686\">ger\u00e7ek\u00e7ilik<\/strong>:Temiz \u00e7izgilere, uyumlu kontrastlara ve uzun \u00f6m\u00fcrl\u00fc tasar\u0131mlara dikkat ederek titizlikle \u00e7al\u0131\u015f\u0131yoruz.<\/p><p data-start=\"3789\" data-end=\"3949\"><strong data-start=\"3789\" data-end=\"3810\">4) Bireysellik<\/strong><br data-start=\"3810\" data-end=\"3813\" \/>Kopyala-yap\u0131\u015ft\u0131r yok. Her tasar\u0131m v\u00fccudunuza ve g\u00fcnl\u00fck hayat\u0131n\u0131za g\u00f6re \u00f6zel olarak tasarlan\u0131yor. <strong data-start=\"3895\" data-end=\"3907\">\u00d6rtmek<\/strong>-Projelerimizi \u00f6zellikle dikkatli planl\u0131yoruz.<\/p>\t\t\t\t\t\t\t\t<\/div>\n\t\t\t\t<\/div>\n\t\t\t\t\t<\/div>\n\t\t\t\t<\/div>\n\t\t\t\t<\/div>","protected":false},"excerpt":{"rendered":"<p>\u00dcber Uns \u00dcber Uns Im Herzen von Karlsruhe in der Kaiserpassage (76133) vereint Art Gallery Karlsruhe \u2013 Karlsruhe Tattoo k\u00fcnstlerische Pr\u00e4zision mit moderner Studio-Hygiene. Unser Tattoostudio in Karlsruhe steht f\u00fcr individuelle Beratung, schnelle Terminvergabe und professionelle Umsetzung \u2013 von Fineline Tattoos \u00fcber Realismus bis hin zu Cover-Up Projekten. Auf Wunsch bieten wir auch Piercing in [&hellip;]<\/p>","protected":false},"author":1,"featured_media":0,"parent":0,"menu_order":0,"comment_status":"closed","ping_status":"closed","template":"elementor_header_footer","meta":{"_acf_changed":false,"footnotes":""},"class_list":["post-431","page","type-page","status-publish","hentry"],"acf":[],"yoast_head":"<!-- This site is optimized with the Yoast SEO plugin v25.6 - https:\/\/yoast.com\/wordpress\/plugins\/seo\/ -->\n<title>\u00dcber Uns - Art Gallery Karlsruhe - Karlsruhe Tattoo<\/title>\n<meta name=\"robots\" content=\"index, follow, max-snippet:-1, max-image-preview:large, max-video-preview:-1\" \/>\n<link rel=\"canonical\" href=\"https:\/\/karlsruhetattoo.com\/tr\/hakkimizda\/\" \/>\n<meta property=\"og:locale\" content=\"tr_TR\" \/>\n<meta property=\"og:type\" content=\"article\" \/>\n<meta property=\"og:title\" content=\"\u00dcber Uns - Art Gallery Karlsruhe - Karlsruhe Tattoo\" \/>\n<meta property=\"og:description\" content=\"\u00dcber Uns \u00dcber Uns Im Herzen von Karlsruhe in der Kaiserpassage (76133) vereint Art Gallery Karlsruhe \u2013 Karlsruhe Tattoo k\u00fcnstlerische Pr\u00e4zision mit moderner Studio-Hygiene. Unser Tattoostudio in Karlsruhe steht f\u00fcr individuelle Beratung, schnelle Terminvergabe und professionelle Umsetzung \u2013 von Fineline Tattoos \u00fcber Realismus bis hin zu Cover-Up Projekten. Auf Wunsch bieten wir auch Piercing in [&hellip;]\" \/>\n<meta property=\"og:url\" content=\"https:\/\/karlsruhetattoo.com\/tr\/hakkimizda\/\" \/>\n<meta property=\"og:site_name\" content=\"Art Gallery Karlsruhe - Karlsruhe Tattoo\" \/>\n<meta property=\"article:modified_time\" content=\"2025-10-20T21:37:54+00:00\" \/>\n<meta property=\"og:image\" content=\"https:\/\/karlsruhetattoo.com\/wp-content\/uploads\/2025\/08\/Adsiz-tasarim-1-1.png\" \/>\n\t<meta property=\"og:image:width\" content=\"1024\" \/>\n\t<meta property=\"og:image:height\" content=\"1024\" \/>\n\t<meta property=\"og:image:type\" content=\"image\/png\" \/>\n<meta name=\"twitter:card\" content=\"summary_large_image\" \/>\n<meta name=\"twitter:label1\" content=\"Tahmini okuma s\u00fcresi\" \/>\n\t<meta name=\"twitter:data1\" content=\"3 dakika\" \/>\n<script type=\"application\/ld+json\" class=\"yoast-schema-graph\">{\"@context\":\"https:\/\/schema.org\",\"@graph\":[{\"@type\":\"WebPage\",\"@id\":\"https:\/\/karlsruhetattoo.com\/hakkimizda\/\",\"url\":\"https:\/\/karlsruhetattoo.com\/hakkimizda\/\",\"name\":\"\u00dcber Uns - Art Gallery Karlsruhe - Karlsruhe Tattoo\",\"isPartOf\":{\"@id\":\"https:\/\/karlsruhetattoo.com\/#website\"},\"primaryImageOfPage\":{\"@id\":\"https:\/\/karlsruhetattoo.com\/hakkimizda\/#primaryimage\"},\"image\":{\"@id\":\"https:\/\/karlsruhetattoo.com\/hakkimizda\/#primaryimage\"},\"thumbnailUrl\":\"https:\/\/karlsruhetattoo.com\/wp-content\/uploads\/2025\/10\/5.jpg\",\"datePublished\":\"2025-08-09T22:56:04+00:00\",\"dateModified\":\"2025-10-20T21:37:54+00:00\",\"breadcrumb\":{\"@id\":\"https:\/\/karlsruhetattoo.com\/hakkimizda\/#breadcrumb\"},\"inLanguage\":\"tr\",\"potentialAction\":[{\"@type\":\"ReadAction\",\"target\":[\"https:\/\/karlsruhetattoo.com\/hakkimizda\/\"]}]},{\"@type\":\"ImageObject\",\"inLanguage\":\"tr\",\"@id\":\"https:\/\/karlsruhetattoo.com\/hakkimizda\/#primaryimage\",\"url\":\"https:\/\/karlsruhetattoo.com\/wp-content\/uploads\/2025\/10\/5.jpg\",\"contentUrl\":\"https:\/\/karlsruhetattoo.com\/wp-content\/uploads\/2025\/10\/5.jpg\"},{\"@type\":\"BreadcrumbList\",\"@id\":\"https:\/\/karlsruhetattoo.com\/hakkimizda\/#breadcrumb\",\"itemListElement\":[{\"@type\":\"ListItem\",\"position\":1,\"name\":\"Anasayfa\",\"item\":\"https:\/\/karlsruhetattoo.com\/\"},{\"@type\":\"ListItem\",\"position\":2,\"name\":\"\u00dcber Uns\"}]},{\"@type\":\"WebSite\",\"@id\":\"https:\/\/karlsruhetattoo.com\/#website\",\"url\":\"https:\/\/karlsruhetattoo.com\/\",\"name\":\"Art Gallery Karlsruhe - Karlsruhe Tattoo\",\"description\":\"Art Gallery Karlsruhe  - Karlsruhe Tattoo\",\"potentialAction\":[{\"@type\":\"SearchAction\",\"target\":{\"@type\":\"EntryPoint\",\"urlTemplate\":\"https:\/\/karlsruhetattoo.com\/?s={search_term_string}\"},\"query-input\":{\"@type\":\"PropertyValueSpecification\",\"valueRequired\":true,\"valueName\":\"search_term_string\"}}],\"inLanguage\":\"tr\"}]}<\/script>\n<!-- \/ Yoast SEO plugin. -->","yoast_head_json":{"title":"\u00dcber Uns - Art Gallery Karlsruhe - Karlsruhe Tattoo","robots":{"index":"index","follow":"follow","max-snippet":"max-snippet:-1","max-image-preview":"max-image-preview:large","max-video-preview":"max-video-preview:-1"},"canonical":"https:\/\/karlsruhetattoo.com\/tr\/hakkimizda\/","og_locale":"tr_TR","og_type":"article","og_title":"\u00dcber Uns - Art Gallery Karlsruhe - Karlsruhe Tattoo","og_description":"\u00dcber Uns \u00dcber Uns Im Herzen von Karlsruhe in der Kaiserpassage (76133) vereint Art Gallery Karlsruhe \u2013 Karlsruhe Tattoo k\u00fcnstlerische Pr\u00e4zision mit moderner Studio-Hygiene. Unser Tattoostudio in Karlsruhe steht f\u00fcr individuelle Beratung, schnelle Terminvergabe und professionelle Umsetzung \u2013 von Fineline Tattoos \u00fcber Realismus bis hin zu Cover-Up Projekten. Auf Wunsch bieten wir auch Piercing in [&hellip;]","og_url":"https:\/\/karlsruhetattoo.com\/tr\/hakkimizda\/","og_site_name":"Art Gallery Karlsruhe - Karlsruhe Tattoo","article_modified_time":"2025-10-20T21:37:54+00:00","og_image":[{"width":1024,"height":1024,"url":"https:\/\/karlsruhetattoo.com\/wp-content\/uploads\/2025\/08\/Adsiz-tasarim-1-1.png","type":"image\/png"}],"twitter_card":"summary_large_image","twitter_misc":{"Tahmini okuma s\u00fcresi":"3 dakika"},"schema":{"@context":"https:\/\/schema.org","@graph":[{"@type":"WebPage","@id":"https:\/\/karlsruhetattoo.com\/hakkimizda\/","url":"https:\/\/karlsruhetattoo.com\/hakkimizda\/","name":"\u00dcber Uns - Art Gallery Karlsruhe - Karlsruhe Tattoo","isPartOf":{"@id":"https:\/\/karlsruhetattoo.com\/#website"},"primaryImageOfPage":{"@id":"https:\/\/karlsruhetattoo.com\/hakkimizda\/#primaryimage"},"image":{"@id":"https:\/\/karlsruhetattoo.com\/hakkimizda\/#primaryimage"},"thumbnailUrl":"https:\/\/karlsruhetattoo.com\/wp-content\/uploads\/2025\/10\/5.jpg","datePublished":"2025-08-09T22:56:04+00:00","dateModified":"2025-10-20T21:37:54+00:00","breadcrumb":{"@id":"https:\/\/karlsruhetattoo.com\/hakkimizda\/#breadcrumb"},"inLanguage":"tr","potentialAction":[{"@type":"ReadAction","target":["https:\/\/karlsruhetattoo.com\/hakkimizda\/"]}]},{"@type":"ImageObject","inLanguage":"tr","@id":"https:\/\/karlsruhetattoo.com\/hakkimizda\/#primaryimage","url":"https:\/\/karlsruhetattoo.com\/wp-content\/uploads\/2025\/10\/5.jpg","contentUrl":"https:\/\/karlsruhetattoo.com\/wp-content\/uploads\/2025\/10\/5.jpg"},{"@type":"BreadcrumbList","@id":"https:\/\/karlsruhetattoo.com\/hakkimizda\/#breadcrumb","itemListElement":[{"@type":"ListItem","position":1,"name":"Anasayfa","item":"https:\/\/karlsruhetattoo.com\/"},{"@type":"ListItem","position":2,"name":"\u00dcber Uns"}]},{"@type":"WebSite","@id":"https:\/\/karlsruhetattoo.com\/#website","url":"https:\/\/karlsruhetattoo.com\/","name":"Art Gallery Karlsruhe - Karlsruhe Tattoo","description":"Art Gallery Karlsruhe  - Karlsruhe Tattoo","potentialAction":[{"@type":"SearchAction","target":{"@type":"EntryPoint","urlTemplate":"https:\/\/karlsruhetattoo.com\/?s={search_term_string}"},"query-input":{"@type":"PropertyValueSpecification","valueRequired":true,"valueName":"search_term_string"}}],"inLanguage":"tr"}]}},"_links":{"self":[{"href":"https:\/\/karlsruhetattoo.com\/tr\/wp-json\/wp\/v2\/pages\/431","targetHints":{"allow":["GET"]}}],"collection":[{"href":"https:\/\/karlsruhetattoo.com\/tr\/wp-json\/wp\/v2\/pages"}],"about":[{"href":"https:\/\/karlsruhetattoo.com\/tr\/wp-json\/wp\/v2\/types\/page"}],"author":[{"embeddable":true,"href":"https:\/\/karlsruhetattoo.com\/tr\/wp-json\/wp\/v2\/users\/1"}],"replies":[{"embeddable":true,"href":"https:\/\/karlsruhetattoo.com\/tr\/wp-json\/wp\/v2\/comments?post=431"}],"version-history":[{"count":17,"href":"https:\/\/karlsruhetattoo.com\/tr\/wp-json\/wp\/v2\/pages\/431\/revisions"}],"predecessor-version":[{"id":1071,"href":"https:\/\/karlsruhetattoo.com\/tr\/wp-json\/wp\/v2\/pages\/431\/revisions\/1071"}],"wp:attachment":[{"href":"https:\/\/karlsruhetattoo.com\/tr\/wp-json\/wp\/v2\/media?parent=431"}],"curies":[{"name":"wp","href":"https:\/\/api.w.org\/{rel}","templated":true}]}}