{"id":105,"date":"2020-06-24T07:16:32","date_gmt":"2020-06-24T07:16:32","guid":{"rendered":"https:\/\/jupiterx.artbees.net\/accountant\/?page_id=105"},"modified":"2025-10-21T01:20:07","modified_gmt":"2025-10-20T22:20:07","slug":"blog","status":"publish","type":"page","link":"https:\/\/karlsruhetattoo.com\/tr\/blog\/","title":{"rendered":"Blog"},"content":{"rendered":"<div data-elementor-type=\"wp-page\" data-elementor-id=\"105\" class=\"elementor elementor-105\">\n\t\t\t\t<div class=\"elementor-element elementor-element-46e47c9 e-flex e-con-boxed e-con e-parent\" data-id=\"46e47c9\" data-element_type=\"container\" data-settings=\"{&quot;background_background&quot;:&quot;classic&quot;,&quot;jet_parallax_layout_list&quot;:[]}\">\n\t\t\t\t\t<div class=\"e-con-inner\">\n\t\t<div class=\"elementor-element elementor-element-d42e452 e-con-full e-flex e-con e-child\" data-id=\"d42e452\" data-element_type=\"container\" data-settings=\"{&quot;jet_parallax_layout_list&quot;:[]}\">\n\t\t\t\t<div class=\"elementor-element elementor-element-bcf2c65 elementor-widget elementor-widget-heading\" data-id=\"bcf2c65\" data-element_type=\"widget\" data-widget_type=\"heading.default\">\n\t\t\t\t\t<h2 class=\"elementor-heading-title elementor-size-default\">D\u00f6vme ve Piercing Dergisi<\/h2>\t\t\t\t<\/div>\n\t\t\t\t<\/div>\n\t\t\t\t\t<\/div>\n\t\t\t\t<\/div>\n\t\t<div class=\"elementor-element elementor-element-0ac5560 e-flex e-con-boxed elementor-invisible e-con e-parent\" data-id=\"0ac5560\" data-element_type=\"container\" data-settings=\"{&quot;background_background&quot;:&quot;classic&quot;,&quot;jet_parallax_layout_list&quot;:[],&quot;animation&quot;:&quot;fadeInUp&quot;}\">\n\t\t\t\t\t<div class=\"e-con-inner\">\n\t\t<div class=\"elementor-element elementor-element-40fee4a e-con-full e-flex e-con e-child\" data-id=\"40fee4a\" data-element_type=\"container\" data-settings=\"{&quot;jet_parallax_layout_list&quot;:[]}\">\n\t\t\t\t<div class=\"elementor-element elementor-element-861f139 elementor-widget elementor-widget-heading\" data-id=\"861f139\" data-element_type=\"widget\" data-widget_type=\"heading.default\">\n\t\t\t\t\t<h2 class=\"elementor-heading-title elementor-size-default\">D\u00f6vme ve Piercing Dergisi<\/h2>\t\t\t\t<\/div>\n\t\t\t\t<\/div>\n\t\t\t\t\t<\/div>\n\t\t\t\t<\/div>\n\t\t<div class=\"elementor-element elementor-element-2cf28e6 e-flex e-con-boxed elementor-invisible e-con e-parent\" data-id=\"2cf28e6\" data-element_type=\"container\" data-settings=\"{&quot;jet_parallax_layout_list&quot;:[],&quot;animation&quot;:&quot;fadeInUp&quot;,&quot;background_background&quot;:&quot;classic&quot;}\">\n\t\t\t\t\t<div class=\"e-con-inner\">\n\t\t<div class=\"elementor-element elementor-element-3d772d1 e-con-full e-flex e-con e-child\" data-id=\"3d772d1\" data-element_type=\"container\" data-settings=\"{&quot;jet_parallax_layout_list&quot;:[]}\">\n\t\t\t\t<div class=\"elementor-element elementor-element-9e9e8b1 raven-hover-grayscale raven-button-align-center elementor-widget elementor-widget-raven-posts-carousel\" data-id=\"9e9e8b1\" data-element_type=\"widget\" data-settings=\"{&quot;classic_slides_view&quot;:&quot;4&quot;,&quot;classic_post_image_hover_effect&quot;:&quot;grayscale&quot;,&quot;_skin&quot;:&quot;classic&quot;,&quot;classic_slides_view_tablet&quot;:&quot;2&quot;,&quot;classic_slides_view_mobile&quot;:&quot;1&quot;,&quot;classic_slides_scroll&quot;:&quot;1&quot;,&quot;classic_slides_scroll_tablet&quot;:&quot;1&quot;,&quot;classic_slides_scroll_mobile&quot;:&quot;1&quot;,&quot;classic_transition_speed&quot;:500,&quot;classic_enable_infinite_loop&quot;:&quot;yes&quot;,&quot;classic_show_arrows&quot;:&quot;yes&quot;,&quot;query_offset&quot;:0,&quot;classic_columns_space_between&quot;:{&quot;unit&quot;:&quot;px&quot;,&quot;size&quot;:30,&quot;sizes&quot;:[]},&quot;classic_columns_space_between_tablet&quot;:{&quot;unit&quot;:&quot;px&quot;,&quot;size&quot;:20,&quot;sizes&quot;:[]},&quot;classic_columns_space_between_mobile&quot;:{&quot;unit&quot;:&quot;px&quot;,&quot;size&quot;:10,&quot;sizes&quot;:[]}}\" data-widget_type=\"raven-posts-carousel.classic\">\n\t\t\t\t<div class=\"elementor-widget-container\">\n\t\t\t\t\t\t\t<div class=\"raven-posts-carousel raven-swiper-slider\">\r\n\t\t\t<div class=\"raven-posts-carousel-swiper-container swiper\">\r\n\t\t\t\t<div class=\"swiper-wrapper swiper-columns-4\" data-swiper='{&quot;rtl&quot;:false}'>\r\n\t\t\r\n\t\t<div class=\"swiper-slide\">\r\n\t\t\t<div class=\"raven-post-wrapper\">\r\n\t\t\t\t<div class=\"raven-post\">\r\n\t\t\t\t\t\t\t<div class=\"raven-post-image-wrap\">\r\n\t\t\t<a class=\"raven-post-image raven-image-fit\"  href=\"https:\/\/karlsruhetattoo.com\/tr\/tattoo-karlsruhe-der-umfassende-leitfaden-fuer-stil-pflege-termin-art-gallery-karlsruhe\/\"><img fetchpriority=\"high\" decoding=\"async\" width=\"1024\" height=\"1024\" src=\"https:\/\/karlsruhetattoo.com\/wp-content\/uploads\/2025\/08\/1-2.png\" class=\"attachment-large size-large wp-image-1021\" alt=\"\" srcset=\"https:\/\/karlsruhetattoo.com\/wp-content\/uploads\/2025\/08\/1-2.png 1024w, https:\/\/karlsruhetattoo.com\/wp-content\/uploads\/2025\/08\/1-2-300x300.png 300w, https:\/\/karlsruhetattoo.com\/wp-content\/uploads\/2025\/08\/1-2-150x150.png 150w, https:\/\/karlsruhetattoo.com\/wp-content\/uploads\/2025\/08\/1-2-768x768.png 768w, https:\/\/karlsruhetattoo.com\/wp-content\/uploads\/2025\/08\/1-2-12x12.png 12w, https:\/\/karlsruhetattoo.com\/wp-content\/uploads\/2025\/08\/1-2-500x500.png 500w\" sizes=\"(max-width: 1024px) 100vw, 1024px\" \/> <span class=\"raven-post-image-overlay\"><\/span><\/a>\t\t<\/div>\r\n\t\t\r\n\t\t\t\t\t<div class=\"raven-post-content\">\r\n\t\t\t\t\t\t<h3 class=\"raven-post-title\"><a class=\"raven-post-title-link\" href=\"https:\/\/karlsruhetattoo.com\/tr\/tattoo-karlsruhe-der-umfassende-leitfaden-fuer-stil-pflege-termin-art-gallery-karlsruhe\/\">D\u00f6vme Karlsruhe: Stil, bak\u0131m ve randevuya dair kapsaml\u0131 rehber \u2013 Art Gallery Karlsruhe<\/a><\/h3><div class=\"raven-post-excerpt\">D\u00f6vme Karlsruhe: Stil, bak\u0131m ve randevu i\u00e7in kapsaml\u0131 rehber \u2013 Art Gallery Karlsruhe \u00d6zet: Karlsruhe&#039;de d\u00f6vme veya piercing yapt\u0131rmay\u0131 planl\u0131yorsan\u0131z, do\u011fru yerdesiniz Art Gallery Karlsruhe<\/div>\t\t<div class=\"raven-post-read-more\">\r\n\t\t\t<a class=\"raven-post-button\" href=\"https:\/\/karlsruhetattoo.com\/tr\/tattoo-karlsruhe-der-umfassende-leitfaden-fuer-stil-pflege-termin-art-gallery-karlsruhe\/\"><span class=\"raven-post-button-text\">Devam\u0131n\u0131 oku<\/span><\/a>\r\n\t\t<\/div>\r\n\t\t\t\t\t\t\t<\/div>\r\n\t\t\t\t<\/div>\r\n\t\t\t<\/div>\r\n\t\t<\/div>\r\n\t\t\r\n\t\t<div class=\"swiper-slide\">\r\n\t\t\t<div class=\"raven-post-wrapper\">\r\n\t\t\t\t<div class=\"raven-post\">\r\n\t\t\t\t\t\t\t<div class=\"raven-post-image-wrap\">\r\n\t\t\t<a class=\"raven-post-image raven-image-fit\"  href=\"https:\/\/karlsruhetattoo.com\/tr\/tattoostudio-karlsruhe-von-der-ersten-idee-bis-zur-perfekten-pflege-art-gallery-karlsruhe\/\"><img decoding=\"async\" width=\"1024\" height=\"1024\" src=\"https:\/\/karlsruhetattoo.com\/wp-content\/uploads\/2025\/08\/2-2.png\" class=\"attachment-large size-large wp-image-1022\" alt=\"\" srcset=\"https:\/\/karlsruhetattoo.com\/wp-content\/uploads\/2025\/08\/2-2.png 1024w, https:\/\/karlsruhetattoo.com\/wp-content\/uploads\/2025\/08\/2-2-300x300.png 300w, https:\/\/karlsruhetattoo.com\/wp-content\/uploads\/2025\/08\/2-2-150x150.png 150w, https:\/\/karlsruhetattoo.com\/wp-content\/uploads\/2025\/08\/2-2-768x768.png 768w, https:\/\/karlsruhetattoo.com\/wp-content\/uploads\/2025\/08\/2-2-12x12.png 12w, https:\/\/karlsruhetattoo.com\/wp-content\/uploads\/2025\/08\/2-2-500x500.png 500w\" sizes=\"(max-width: 1024px) 100vw, 1024px\" \/> <span class=\"raven-post-image-overlay\"><\/span><\/a>\t\t<\/div>\r\n\t\t\r\n\t\t\t\t\t<div class=\"raven-post-content\">\r\n\t\t\t\t\t\t<h3 class=\"raven-post-title\"><a class=\"raven-post-title-link\" href=\"https:\/\/karlsruhetattoo.com\/tr\/tattoostudio-karlsruhe-von-der-ersten-idee-bis-zur-perfekten-pflege-art-gallery-karlsruhe\/\">Karlsruhe D\u00f6vme St\u00fcdyosu: \u0130lk fikirden m\u00fckemmel bak\u0131ma kadar \u2013 Karlsruhe Sanat Galerisi<\/a><\/h3><div class=\"raven-post-excerpt\">Karlsruhe D\u00f6vme St\u00fcdyosu: \u0130lk fikirden m\u00fckemmel bak\u0131ma \u2013 Karlsruhe Sanat Galerisi K\u0131sa \u00f6zet: Karlsruhe&#039;de hassas i\u015f\u00e7ili\u011fi, d\u00fcr\u00fcst tavsiyeleri ve modern hijyeni bir araya getiren bir d\u00f6vme st\u00fcdyosu mu ar\u0131yorsunuz?<\/div>\t\t<div class=\"raven-post-read-more\">\r\n\t\t\t<a class=\"raven-post-button\" href=\"https:\/\/karlsruhetattoo.com\/tr\/tattoostudio-karlsruhe-von-der-ersten-idee-bis-zur-perfekten-pflege-art-gallery-karlsruhe\/\"><span class=\"raven-post-button-text\">Devam\u0131n\u0131 oku<\/span><\/a>\r\n\t\t<\/div>\r\n\t\t\t\t\t\t\t<\/div>\r\n\t\t\t\t<\/div>\r\n\t\t\t<\/div>\r\n\t\t<\/div>\r\n\t\t\r\n\t\t<div class=\"swiper-slide\">\r\n\t\t\t<div class=\"raven-post-wrapper\">\r\n\t\t\t\t<div class=\"raven-post\">\r\n\t\t\t\t\t\t\t<div class=\"raven-post-image-wrap\">\r\n\t\t\t<a class=\"raven-post-image raven-image-fit\"  href=\"https:\/\/karlsruhetattoo.com\/tr\/realismus-tattoo-karlsruhe-tiefe-kontrast-langlebige-details-art-gallery-karlsruhe\/\"><img decoding=\"async\" width=\"1024\" height=\"1024\" src=\"https:\/\/karlsruhetattoo.com\/wp-content\/uploads\/2025\/08\/3-2.png\" class=\"attachment-large size-large wp-image-1023\" alt=\"\" srcset=\"https:\/\/karlsruhetattoo.com\/wp-content\/uploads\/2025\/08\/3-2.png 1024w, https:\/\/karlsruhetattoo.com\/wp-content\/uploads\/2025\/08\/3-2-300x300.png 300w, https:\/\/karlsruhetattoo.com\/wp-content\/uploads\/2025\/08\/3-2-150x150.png 150w, https:\/\/karlsruhetattoo.com\/wp-content\/uploads\/2025\/08\/3-2-768x768.png 768w, https:\/\/karlsruhetattoo.com\/wp-content\/uploads\/2025\/08\/3-2-12x12.png 12w, https:\/\/karlsruhetattoo.com\/wp-content\/uploads\/2025\/08\/3-2-500x500.png 500w\" sizes=\"(max-width: 1024px) 100vw, 1024px\" \/> <span class=\"raven-post-image-overlay\"><\/span><\/a>\t\t<\/div>\r\n\t\t\r\n\t\t\t\t\t<div class=\"raven-post-content\">\r\n\t\t\t\t\t\t<h3 class=\"raven-post-title\"><a class=\"raven-post-title-link\" href=\"https:\/\/karlsruhetattoo.com\/tr\/realismus-tattoo-karlsruhe-tiefe-kontrast-langlebige-details-art-gallery-karlsruhe\/\">Realism Tattoo Karlsruhe: Derinlik, kontrast ve kal\u0131c\u0131 detaylar \u2013 Karlsruhe Sanat Galerisi<\/a><\/h3><div class=\"raven-post-excerpt\">Karlsruhe Ger\u00e7ek\u00e7ilik D\u00f6vmesi: Derinlik, Kontrast ve Kal\u0131c\u0131 Detaylar \u2013 Karlsruhe Sanat Galerisi H\u0131zl\u0131 Genel Bak\u0131\u015f: \u0130nce n\u00fcanslar, yumu\u015fak ge\u00e7i\u015fler ve g\u00fc\u00e7l\u00fc derinlik i\u00e7eren bir ger\u00e7ek\u00e7ilik d\u00f6vmesi mi istiyorsunuz? Kaiserpassage&#039;da (76133) yer almaktad\u0131r.<\/div>\t\t<div class=\"raven-post-read-more\">\r\n\t\t\t<a class=\"raven-post-button\" href=\"https:\/\/karlsruhetattoo.com\/tr\/realismus-tattoo-karlsruhe-tiefe-kontrast-langlebige-details-art-gallery-karlsruhe\/\"><span class=\"raven-post-button-text\">Devam\u0131n\u0131 oku<\/span><\/a>\r\n\t\t<\/div>\r\n\t\t\t\t\t\t\t<\/div>\r\n\t\t\t\t<\/div>\r\n\t\t\t<\/div>\r\n\t\t<\/div>\r\n\t\t\r\n\t\t<div class=\"swiper-slide\">\r\n\t\t\t<div class=\"raven-post-wrapper\">\r\n\t\t\t\t<div class=\"raven-post\">\r\n\t\t\t\t\t\t\t<div class=\"raven-post-image-wrap\">\r\n\t\t\t<a class=\"raven-post-image raven-image-fit\"  href=\"https:\/\/karlsruhetattoo.com\/tr\/cover-up-karlsruhe-alte-tattoos-neu-gedacht-so-entsteht-dein-stimmiges-motiv-bei-art-gallery-karlsruhe\/\"><img loading=\"lazy\" decoding=\"async\" width=\"1024\" height=\"1024\" src=\"https:\/\/karlsruhetattoo.com\/wp-content\/uploads\/2025\/08\/4-1.png\" class=\"attachment-large size-large wp-image-1024\" alt=\"\" srcset=\"https:\/\/karlsruhetattoo.com\/wp-content\/uploads\/2025\/08\/4-1.png 1024w, https:\/\/karlsruhetattoo.com\/wp-content\/uploads\/2025\/08\/4-1-300x300.png 300w, https:\/\/karlsruhetattoo.com\/wp-content\/uploads\/2025\/08\/4-1-150x150.png 150w, https:\/\/karlsruhetattoo.com\/wp-content\/uploads\/2025\/08\/4-1-768x768.png 768w, https:\/\/karlsruhetattoo.com\/wp-content\/uploads\/2025\/08\/4-1-12x12.png 12w, https:\/\/karlsruhetattoo.com\/wp-content\/uploads\/2025\/08\/4-1-500x500.png 500w\" sizes=\"(max-width: 1024px) 100vw, 1024px\" \/> <span class=\"raven-post-image-overlay\"><\/span><\/a>\t\t<\/div>\r\n\t\t\r\n\t\t\t\t\t<div class=\"raven-post-content\">\r\n\t\t\t\t\t\t<h3 class=\"raven-post-title\"><a class=\"raven-post-title-link\" href=\"https:\/\/karlsruhetattoo.com\/tr\/cover-up-karlsruhe-alte-tattoos-neu-gedacht-so-entsteht-dein-stimmiges-motiv-bei-art-gallery-karlsruhe\/\">Karlsruhe&#039;de \u00d6rtbas: Eski d\u00f6vmeler yeniden yorumland\u0131 - Karlsruhe Sanat Galerisi&#039;nde uyumlu motifinizi nas\u0131l yaratabilirsiniz?<\/a><\/h3><div class=\"raven-post-excerpt\">Karlsruhe&#039;de \u00d6rtbas: Eski d\u00f6vmeler yeniden yorumland\u0131 - Karlsruhe Sanat Galerisi&#039;nde uyumlu motifinizi nas\u0131l yaratabilirsiniz? K\u0131sa bir bak\u0131\u015f: Eski bir d\u00f6vme art\u0131k uymuyor, solmu\u015f veya teknik olarak zay\u0131f m\u0131 g\u00f6r\u00fcn\u00fcyor?<\/div>\t\t<div class=\"raven-post-read-more\">\r\n\t\t\t<a class=\"raven-post-button\" href=\"https:\/\/karlsruhetattoo.com\/tr\/cover-up-karlsruhe-alte-tattoos-neu-gedacht-so-entsteht-dein-stimmiges-motiv-bei-art-gallery-karlsruhe\/\"><span class=\"raven-post-button-text\">Devam\u0131n\u0131 oku<\/span><\/a>\r\n\t\t<\/div>\r\n\t\t\t\t\t\t\t<\/div>\r\n\t\t\t\t<\/div>\r\n\t\t\t<\/div>\r\n\t\t<\/div>\r\n\t\t\r\n\t\t<div class=\"swiper-slide\">\r\n\t\t\t<div class=\"raven-post-wrapper\">\r\n\t\t\t\t<div class=\"raven-post\">\r\n\t\t\t\t\t\t\t<div class=\"raven-post-image-wrap\">\r\n\t\t\t<a class=\"raven-post-image raven-image-fit\"  href=\"https:\/\/karlsruhetattoo.com\/tr\/fineline-tattoo-karlsruhe-filigrane-linien-klare-formen-langlebige-ergebnisse-art-gallery-karlsruhe\/\"><img loading=\"lazy\" decoding=\"async\" width=\"1024\" height=\"1024\" src=\"https:\/\/karlsruhetattoo.com\/wp-content\/uploads\/2025\/08\/5.png\" class=\"attachment-large size-large wp-image-1025\" alt=\"\" srcset=\"https:\/\/karlsruhetattoo.com\/wp-content\/uploads\/2025\/08\/5.png 1024w, https:\/\/karlsruhetattoo.com\/wp-content\/uploads\/2025\/08\/5-300x300.png 300w, https:\/\/karlsruhetattoo.com\/wp-content\/uploads\/2025\/08\/5-150x150.png 150w, https:\/\/karlsruhetattoo.com\/wp-content\/uploads\/2025\/08\/5-768x768.png 768w, https:\/\/karlsruhetattoo.com\/wp-content\/uploads\/2025\/08\/5-12x12.png 12w, https:\/\/karlsruhetattoo.com\/wp-content\/uploads\/2025\/08\/5-500x500.png 500w\" sizes=\"(max-width: 1024px) 100vw, 1024px\" \/> <span class=\"raven-post-image-overlay\"><\/span><\/a>\t\t<\/div>\r\n\t\t\r\n\t\t\t\t\t<div class=\"raven-post-content\">\r\n\t\t\t\t\t\t<h3 class=\"raven-post-title\"><a class=\"raven-post-title-link\" href=\"https:\/\/karlsruhetattoo.com\/tr\/fineline-tattoo-karlsruhe-filigrane-linien-klare-formen-langlebige-ergebnisse-art-gallery-karlsruhe\/\">Fineline Tattoo Karlsruhe: Narin \u00e7izgiler, net \u015fekiller ve uzun \u00f6m\u00fcrl\u00fc sonu\u00e7lar \u2013 Karlsruhe Sanat Galerisi<\/a><\/h3><div class=\"raven-post-excerpt\">Fineline D\u00f6vme Karlsruhe: Narin \u00e7izgiler, net \u015fekiller ve uzun \u00f6m\u00fcrl\u00fc sonu\u00e7lar \u2013 Karlsruhe Sanat Galerisi K\u0131sa \u00f6zet: \u0130nce ve zarif d\u00f6vmeleri sever misiniz? Fineline d\u00f6vmeleri, ultra ince \u00e7izgilere, azalt\u0131lm\u0131\u015f \u015fekillere ve gizli tasar\u0131mlara odaklan\u0131r.<\/div>\t\t<div class=\"raven-post-read-more\">\r\n\t\t\t<a class=\"raven-post-button\" href=\"https:\/\/karlsruhetattoo.com\/tr\/fineline-tattoo-karlsruhe-filigrane-linien-klare-formen-langlebige-ergebnisse-art-gallery-karlsruhe\/\"><span class=\"raven-post-button-text\">Devam\u0131n\u0131 oku<\/span><\/a>\r\n\t\t<\/div>\r\n\t\t\t\t\t\t\t<\/div>\r\n\t\t\t\t<\/div>\r\n\t\t\t<\/div>\r\n\t\t<\/div>\r\n\t\t\r\n\t\t<div class=\"swiper-slide\">\r\n\t\t\t<div class=\"raven-post-wrapper\">\r\n\t\t\t\t<div class=\"raven-post\">\r\n\t\t\t\t\t\t\t<div class=\"raven-post-image-wrap\">\r\n\t\t\t<a class=\"raven-post-image raven-image-fit\"  href=\"https:\/\/karlsruhetattoo.com\/tr\/piercing-karlsruhe-anatomie-schmuck-sichere-pflege-art-gallery-karlsruhe\/\"><img loading=\"lazy\" decoding=\"async\" width=\"1024\" height=\"1024\" src=\"https:\/\/karlsruhetattoo.com\/wp-content\/uploads\/2025\/08\/6.png\" class=\"attachment-large size-large wp-image-1026\" alt=\"\" srcset=\"https:\/\/karlsruhetattoo.com\/wp-content\/uploads\/2025\/08\/6.png 1024w, https:\/\/karlsruhetattoo.com\/wp-content\/uploads\/2025\/08\/6-300x300.png 300w, https:\/\/karlsruhetattoo.com\/wp-content\/uploads\/2025\/08\/6-150x150.png 150w, https:\/\/karlsruhetattoo.com\/wp-content\/uploads\/2025\/08\/6-768x768.png 768w, https:\/\/karlsruhetattoo.com\/wp-content\/uploads\/2025\/08\/6-12x12.png 12w, https:\/\/karlsruhetattoo.com\/wp-content\/uploads\/2025\/08\/6-500x500.png 500w\" sizes=\"(max-width: 1024px) 100vw, 1024px\" \/> <span class=\"raven-post-image-overlay\"><\/span><\/a>\t\t<\/div>\r\n\t\t\r\n\t\t\t\t\t<div class=\"raven-post-content\">\r\n\t\t\t\t\t\t<h3 class=\"raven-post-title\"><a class=\"raven-post-title-link\" href=\"https:\/\/karlsruhetattoo.com\/tr\/piercing-karlsruhe-anatomie-schmuck-sichere-pflege-art-gallery-karlsruhe\/\">Piercing Karlsruhe: Anatomi, M\u00fccevher ve G\u00fcvenli Bak\u0131m \u2013 Karlsruhe Sanat Galerisi<\/a><\/h3><div class=\"raven-post-excerpt\">Karlsruhe Piercing: Anatomi, Tak\u0131 ve G\u00fcvenli Bak\u0131m \u2013 Karlsruhe Sanat Galerisi K\u0131sa bir genel bak\u0131\u015f: Bir piercing g\u00fcvenli, hassas ve estetik olmal\u0131d\u0131r. Kaiserpassage&#039;da (76133) bulunan Karlsruhe Sanat Galerisi, Karlsruhe&#039;yi birbirine ba\u011fl\u0131yor.<\/div>\t\t<div class=\"raven-post-read-more\">\r\n\t\t\t<a class=\"raven-post-button\" href=\"https:\/\/karlsruhetattoo.com\/tr\/piercing-karlsruhe-anatomie-schmuck-sichere-pflege-art-gallery-karlsruhe\/\"><span class=\"raven-post-button-text\">Devam\u0131n\u0131 oku<\/span><\/a>\r\n\t\t<\/div>\r\n\t\t\t\t\t\t\t<\/div>\r\n\t\t\t\t<\/div>\r\n\t\t\t<\/div>\r\n\t\t<\/div>\r\n\t\t\t\t\t\t<\/div>\r\n\t\t<div class=\"swiper-pagination swiper-pager-outside bullets-pagination-type\"><\/div>\r\n\t\t<\/div>\r\n\r\n\t\t\t\t\t\t\t<div class=\"swiper-button-prev\"><\/div>\r\n\t\t\t\t<div class=\"swiper-button-next\"><\/div>\r\n\t\t\t\r\n\t\t<\/div>\r\n\t\t\t\t\t\t<\/div>\n\t\t\t\t<\/div>\n\t\t\t\t<\/div>\n\t\t\t\t\t<\/div>\n\t\t\t\t<\/div>\n\t\t\t\t<\/div>","protected":false},"excerpt":{"rendered":"<p>Tattoo- &amp; Piercing-Magazin Tattoo- &amp; Piercing-Magazin Cleopatra Ink Oldenburg \u2013 Das f\u00fchrende Tattoo Studio in Oldenburg Cleopatra Ink Oldenburg \u2013 Das f\u00fchrende Tattoo Studio in Oldenburg Wenn Sie auf der Suche nach einem hochwertigen Tattoo Studio in Oldenburg sind, das moderne Kunst, kreative Designs und ein Mehr Lesen Cleopatra Ink Oldenburg \u2013 Wo Kunst und [&hellip;]<\/p>","protected":false},"author":1,"featured_media":0,"parent":0,"menu_order":0,"comment_status":"closed","ping_status":"closed","template":"elementor_header_footer","meta":{"_acf_changed":false,"footnotes":""},"class_list":["post-105","page","type-page","status-publish","hentry"],"acf":[],"yoast_head":"<!-- This site is optimized with the Yoast SEO plugin v25.6 - https:\/\/yoast.com\/wordpress\/plugins\/seo\/ -->\n<title>Blog<\/title>\n<meta name=\"robots\" content=\"index, follow, max-snippet:-1, max-image-preview:large, max-video-preview:-1\" \/>\n<link rel=\"canonical\" href=\"https:\/\/karlsruhetattoo.com\/tr\/blog\/\" \/>\n<meta property=\"og:locale\" content=\"tr_TR\" \/>\n<meta property=\"og:type\" content=\"article\" \/>\n<meta property=\"og:title\" content=\"Blog\" \/>\n<meta property=\"og:description\" content=\"Tattoo- &amp; Piercing-Magazin Tattoo- &amp; Piercing-Magazin Cleopatra Ink Oldenburg \u2013 Das f\u00fchrende Tattoo Studio in Oldenburg Cleopatra Ink Oldenburg \u2013 Das f\u00fchrende Tattoo Studio in Oldenburg Wenn Sie auf der Suche nach einem hochwertigen Tattoo Studio in Oldenburg sind, das moderne Kunst, kreative Designs und ein Mehr Lesen Cleopatra Ink Oldenburg \u2013 Wo Kunst und [&hellip;]\" \/>\n<meta property=\"og:url\" content=\"https:\/\/karlsruhetattoo.com\/tr\/blog\/\" \/>\n<meta property=\"og:site_name\" content=\"Art Gallery Karlsruhe - Karlsruhe Tattoo\" \/>\n<meta property=\"article:modified_time\" content=\"2025-10-20T22:20:07+00:00\" \/>\n<meta property=\"og:image\" content=\"https:\/\/karlsruhetattoo.com\/wp-content\/uploads\/2025\/08\/favicon-iyibuldum.png\" \/>\n\t<meta property=\"og:image:width\" content=\"1024\" \/>\n\t<meta property=\"og:image:height\" content=\"1024\" \/>\n\t<meta property=\"og:image:type\" content=\"image\/png\" \/>\n<meta name=\"twitter:card\" content=\"summary_large_image\" \/>\n<meta name=\"twitter:label1\" content=\"Tahmini okuma s\u00fcresi\" \/>\n\t<meta name=\"twitter:data1\" content=\"7 dakika\" \/>\n<script type=\"application\/ld+json\" class=\"yoast-schema-graph\">{\"@context\":\"https:\/\/schema.org\",\"@graph\":[{\"@type\":\"WebPage\",\"@id\":\"https:\/\/karlsruhetattoo.com\/blog\/\",\"url\":\"https:\/\/karlsruhetattoo.com\/blog\/\",\"name\":\"Blog\",\"isPartOf\":{\"@id\":\"https:\/\/karlsruhetattoo.com\/#website\"},\"primaryImageOfPage\":{\"@id\":\"https:\/\/karlsruhetattoo.com\/blog\/#primaryimage\"},\"image\":{\"@id\":\"https:\/\/karlsruhetattoo.com\/blog\/#primaryimage\"},\"thumbnailUrl\":\"https:\/\/karlsruhetattoo.com\/wp-content\/uploads\/2025\/08\/1-2.png\",\"datePublished\":\"2020-06-24T07:16:32+00:00\",\"dateModified\":\"2025-10-20T22:20:07+00:00\",\"breadcrumb\":{\"@id\":\"https:\/\/karlsruhetattoo.com\/blog\/#breadcrumb\"},\"inLanguage\":\"tr\",\"potentialAction\":[{\"@type\":\"ReadAction\",\"target\":[\"https:\/\/karlsruhetattoo.com\/blog\/\"]}]},{\"@type\":\"ImageObject\",\"inLanguage\":\"tr\",\"@id\":\"https:\/\/karlsruhetattoo.com\/blog\/#primaryimage\",\"url\":\"https:\/\/karlsruhetattoo.com\/wp-content\/uploads\/2025\/08\/1-2.png\",\"contentUrl\":\"https:\/\/karlsruhetattoo.com\/wp-content\/uploads\/2025\/08\/1-2.png\"},{\"@type\":\"BreadcrumbList\",\"@id\":\"https:\/\/karlsruhetattoo.com\/blog\/#breadcrumb\",\"itemListElement\":[{\"@type\":\"ListItem\",\"position\":1,\"name\":\"Anasayfa\",\"item\":\"https:\/\/karlsruhetattoo.com\/\"},{\"@type\":\"ListItem\",\"position\":2,\"name\":\"Blog\"}]},{\"@type\":\"WebSite\",\"@id\":\"https:\/\/karlsruhetattoo.com\/#website\",\"url\":\"https:\/\/karlsruhetattoo.com\/\",\"name\":\"Art Gallery Karlsruhe - Karlsruhe Tattoo\",\"description\":\"Art Gallery Karlsruhe  - Karlsruhe Tattoo\",\"potentialAction\":[{\"@type\":\"SearchAction\",\"target\":{\"@type\":\"EntryPoint\",\"urlTemplate\":\"https:\/\/karlsruhetattoo.com\/?s={search_term_string}\"},\"query-input\":{\"@type\":\"PropertyValueSpecification\",\"valueRequired\":true,\"valueName\":\"search_term_string\"}}],\"inLanguage\":\"tr\"}]}<\/script>\n<!-- \/ Yoast SEO plugin. -->","yoast_head_json":{"title":"Blog","robots":{"index":"index","follow":"follow","max-snippet":"max-snippet:-1","max-image-preview":"max-image-preview:large","max-video-preview":"max-video-preview:-1"},"canonical":"https:\/\/karlsruhetattoo.com\/tr\/blog\/","og_locale":"tr_TR","og_type":"article","og_title":"Blog","og_description":"Tattoo- &amp; Piercing-Magazin Tattoo- &amp; Piercing-Magazin Cleopatra Ink Oldenburg \u2013 Das f\u00fchrende Tattoo Studio in Oldenburg Cleopatra Ink Oldenburg \u2013 Das f\u00fchrende Tattoo Studio in Oldenburg Wenn Sie auf der Suche nach einem hochwertigen Tattoo Studio in Oldenburg sind, das moderne Kunst, kreative Designs und ein Mehr Lesen Cleopatra Ink Oldenburg \u2013 Wo Kunst und [&hellip;]","og_url":"https:\/\/karlsruhetattoo.com\/tr\/blog\/","og_site_name":"Art Gallery Karlsruhe - Karlsruhe Tattoo","article_modified_time":"2025-10-20T22:20:07+00:00","og_image":[{"width":1024,"height":1024,"url":"https:\/\/karlsruhetattoo.com\/wp-content\/uploads\/2025\/08\/favicon-iyibuldum.png","type":"image\/png"}],"twitter_card":"summary_large_image","twitter_misc":{"Tahmini okuma s\u00fcresi":"7 dakika"},"schema":{"@context":"https:\/\/schema.org","@graph":[{"@type":"WebPage","@id":"https:\/\/karlsruhetattoo.com\/blog\/","url":"https:\/\/karlsruhetattoo.com\/blog\/","name":"Blog","isPartOf":{"@id":"https:\/\/karlsruhetattoo.com\/#website"},"primaryImageOfPage":{"@id":"https:\/\/karlsruhetattoo.com\/blog\/#primaryimage"},"image":{"@id":"https:\/\/karlsruhetattoo.com\/blog\/#primaryimage"},"thumbnailUrl":"https:\/\/karlsruhetattoo.com\/wp-content\/uploads\/2025\/08\/1-2.png","datePublished":"2020-06-24T07:16:32+00:00","dateModified":"2025-10-20T22:20:07+00:00","breadcrumb":{"@id":"https:\/\/karlsruhetattoo.com\/blog\/#breadcrumb"},"inLanguage":"tr","potentialAction":[{"@type":"ReadAction","target":["https:\/\/karlsruhetattoo.com\/blog\/"]}]},{"@type":"ImageObject","inLanguage":"tr","@id":"https:\/\/karlsruhetattoo.com\/blog\/#primaryimage","url":"https:\/\/karlsruhetattoo.com\/wp-content\/uploads\/2025\/08\/1-2.png","contentUrl":"https:\/\/karlsruhetattoo.com\/wp-content\/uploads\/2025\/08\/1-2.png"},{"@type":"BreadcrumbList","@id":"https:\/\/karlsruhetattoo.com\/blog\/#breadcrumb","itemListElement":[{"@type":"ListItem","position":1,"name":"Anasayfa","item":"https:\/\/karlsruhetattoo.com\/"},{"@type":"ListItem","position":2,"name":"Blog"}]},{"@type":"WebSite","@id":"https:\/\/karlsruhetattoo.com\/#website","url":"https:\/\/karlsruhetattoo.com\/","name":"Art Gallery Karlsruhe - Karlsruhe Tattoo","description":"Art Gallery Karlsruhe  - Karlsruhe Tattoo","potentialAction":[{"@type":"SearchAction","target":{"@type":"EntryPoint","urlTemplate":"https:\/\/karlsruhetattoo.com\/?s={search_term_string}"},"query-input":{"@type":"PropertyValueSpecification","valueRequired":true,"valueName":"search_term_string"}}],"inLanguage":"tr"}]}},"_links":{"self":[{"href":"https:\/\/karlsruhetattoo.com\/tr\/wp-json\/wp\/v2\/pages\/105","targetHints":{"allow":["GET"]}}],"collection":[{"href":"https:\/\/karlsruhetattoo.com\/tr\/wp-json\/wp\/v2\/pages"}],"about":[{"href":"https:\/\/karlsruhetattoo.com\/tr\/wp-json\/wp\/v2\/types\/page"}],"author":[{"embeddable":true,"href":"https:\/\/karlsruhetattoo.com\/tr\/wp-json\/wp\/v2\/users\/1"}],"replies":[{"embeddable":true,"href":"https:\/\/karlsruhetattoo.com\/tr\/wp-json\/wp\/v2\/comments?post=105"}],"version-history":[{"count":11,"href":"https:\/\/karlsruhetattoo.com\/tr\/wp-json\/wp\/v2\/pages\/105\/revisions"}],"predecessor-version":[{"id":1141,"href":"https:\/\/karlsruhetattoo.com\/tr\/wp-json\/wp\/v2\/pages\/105\/revisions\/1141"}],"wp:attachment":[{"href":"https:\/\/karlsruhetattoo.com\/tr\/wp-json\/wp\/v2\/media?parent=105"}],"curies":[{"name":"wp","href":"https:\/\/api.w.org\/{rel}","templated":true}]}}