{"id":461,"date":"2025-08-10T02:16:27","date_gmt":"2025-08-09T23:16:27","guid":{"rendered":"https:\/\/karlsruhetattoo.com\/?page_id=461"},"modified":"2025-08-11T03:22:18","modified_gmt":"2025-08-11T00:22:18","slug":"cerez-politikamiz","status":"publish","type":"page","link":"https:\/\/karlsruhetattoo.com\/ru\/cerez-politikamiz\/","title":{"rendered":"\u041f\u043e\u043b\u0438\u0442\u0438\u043a\u0430 \u0438\u0441\u043f\u043e\u043b\u044c\u0437\u043e\u0432\u0430\u043d\u0438\u044f \u0444\u0430\u0439\u043b\u043e\u0432 cookie"},"content":{"rendered":"<div data-elementor-type=\"wp-page\" data-elementor-id=\"461\" class=\"elementor elementor-461\">\n\t\t\t\t<div class=\"elementor-element elementor-element-881bc0e e-flex e-con-boxed elementor-invisible e-con e-parent\" data-id=\"881bc0e\" data-element_type=\"container\" data-settings=\"{&quot;jet_parallax_layout_list&quot;:[],&quot;animation&quot;:&quot;fadeInUp&quot;,&quot;background_background&quot;:&quot;classic&quot;}\">\n\t\t\t\t\t<div class=\"e-con-inner\">\n\t\t\t\t<div class=\"elementor-element elementor-element-a285214 elementor-widget elementor-widget-heading\" data-id=\"a285214\" data-element_type=\"widget\" data-widget_type=\"heading.default\">\n\t\t\t\t\t<h2 class=\"elementor-heading-title elementor-size-default\">\u041f\u043e\u043b\u0438\u0442\u0438\u043a\u0430 \u0438\u0441\u043f\u043e\u043b\u044c\u0437\u043e\u0432\u0430\u043d\u0438\u044f \u0444\u0430\u0439\u043b\u043e\u0432 cookie\n<\/h2>\t\t\t\t<\/div>\n\t\t\t\t<div class=\"elementor-element elementor-element-90f3f77 elementor-widget elementor-widget-text-editor\" data-id=\"90f3f77\" data-element_type=\"widget\" data-widget_type=\"text-editor.default\">\n\t\t\t\t\t\t\t\t\t<div style=\"color:white;\">\n<style>\n    div.cookie-policy * {\n        color: white !important;\n    }\n<\/style>\n\n<div class=\"cookie-policy\">\n<p>\u041d\u0430\u0441\u0442\u043e\u044f\u0449\u0430\u044f \u041f\u043e\u043b\u0438\u0442\u0438\u043a\u0430 \u0432 \u043e\u0442\u043d\u043e\u0448\u0435\u043d\u0438\u0438 \u0444\u0430\u0439\u043b\u043e\u0432 cookie \u0438\u043d\u0444\u043e\u0440\u043c\u0438\u0440\u0443\u0435\u0442 \u043f\u043e\u0441\u0435\u0442\u0438\u0442\u0435\u043b\u0435\u0439 \u043d\u0430\u0448\u0435\u0433\u043e \u0432\u0435\u0431-\u0441\u0430\u0439\u0442\u0430 \u043e\u0431 \u0438\u0441\u043f\u043e\u043b\u044c\u0437\u043e\u0432\u0430\u043d\u0438\u0438 \u0444\u0430\u0439\u043b\u043e\u0432 cookie (\u00abcookie\u00bb), \u043a\u043e\u0442\u043e\u0440\u044b\u0435 \u0445\u0440\u0430\u043d\u044f\u0442\u0441\u044f \u043d\u0430 \u0443\u0441\u0442\u0440\u043e\u0439\u0441\u0442\u0432\u0430\u0445 \u043f\u043e\u043b\u044c\u0437\u043e\u0432\u0430\u0442\u0435\u043b\u0435\u0439.<\/p>\n<p>\u0418\u0441\u043f\u043e\u043b\u044c\u0437\u0443\u044f \u043d\u0430\u0448 \u0441\u0430\u0439\u0442, \u0432\u044b \u0441\u043e\u0433\u043b\u0430\u0448\u0430\u0435\u0442\u0435\u0441\u044c \u043d\u0430 \u0438\u0441\u043f\u043e\u043b\u044c\u0437\u043e\u0432\u0430\u043d\u0438\u0435 \u0444\u0430\u0439\u043b\u043e\u0432 cookie, \u043e\u043f\u0438\u0441\u0430\u043d\u043d\u044b\u0445 \u0432 \u043d\u0430\u0441\u0442\u043e\u044f\u0449\u0435\u0439 \u043f\u043e\u043b\u0438\u0442\u0438\u043a\u0435.<br>\u0412\u044b \u043c\u043e\u0436\u0435\u0442\u0435 \u0438\u0437\u043c\u0435\u043d\u0438\u0442\u044c \u043d\u0430\u0441\u0442\u0440\u043e\u0439\u043a\u0438 \u0444\u0430\u0439\u043b\u043e\u0432 cookie \u0432 \u043b\u044e\u0431\u043e\u0435 \u0432\u0440\u0435\u043c\u044f.<\/p>\n\n<hr>\n\n<h4><strong>1. \u0427\u0442\u043e \u0442\u0430\u043a\u043e\u0435 \u0444\u0430\u0439\u043b\u044b cookie?<\/strong><\/h4>\n<p>\u0424\u0430\u0439\u043b\u044b cookie \u2014 \u044d\u0442\u043e \u043d\u0435\u0431\u043e\u043b\u044c\u0448\u0438\u0435 \u0442\u0435\u043a\u0441\u0442\u043e\u0432\u044b\u0435 \u0444\u0430\u0439\u043b\u044b, \u043a\u043e\u0442\u043e\u0440\u044b\u0435 \u0441\u043e\u0445\u0440\u0430\u043d\u044f\u044e\u0442\u0441\u044f \u043d\u0430 \u0432\u0430\u0448\u0435\u043c \u0443\u0441\u0442\u0440\u043e\u0439\u0441\u0442\u0432\u0435 \u0447\u0435\u0440\u0435\u0437 \u0431\u0440\u0430\u0443\u0437\u0435\u0440 \u043f\u0440\u0438 \u043f\u043e\u0441\u0435\u0449\u0435\u043d\u0438\u0438 \u0432\u0435\u0431-\u0441\u0430\u0439\u0442\u0430.<br>\u041e\u043d\u0438 \u043f\u043e\u0437\u0432\u043e\u043b\u044f\u044e\u0442 \u0440\u0430\u0441\u043f\u043e\u0437\u043d\u0430\u0432\u0430\u0442\u044c \u0432\u0430\u0448\u0435 \u0443\u0441\u0442\u0440\u043e\u0439\u0441\u0442\u0432\u043e \u0432\u043e \u0432\u0440\u0435\u043c\u044f \u0442\u0435\u043a\u0443\u0449\u0435\u0433\u043e \u0438\u043b\u0438 \u0431\u0443\u0434\u0443\u0449\u0435\u0433\u043e \u0432\u0438\u0437\u0438\u0442\u0430.<\/p>\n\n<hr>\n\n<h4><strong>2. \u0422\u0438\u043f\u044b \u0438\u0441\u043f\u043e\u043b\u044c\u0437\u0443\u0435\u043c\u044b\u0445 \u0444\u0430\u0439\u043b\u043e\u0432 cookie<\/strong><\/h4>\n<p>\u041d\u0430 \u043d\u0430\u0448\u0435\u043c \u0441\u0430\u0439\u0442\u0435 \u043c\u043e\u0433\u0443\u0442 \u0438\u0441\u043f\u043e\u043b\u044c\u0437\u043e\u0432\u0430\u0442\u044c\u0441\u044f \u0441\u043b\u0435\u0434\u0443\u044e\u0449\u0438\u0435 \u0442\u0438\u043f\u044b \u0444\u0430\u0439\u043b\u043e\u0432 cookie:<\/p>\n<ul>\n<li><strong>\u0421\u0442\u0440\u043e\u0433\u043e \u043d\u0435\u043e\u0431\u0445\u043e\u0434\u0438\u043c\u044b\u0435 \u0444\u0430\u0439\u043b\u044b cookie:<\/strong> \u0424\u0430\u0439\u043b\u044b cookie \u043d\u0435\u043e\u0431\u0445\u043e\u0434\u0438\u043c\u044b \u0434\u043b\u044f \u0440\u0430\u0431\u043e\u0442\u044b \u0432\u0435\u0431-\u0441\u0430\u0439\u0442\u0430. \u041e\u043d\u0438 \u043e\u0431\u0435\u0441\u043f\u0435\u0447\u0438\u0432\u0430\u044e\u0442 \u0431\u0430\u0437\u043e\u0432\u044b\u0435 \u0444\u0443\u043d\u043a\u0446\u0438\u0438, \u0442\u0430\u043a\u0438\u0435 \u043a\u0430\u043a \u0432\u0445\u043e\u0434 \u0432 \u0441\u0438\u0441\u0442\u0435\u043c\u0443, \u0431\u0435\u0437\u043e\u043f\u0430\u0441\u043d\u043e\u0441\u0442\u044c \u0438 \u043e\u0442\u043f\u0440\u0430\u0432\u043a\u0430 \u0444\u043e\u0440\u043c.<\/li>\n<li><strong>\u042d\u043a\u0441\u043f\u043b\u0443\u0430\u0442\u0430\u0446\u0438\u043e\u043d\u043d\u044b\u0435 \u0444\u0430\u0439\u043b\u044b cookie:<\/strong> \u0418\u0441\u043f\u043e\u043b\u044c\u0437\u0443\u044e\u0442\u0441\u044f \u0434\u043b\u044f \u0430\u043d\u0430\u043b\u0438\u0437\u0430 \u0442\u0440\u0430\u0444\u0438\u043a\u0430 \u0438 \u0441\u0442\u0430\u0442\u0438\u0441\u0442\u0438\u043a\u0438 \u0438\u0441\u043f\u043e\u043b\u044c\u0437\u043e\u0432\u0430\u043d\u0438\u044f \u0432\u0435\u0431-\u0441\u0430\u0439\u0442\u0430. \u041d\u0435 \u0438\u0434\u0435\u043d\u0442\u0438\u0444\u0438\u0446\u0438\u0440\u0443\u044e\u0442 \u043e\u0442\u0434\u0435\u043b\u044c\u043d\u044b\u0445 \u043f\u043e\u043b\u044c\u0437\u043e\u0432\u0430\u0442\u0435\u043b\u0435\u0439.<\/li>\n<li><strong>\u0424\u0443\u043d\u043a\u0446\u0438\u043e\u043d\u0430\u043b\u044c\u043d\u044b\u0435 \u0444\u0430\u0439\u043b\u044b cookie:<\/strong> \u0423\u043b\u0443\u0447\u0448\u0438\u0442\u0435 \u043f\u043e\u043b\u044c\u0437\u043e\u0432\u0430\u0442\u0435\u043b\u044c\u0441\u043a\u0438\u0439 \u0438\u043d\u0442\u0435\u0440\u0444\u0435\u0439\u0441, \u0441\u043e\u0445\u0440\u0430\u043d\u0438\u0432 \u0441\u0432\u043e\u0438 \u043d\u0430\u0441\u0442\u0440\u043e\u0439\u043a\u0438 (\u044f\u0437\u044b\u043a, \u0440\u0435\u0433\u0438\u043e\u043d \u0438 \u0442. \u0434.).<\/li>\n<li><strong>\u0420\u0435\u043a\u043b\u0430\u043c\u043d\u044b\u0435 \u0438 \u0446\u0435\u043b\u0435\u0432\u044b\u0435 \u0444\u0430\u0439\u043b\u044b cookie:<\/strong> \u0418\u0441\u043f\u043e\u043b\u044c\u0437\u0443\u0435\u0442\u0441\u044f \u0434\u043b\u044f \u043f\u043e\u043a\u0430\u0437\u0430 \u043f\u0435\u0440\u0441\u043e\u043d\u0430\u043b\u0438\u0437\u0438\u0440\u043e\u0432\u0430\u043d\u043d\u043e\u0439 \u0440\u0435\u043a\u043b\u0430\u043c\u044b \u043d\u0430 \u043e\u0441\u043d\u043e\u0432\u0435 \u0432\u0430\u0448\u0438\u0445 \u0438\u043d\u0442\u0435\u0440\u0435\u0441\u043e\u0432 (\u0442\u043e\u043b\u044c\u043a\u043e \u0441 \u0432\u0430\u0448\u0435\u0433\u043e \u044f\u0432\u043d\u043e\u0433\u043e \u0441\u043e\u0433\u043b\u0430\u0441\u0438\u044f).<\/li>\n<li><strong>\u0421\u0442\u043e\u0440\u043e\u043d\u043d\u0438\u0435 \u0444\u0430\u0439\u043b\u044b cookie:<\/strong> \u041c\u043e\u0436\u0435\u0442 \u0443\u0441\u0442\u0430\u043d\u0430\u0432\u043b\u0438\u0432\u0430\u0442\u044c\u0441\u044f \u0441 \u043f\u043e\u043c\u043e\u0449\u044c\u044e \u0438\u043d\u0441\u0442\u0440\u0443\u043c\u0435\u043d\u0442\u043e\u0432 \u0430\u043d\u0430\u043b\u0438\u0437\u0430, \u0440\u0435\u043a\u043b\u0430\u043c\u043d\u044b\u0445 \u0441\u0435\u0442\u0435\u0439 \u0438\u043b\u0438 \u0441\u043e\u0446\u0438\u0430\u043b\u044c\u043d\u044b\u0445 \u0441\u0435\u0442\u0435\u0439.<\/li>\n<\/ul>\n\n<hr>\n\n<h4><strong>3. \u0426\u0435\u043b\u0438 \u0438\u0441\u043f\u043e\u043b\u044c\u0437\u043e\u0432\u0430\u043d\u0438\u044f \u0444\u0430\u0439\u043b\u043e\u0432 cookie<\/strong><\/h4>\n<p>\u0424\u0430\u0439\u043b\u044b cookie \u043c\u043e\u0433\u0443\u0442 \u0438\u0441\u043f\u043e\u043b\u044c\u0437\u043e\u0432\u0430\u0442\u044c\u0441\u044f \u0432 \u0441\u043b\u0435\u0434\u0443\u044e\u0449\u0438\u0445 \u0446\u0435\u043b\u044f\u0445:<\/p>\n<ul>\n<li>\u041e\u0431\u0435\u0441\u043f\u0435\u0447\u0435\u043d\u0438\u0435 \u0431\u0435\u0437\u043e\u043f\u0430\u0441\u043d\u043e\u0439 \u0438 \u044d\u0444\u0444\u0435\u043a\u0442\u0438\u0432\u043d\u043e\u0439 \u0440\u0430\u0431\u043e\u0442\u044b \u0441\u0430\u0439\u0442\u0430<\/li>\n<li>\u0425\u0440\u0430\u043d\u0435\u043d\u0438\u0435 \u043f\u043e\u043b\u044c\u0437\u043e\u0432\u0430\u0442\u0435\u043b\u044c\u0441\u043a\u0438\u0445 \u043d\u0430\u0441\u0442\u0440\u043e\u0435\u043a<\/li>\n<li>\u0421\u043e\u0437\u0434\u0430\u043d\u0438\u0435 \u0441\u0442\u0430\u0442\u0438\u0441\u0442\u0438\u043a\u0438 \u0442\u0440\u0430\u0444\u0438\u043a\u0430<\/li>\n<li>\u041f\u0440\u0435\u0434\u043e\u0441\u0442\u0430\u0432\u043b\u0435\u043d\u0438\u0435 \u043a\u043e\u043d\u0442\u0435\u043d\u0442\u0430 \u0438 \u0440\u0435\u043a\u043b\u0430\u043c\u044b, \u0441\u043e\u043e\u0442\u0432\u0435\u0442\u0441\u0442\u0432\u0443\u044e\u0449\u0438\u0445 \u0432\u0430\u0448\u0438\u043c \u0438\u043d\u0442\u0435\u0440\u0435\u0441\u0430\u043c<\/li>\n<li>\u0423\u043b\u0443\u0447\u0448\u0435\u043d\u0438\u0435 \u043f\u043e\u043b\u044c\u0437\u043e\u0432\u0430\u0442\u0435\u043b\u044c\u0441\u043a\u043e\u0433\u043e \u043e\u043f\u044b\u0442\u0430<\/li>\n<\/ul>\n\n<hr>\n\n<h4><strong>4. \u0423\u043f\u0440\u0430\u0432\u043b\u0435\u043d\u0438\u0435 \u0444\u0430\u0439\u043b\u0430\u043c\u0438 cookie \u0438 \u0438\u0445 \u0443\u0434\u0430\u043b\u0435\u043d\u0438\u0435<\/strong><\/h4>\n<p>\u0412\u044b \u043c\u043e\u0436\u0435\u0442\u0435 \u0437\u0430\u0431\u043b\u043e\u043a\u0438\u0440\u043e\u0432\u0430\u0442\u044c, \u0443\u0434\u0430\u043b\u0438\u0442\u044c \u0438\u043b\u0438 \u0430\u043a\u0442\u0438\u0432\u0438\u0440\u043e\u0432\u0430\u0442\u044c \u043f\u0440\u0435\u0434\u0443\u043f\u0440\u0435\u0436\u0434\u0435\u043d\u0438\u044f \u043e cookie-\u0444\u0430\u0439\u043b\u0430\u0445 \u0432 \u043d\u0430\u0441\u0442\u0440\u043e\u0439\u043a\u0430\u0445 \u0441\u0432\u043e\u0435\u0433\u043e \u0431\u0440\u0430\u0443\u0437\u0435\u0440\u0430.<br>\u0412 \u0437\u0430\u0432\u0438\u0441\u0438\u043c\u043e\u0441\u0442\u0438 \u043e\u0442 \u0438\u0441\u043f\u043e\u043b\u044c\u0437\u0443\u0435\u043c\u043e\u0433\u043e \u0432\u0430\u043c\u0438 \u0431\u0440\u0430\u0443\u0437\u0435\u0440\u0430 \u0432\u044b \u043c\u043e\u0436\u0435\u0442\u0435 \u043f\u043e\u043b\u0443\u0447\u0438\u0442\u044c \u0434\u043e\u043f\u043e\u043b\u043d\u0438\u0442\u0435\u043b\u044c\u043d\u0443\u044e \u0438\u043d\u0444\u043e\u0440\u043c\u0430\u0446\u0438\u044e \u043f\u043e \u0441\u043b\u0435\u0434\u0443\u044e\u0449\u0438\u043c \u0441\u0441\u044b\u043b\u043a\u0430\u043c:<\/p>\n<ul>\n<li><strong>\u0413\u0443\u0433\u043b \u0425\u0440\u043e\u043c<\/strong><\/li>\n<li><strong>\u041c\u043e\u0437\u0438\u043b\u043b\u0430 \u0424\u0430\u0435\u0440\u0444\u043e\u043a\u0441<\/strong><\/li>\n<li><strong>Microsoft Edge<\/strong><\/li>\n<li><strong>\u0441\u0430\u0444\u0430\u0440\u0438<\/strong><\/li>\n<\/ul>\n<p>\u0415\u0441\u043b\u0438 \u0432\u044b \u043e\u0442\u043a\u043b\u044e\u0447\u0438\u0442\u0435 \u0444\u0430\u0439\u043b\u044b cookie, \u043d\u0435\u043a\u043e\u0442\u043e\u0440\u044b\u0435 \u0440\u0430\u0437\u0434\u0435\u043b\u044b \u043d\u0430\u0448\u0435\u0433\u043e \u0432\u0435\u0431-\u0441\u0430\u0439\u0442\u0430 \u043c\u043e\u0433\u0443\u0442 \u0440\u0430\u0431\u043e\u0442\u0430\u0442\u044c \u043d\u0435\u043a\u043e\u0440\u0440\u0435\u043a\u0442\u043d\u043e.<\/p>\n\n<hr>\n\n<h4><strong>5. \u0421\u0442\u043e\u0440\u043e\u043d\u043d\u0438\u0435 \u0444\u0430\u0439\u043b\u044b cookie<\/strong><\/h4>\n<p>\u041d\u0430\u0448 \u0441\u0430\u0439\u0442 \u043c\u043e\u0436\u0435\u0442 \u0438\u0441\u043f\u043e\u043b\u044c\u0437\u043e\u0432\u0430\u0442\u044c \u0444\u0430\u0439\u043b\u044b cookie \u0442\u0440\u0435\u0442\u044c\u0438\u0445 \u043b\u0438\u0446, \u0442\u0430\u043a\u0438\u0445 \u043a\u0430\u043a <strong>Google \u0410\u043d\u0430\u043b\u0438\u0442\u0438\u043a\u0430<\/strong> \u0438\u043b\u0438 <strong>\u041f\u0438\u043a\u0441\u0435\u043b\u044c Facebook<\/strong> \u0438\u0441\u043f\u043e\u043b\u044c\u0437\u043e\u0432\u0430\u0442\u044c.<br>\u0411\u043e\u043b\u0435\u0435 \u043f\u043e\u0434\u0440\u043e\u0431\u043d\u0443\u044e \u0438\u043d\u0444\u043e\u0440\u043c\u0430\u0446\u0438\u044e \u043e\u0431 \u044d\u0442\u0438\u0445 \u0444\u0430\u0439\u043b\u0430\u0445 cookie \u043c\u043e\u0436\u043d\u043e \u043d\u0430\u0439\u0442\u0438 \u0432 \u043f\u043e\u043b\u0438\u0442\u0438\u043a\u0430\u0445 \u0441\u043e\u043e\u0442\u0432\u0435\u0442\u0441\u0442\u0432\u0443\u044e\u0449\u0438\u0445 \u043f\u043e\u0441\u0442\u0430\u0432\u0449\u0438\u043a\u043e\u0432.<\/p>\n\n<hr>\n\n<h4><strong>6. \u0412\u0430\u0448\u0438 \u043f\u0440\u0430\u0432\u0430 \u0432 \u0441\u043e\u043e\u0442\u0432\u0435\u0442\u0441\u0442\u0432\u0438\u0438 \u0441 KVKK \u0438 GDPR<\/strong><\/h4>\n<p>\u0427\u0442\u043e \u043a\u0430\u0441\u0430\u0435\u0442\u0441\u044f \u0432\u0430\u0448\u0438\u0445 \u043f\u0435\u0440\u0441\u043e\u043d\u0430\u043b\u044c\u043d\u044b\u0445 \u0434\u0430\u043d\u043d\u044b\u0445, \u043e\u0431\u0440\u0430\u0431\u0430\u0442\u044b\u0432\u0430\u0435\u043c\u044b\u0445 \u0441 \u043f\u043e\u043c\u043e\u0449\u044c\u044e \u0444\u0430\u0439\u043b\u043e\u0432 cookie, \u0432 \u0441\u043e\u043e\u0442\u0432\u0435\u0442\u0441\u0442\u0432\u0438\u0438 \u0441 KVKK \u0438 GDPR \u0432\u044b \u0438\u043c\u0435\u0435\u0442\u0435 \u043f\u0440\u0430\u0432\u043e:<\/p>\n<ul>\n<li>\u0418\u043d\u0444\u043e\u0440\u043c\u0430\u0446\u0438\u044f<\/li>\n<li>\u0418\u0441\u043f\u0440\u0430\u0432\u043b\u0435\u043d\u0438\u0435<\/li>\n<li>\u0443\u0434\u0430\u043b\u0435\u043d\u0438\u0435<\/li>\n<li>\u041e\u0433\u0440\u0430\u043d\u0438\u0447\u0435\u043d\u0438\u0435 \u043e\u0431\u0440\u0430\u0431\u043e\u0442\u043a\u0438<\/li>\n<li>\u0412\u043e\u0437\u0440\u0430\u0436\u0435\u043d\u0438\u0435 \u043f\u0440\u043e\u0442\u0438\u0432 \u043e\u0431\u0440\u0430\u0431\u043e\u0442\u043a\u0438<\/li>\n<\/ul>\n<p>\u0427\u0442\u043e\u0431\u044b \u0432\u043e\u0441\u043f\u043e\u043b\u044c\u0437\u043e\u0432\u0430\u0442\u044c\u0441\u044f \u044d\u0442\u0438\u043c\u0438 \u043f\u0440\u0430\u0432\u0430\u043c\u0438, \u0432\u044b \u043c\u043e\u0436\u0435\u0442\u0435 \u0441\u0432\u044f\u0437\u0430\u0442\u044c\u0441\u044f \u0441 \u043d\u0430\u043c\u0438 \u043f\u043e \u043a\u0430\u043d\u0430\u043b\u0430\u043c \u0441\u0432\u044f\u0437\u0438, \u0443\u043a\u0430\u0437\u0430\u043d\u043d\u044b\u043c \u043d\u0430 \u043d\u0430\u0448\u0435\u043c \u0441\u0430\u0439\u0442\u0435.<\/p>\n\n<hr>\n\n<h4><strong>7. \u041f\u043e\u043f\u0440\u0430\u0432\u043a\u0438 \u043a \u0414\u0438\u0440\u0435\u043a\u0442\u0438\u0432\u0435<\/strong><\/h4>\n<p>\u041d\u0430\u0441\u0442\u043e\u044f\u0449\u0430\u044f \u041f\u043e\u043b\u0438\u0442\u0438\u043a\u0430 \u0432 \u043e\u0442\u043d\u043e\u0448\u0435\u043d\u0438\u0438 \u0444\u0430\u0439\u043b\u043e\u0432 cookie \u043c\u043e\u0436\u0435\u0442 \u0432\u0440\u0435\u043c\u044f \u043e\u0442 \u0432\u0440\u0435\u043c\u0435\u043d\u0438 \u043e\u0431\u043d\u043e\u0432\u043b\u044f\u0442\u044c\u0441\u044f.<br>\u0414\u0435\u0439\u0441\u0442\u0432\u0443\u044e\u0449\u0430\u044f \u0432\u0435\u0440\u0441\u0438\u044f \u0432\u0441\u0442\u0443\u043f\u0430\u0435\u0442 \u0432 \u0441\u0438\u043b\u0443 \u0441 \u043c\u043e\u043c\u0435\u043d\u0442\u0430 \u0435\u0435 \u043f\u0443\u0431\u043b\u0438\u043a\u0430\u0446\u0438\u0438 \u043d\u0430 \u043d\u0430\u0448\u0435\u043c \u0441\u0430\u0439\u0442\u0435.<\/p>\n<\/div>\n<\/div>\n\t\t\t\t\t\t\t\t<\/div>\n\t\t\t\t\t<\/div>\n\t\t\t\t<\/div>\n\t\t\t\t<\/div>","protected":false},"excerpt":{"rendered":"<p>\u041f\u043e\u043b\u0438\u0442\u0438\u043a\u0430 \u0438\u0441\u043f\u043e\u043b\u044c\u0437\u043e\u0432\u0430\u043d\u0438\u044f \u0444\u0430\u0439\u043b\u043e\u0432 cookie. \u041d\u0430\u0441\u0442\u043e\u044f\u0449\u0430\u044f \u041f\u043e\u043b\u0438\u0442\u0438\u043a\u0430 \u0438\u0441\u043f\u043e\u043b\u044c\u0437\u043e\u0432\u0430\u043d\u0438\u044f \u0444\u0430\u0439\u043b\u043e\u0432 cookie \u0438\u043d\u0444\u043e\u0440\u043c\u0438\u0440\u0443\u0435\u0442 \u043f\u043e\u0441\u0435\u0442\u0438\u0442\u0435\u043b\u0435\u0439 \u043d\u0430\u0448\u0435\u0433\u043e \u0432\u0435\u0431-\u0441\u0430\u0439\u0442\u0430 \u043e\u0431 \u0438\u0441\u043f\u043e\u043b\u044c\u0437\u043e\u0432\u0430\u043d\u0438\u0438 \u0444\u0430\u0439\u043b\u043e\u0432 cookie (\u00abcookie\u00bb), \u043a\u043e\u0442\u043e\u0440\u044b\u0435 \u0445\u0440\u0430\u043d\u044f\u0442\u0441\u044f \u043d\u0430 \u0443\u0441\u0442\u0440\u043e\u0439\u0441\u0442\u0432\u0430\u0445 \u043f\u043e\u043b\u044c\u0437\u043e\u0432\u0430\u0442\u0435\u043b\u0435\u0439. \u0418\u0441\u043f\u043e\u043b\u044c\u0437\u0443\u044f \u043d\u0430\u0448 \u0432\u0435\u0431-\u0441\u0430\u0439\u0442, \u0432\u044b \u0441\u043e\u0433\u043b\u0430\u0448\u0430\u0435\u0442\u0435\u0441\u044c \u0441 \u0438\u0441\u043f\u043e\u043b\u044c\u0437\u043e\u0432\u0430\u043d\u0438\u0435\u043c \u0444\u0430\u0439\u043b\u043e\u0432 cookie, \u043e\u043f\u0438\u0441\u0430\u043d\u043d\u044b\u0445 \u0432 \u044d\u0442\u043e\u0439 \u043f\u043e\u043b\u0438\u0442\u0438\u043a\u0435. \u0412\u044b \u043c\u043e\u0436\u0435\u0442\u0435 \u0438\u0437\u043c\u0435\u043d\u0438\u0442\u044c \u043d\u0430\u0441\u0442\u0440\u043e\u0439\u043a\u0438 \u0444\u0430\u0439\u043b\u043e\u0432 cookie \u0432 \u043b\u044e\u0431\u043e\u0435 \u0432\u0440\u0435\u043c\u044f. 1. \u0427\u0442\u043e \u0442\u0430\u043a\u043e\u0435 \u0444\u0430\u0439\u043b\u044b cookie? \u0424\u0430\u0439\u043b\u044b cookie \u2014 \u044d\u0442\u043e \u043d\u0435\u0431\u043e\u043b\u044c\u0448\u0438\u0435 \u0442\u0435\u043a\u0441\u0442\u043e\u0432\u044b\u0435 \u0444\u0430\u0439\u043b\u044b, \u043a\u043e\u0442\u043e\u0440\u044b\u0435 \u043e\u0442\u043f\u0440\u0430\u0432\u043b\u044f\u044e\u0442\u0441\u044f \u0447\u0435\u0440\u0435\u0437 \u0432\u0430\u0448 \u0431\u0440\u0430\u0443\u0437\u0435\u0440 [\u2026]<\/p>","protected":false},"author":1,"featured_media":0,"parent":0,"menu_order":0,"comment_status":"closed","ping_status":"closed","template":"elementor_header_footer","meta":{"_acf_changed":false,"footnotes":""},"class_list":["post-461","page","type-page","status-publish","hentry"],"acf":[],"yoast_head":"<!-- This site is optimized with the Yoast SEO plugin v25.6 - https:\/\/yoast.com\/wordpress\/plugins\/seo\/ -->\n<title>Cookie-Richtlinie - Art Gallery Karlsruhe - Karlsruhe Tattoo<\/title>\n<meta name=\"robots\" content=\"index, follow, max-snippet:-1, max-image-preview:large, max-video-preview:-1\" \/>\n<link rel=\"canonical\" href=\"https:\/\/karlsruhetattoo.com\/ru\/cerez-politikamiz\/\" \/>\n<meta property=\"og:locale\" content=\"ru_RU\" \/>\n<meta property=\"og:type\" content=\"article\" \/>\n<meta property=\"og:title\" content=\"Cookie-Richtlinie - Art Gallery Karlsruhe - Karlsruhe Tattoo\" \/>\n<meta property=\"og:description\" content=\"Cookie-Richtlinie Diese Cookie-Richtlinie informiert die Besucher unserer Website \u00fcber die Verwendung von Cookies (\u201eCookies\u201c), die auf den Ger\u00e4ten der Nutzer gespeichert werden. Durch die Nutzung unserer Website stimmen Sie der Verwendung der in dieser Richtlinie beschriebenen Cookies zu.Sie k\u00f6nnen Ihre Cookie-Einstellungen jederzeit \u00e4ndern. 1. Was sind Cookies? Cookies sind kleine Textdateien, die \u00fcber Ihren Browser [&hellip;]\" \/>\n<meta property=\"og:url\" content=\"https:\/\/karlsruhetattoo.com\/ru\/cerez-politikamiz\/\" \/>\n<meta property=\"og:site_name\" content=\"Art Gallery Karlsruhe - Karlsruhe Tattoo\" \/>\n<meta property=\"article:modified_time\" content=\"2025-08-11T00:22:18+00:00\" \/>\n<meta property=\"og:image\" content=\"https:\/\/karlsruhetattoo.com\/wp-content\/uploads\/2025\/08\/Adsiz-tasarim-1.png\" \/>\n\t<meta property=\"og:image:width\" content=\"1024\" \/>\n\t<meta property=\"og:image:height\" content=\"1024\" \/>\n\t<meta property=\"og:image:type\" content=\"image\/png\" \/>\n<meta name=\"twitter:card\" content=\"summary_large_image\" \/>\n<meta name=\"twitter:label1\" content=\"\u041f\u0440\u0438\u043c\u0435\u0440\u043d\u043e\u0435 \u0432\u0440\u0435\u043c\u044f \u0434\u043b\u044f \u0447\u0442\u0435\u043d\u0438\u044f\" \/>\n\t<meta name=\"twitter:data1\" content=\"3 \u043c\u0438\u043d\u0443\u0442\u044b\" \/>\n<script type=\"application\/ld+json\" class=\"yoast-schema-graph\">{\"@context\":\"https:\/\/schema.org\",\"@graph\":[{\"@type\":\"WebPage\",\"@id\":\"https:\/\/karlsruhetattoo.com\/cerez-politikamiz\/\",\"url\":\"https:\/\/karlsruhetattoo.com\/cerez-politikamiz\/\",\"name\":\"Cookie-Richtlinie - Art Gallery Karlsruhe - Karlsruhe Tattoo\",\"isPartOf\":{\"@id\":\"https:\/\/karlsruhetattoo.com\/#website\"},\"datePublished\":\"2025-08-09T23:16:27+00:00\",\"dateModified\":\"2025-08-11T00:22:18+00:00\",\"breadcrumb\":{\"@id\":\"https:\/\/karlsruhetattoo.com\/cerez-politikamiz\/#breadcrumb\"},\"inLanguage\":\"ru-RU\",\"potentialAction\":[{\"@type\":\"ReadAction\",\"target\":[\"https:\/\/karlsruhetattoo.com\/cerez-politikamiz\/\"]}]},{\"@type\":\"BreadcrumbList\",\"@id\":\"https:\/\/karlsruhetattoo.com\/cerez-politikamiz\/#breadcrumb\",\"itemListElement\":[{\"@type\":\"ListItem\",\"position\":1,\"name\":\"Anasayfa\",\"item\":\"https:\/\/karlsruhetattoo.com\/\"},{\"@type\":\"ListItem\",\"position\":2,\"name\":\"Cookie-Richtlinie\"}]},{\"@type\":\"WebSite\",\"@id\":\"https:\/\/karlsruhetattoo.com\/#website\",\"url\":\"https:\/\/karlsruhetattoo.com\/\",\"name\":\"Art Gallery Karlsruhe - Karlsruhe Tattoo\",\"description\":\"Art Gallery Karlsruhe  - Karlsruhe Tattoo\",\"potentialAction\":[{\"@type\":\"SearchAction\",\"target\":{\"@type\":\"EntryPoint\",\"urlTemplate\":\"https:\/\/karlsruhetattoo.com\/?s={search_term_string}\"},\"query-input\":{\"@type\":\"PropertyValueSpecification\",\"valueRequired\":true,\"valueName\":\"search_term_string\"}}],\"inLanguage\":\"ru-RU\"}]}<\/script>\n<!-- \/ Yoast SEO plugin. -->","yoast_head_json":{"title":"Cookie-Richtlinie - Art Gallery Karlsruhe - Karlsruhe Tattoo","robots":{"index":"index","follow":"follow","max-snippet":"max-snippet:-1","max-image-preview":"max-image-preview:large","max-video-preview":"max-video-preview:-1"},"canonical":"https:\/\/karlsruhetattoo.com\/ru\/cerez-politikamiz\/","og_locale":"ru_RU","og_type":"article","og_title":"Cookie-Richtlinie - Art Gallery Karlsruhe - Karlsruhe Tattoo","og_description":"Cookie-Richtlinie Diese Cookie-Richtlinie informiert die Besucher unserer Website \u00fcber die Verwendung von Cookies (\u201eCookies\u201c), die auf den Ger\u00e4ten der Nutzer gespeichert werden. Durch die Nutzung unserer Website stimmen Sie der Verwendung der in dieser Richtlinie beschriebenen Cookies zu.Sie k\u00f6nnen Ihre Cookie-Einstellungen jederzeit \u00e4ndern. 1. Was sind Cookies? Cookies sind kleine Textdateien, die \u00fcber Ihren Browser [&hellip;]","og_url":"https:\/\/karlsruhetattoo.com\/ru\/cerez-politikamiz\/","og_site_name":"Art Gallery Karlsruhe - Karlsruhe Tattoo","article_modified_time":"2025-08-11T00:22:18+00:00","og_image":[{"width":1024,"height":1024,"url":"https:\/\/karlsruhetattoo.com\/wp-content\/uploads\/2025\/08\/Adsiz-tasarim-1.png","type":"image\/png"}],"twitter_card":"summary_large_image","twitter_misc":{"\u041f\u0440\u0438\u043c\u0435\u0440\u043d\u043e\u0435 \u0432\u0440\u0435\u043c\u044f \u0434\u043b\u044f \u0447\u0442\u0435\u043d\u0438\u044f":"3 \u043c\u0438\u043d\u0443\u0442\u044b"},"schema":{"@context":"https:\/\/schema.org","@graph":[{"@type":"WebPage","@id":"https:\/\/karlsruhetattoo.com\/cerez-politikamiz\/","url":"https:\/\/karlsruhetattoo.com\/cerez-politikamiz\/","name":"Cookie-Richtlinie - Art Gallery Karlsruhe - Karlsruhe Tattoo","isPartOf":{"@id":"https:\/\/karlsruhetattoo.com\/#website"},"datePublished":"2025-08-09T23:16:27+00:00","dateModified":"2025-08-11T00:22:18+00:00","breadcrumb":{"@id":"https:\/\/karlsruhetattoo.com\/cerez-politikamiz\/#breadcrumb"},"inLanguage":"ru-RU","potentialAction":[{"@type":"ReadAction","target":["https:\/\/karlsruhetattoo.com\/cerez-politikamiz\/"]}]},{"@type":"BreadcrumbList","@id":"https:\/\/karlsruhetattoo.com\/cerez-politikamiz\/#breadcrumb","itemListElement":[{"@type":"ListItem","position":1,"name":"Anasayfa","item":"https:\/\/karlsruhetattoo.com\/"},{"@type":"ListItem","position":2,"name":"Cookie-Richtlinie"}]},{"@type":"WebSite","@id":"https:\/\/karlsruhetattoo.com\/#website","url":"https:\/\/karlsruhetattoo.com\/","name":"Art Gallery Karlsruhe - Karlsruhe Tattoo","description":"Art Gallery Karlsruhe  - Karlsruhe Tattoo","potentialAction":[{"@type":"SearchAction","target":{"@type":"EntryPoint","urlTemplate":"https:\/\/karlsruhetattoo.com\/?s={search_term_string}"},"query-input":{"@type":"PropertyValueSpecification","valueRequired":true,"valueName":"search_term_string"}}],"inLanguage":"ru-RU"}]}},"_links":{"self":[{"href":"https:\/\/karlsruhetattoo.com\/ru\/wp-json\/wp\/v2\/pages\/461","targetHints":{"allow":["GET"]}}],"collection":[{"href":"https:\/\/karlsruhetattoo.com\/ru\/wp-json\/wp\/v2\/pages"}],"about":[{"href":"https:\/\/karlsruhetattoo.com\/ru\/wp-json\/wp\/v2\/types\/page"}],"author":[{"embeddable":true,"href":"https:\/\/karlsruhetattoo.com\/ru\/wp-json\/wp\/v2\/users\/1"}],"replies":[{"embeddable":true,"href":"https:\/\/karlsruhetattoo.com\/ru\/wp-json\/wp\/v2\/comments?post=461"}],"version-history":[{"count":20,"href":"https:\/\/karlsruhetattoo.com\/ru\/wp-json\/wp\/v2\/pages\/461\/revisions"}],"predecessor-version":[{"id":1020,"href":"https:\/\/karlsruhetattoo.com\/ru\/wp-json\/wp\/v2\/pages\/461\/revisions\/1020"}],"wp:attachment":[{"href":"https:\/\/karlsruhetattoo.com\/ru\/wp-json\/wp\/v2\/media?parent=461"}],"curies":[{"name":"wp","href":"https:\/\/api.w.org\/{rel}","templated":true}]}}