{"id":435,"date":"2025-08-10T01:59:43","date_gmt":"2025-08-09T22:59:43","guid":{"rendered":"https:\/\/karlsruhetattoo.com\/?page_id=435"},"modified":"2025-08-11T03:20:06","modified_gmt":"2025-08-11T00:20:06","slug":"gizlilik-ilkesi","status":"publish","type":"page","link":"https:\/\/karlsruhetattoo.com\/en\/gizlilik-ilkesi\/","title":{"rendered":"Privacy Policy"},"content":{"rendered":"<div data-elementor-type=\"wp-page\" data-elementor-id=\"435\" class=\"elementor elementor-435\">\n\t\t\t\t<div class=\"elementor-element elementor-element-7a4f1bc e-flex e-con-boxed elementor-invisible e-con e-parent\" data-id=\"7a4f1bc\" data-element_type=\"container\" data-settings=\"{&quot;jet_parallax_layout_list&quot;:[],&quot;animation&quot;:&quot;fadeInUp&quot;,&quot;background_background&quot;:&quot;classic&quot;}\">\n\t\t\t\t\t<div class=\"e-con-inner\">\n\t\t\t\t<div class=\"elementor-element elementor-element-be022e4 elementor-widget elementor-widget-heading\" data-id=\"be022e4\" data-element_type=\"widget\" data-widget_type=\"heading.default\">\n\t\t\t\t\t<h2 class=\"elementor-heading-title elementor-size-default\">Privacy Policy<\/h2>\t\t\t\t<\/div>\n\t\t\t\t<div class=\"elementor-element elementor-element-eeca750 elementor-widget elementor-widget-text-editor\" data-id=\"eeca750\" data-element_type=\"widget\" data-widget_type=\"text-editor.default\">\n\t\t\t\t\t\t\t\t\t<p style=\"color: #fff;\" data-start=\"126\" data-end=\"398\">This privacy policy explains the principles for the collection, use, storage and protection of personal data from users who visit our website.<br data-start=\"297\" data-end=\"300\" \/>By using our website you accept the terms and conditions stated in this statement.<\/p><hr style=\"border: 0; border-top: 1px solid #fff; opacity: 1; color: #fff; background: #fff;\" data-start=\"400\" data-end=\"403\" \/><h4 style=\"color: #fff;\" data-start=\"405\" data-end=\"432\"><strong style=\"color: #fff;\" data-start=\"409\" data-end=\"430\">1. Data collected<\/strong><\/h4><p style=\"color: #fff;\" data-start=\"433\" data-end=\"502\">The following types of data may be collected via our website:<\/p><ul style=\"color: #fff;\" data-start=\"504\" data-end=\"821\"><li style=\"color: #fff;\" data-start=\"504\" data-end=\"635\"><p style=\"color: #fff;\" data-start=\"506\" data-end=\"635\">Personal data such as name, first name, email address, telephone number (when filling out a form or registering)<\/p><\/li><li style=\"color: #fff;\" data-start=\"636\" data-end=\"743\"><p style=\"color: #fff;\" data-start=\"638\" data-end=\"743\">Technical data such as IP address, browser type, operating system information, date and time of visit<\/p><\/li><li style=\"color: #fff;\" data-start=\"744\" data-end=\"821\"><p style=\"color: #fff;\" data-start=\"746\" data-end=\"821\">Usage data collected through cookies and similar technologies<\/p><\/li><\/ul><hr style=\"border: 0; border-top: 1px solid #fff; opacity: 1; color: #fff; background: #fff;\" data-start=\"823\" data-end=\"826\" \/><h4 style=\"color: #fff;\" data-start=\"828\" data-end=\"864\"><strong style=\"color: #fff;\" data-start=\"832\" data-end=\"862\">2. Purposes of data use<\/strong><\/h4><p style=\"color: #fff;\" data-start=\"865\" data-end=\"931\">The data collected may be used for the following purposes:<\/p><ul style=\"color: #fff;\" data-start=\"933\" data-end=\"1223\"><li style=\"color: #fff;\" data-start=\"933\" data-end=\"1011\"><p style=\"color: #fff;\" data-start=\"935\" data-end=\"1011\">Providing, improving and personalizing our services<\/p><\/li><li style=\"color: #fff;\" data-start=\"1012\" data-end=\"1054\"><p style=\"color: #fff;\" data-start=\"1014\" data-end=\"1054\">Answering your inquiries and questions<\/p><\/li><li style=\"color: #fff;\" data-start=\"1055\" data-end=\"1091\"><p style=\"color: #fff;\" data-start=\"1057\" data-end=\"1091\">Improving the user experience<\/p><\/li><li style=\"color: #fff;\" data-start=\"1092\" data-end=\"1142\"><p style=\"color: #fff;\" data-start=\"1094\" data-end=\"1142\">Fulfillment of our legal obligations<\/p><\/li><li style=\"color: #fff;\" data-start=\"1143\" data-end=\"1223\"><p style=\"color: #fff;\" data-start=\"1145\" data-end=\"1223\">Carrying out marketing and information measures (with your consent)<\/p><\/li><\/ul><hr style=\"border: 0; border-top: 1px solid #fff; opacity: 1; color: #fff; background: #fff;\" data-start=\"1225\" data-end=\"1228\" \/><h4 style=\"color: #fff;\" data-start=\"1230\" data-end=\"1250\"><strong style=\"color: #fff;\" data-start=\"1234\" data-end=\"1248\">3. Cookies<\/strong><\/h4><p style=\"color: #fff;\" data-start=\"1251\" data-end=\"1549\">Our website uses cookies to improve the user experience.<br data-start=\"1322\" data-end=\"1325\" \/>You can disable cookies in your browser settings or display a warning.<br data-start=\"1421\" data-end=\"1424\" \/>However, disabling cookies may result in some features of the website not working properly.<\/p><hr style=\"border: 0; border-top: 1px solid #fff; opacity: 1; color: #fff; background: #fff;\" data-start=\"1551\" data-end=\"1554\" \/><h4 style=\"color: #fff;\" data-start=\"1556\" data-end=\"1589\"><strong style=\"color: #fff;\" data-start=\"1560\" data-end=\"1587\">4. Sharing of data<\/strong><\/h4><p style=\"color: #fff;\" data-start=\"1590\" data-end=\"1665\">Your personal data will not be passed on to third parties, except:<\/p><ul style=\"color: #fff;\" data-start=\"1667\" data-end=\"1898\"><li style=\"color: #fff;\" data-start=\"1667\" data-end=\"1710\"><p style=\"color: #fff;\" data-start=\"1669\" data-end=\"1710\">If this is required by law<\/p><\/li><li style=\"color: #fff;\" data-start=\"1711\" data-end=\"1743\"><p style=\"color: #fff;\" data-start=\"1713\" data-end=\"1743\">At the request of authorities<\/p><\/li><li style=\"color: #fff;\" data-start=\"1744\" data-end=\"1898\"><p style=\"color: #fff;\" data-start=\"1746\" data-end=\"1898\">To trusted third parties with whom we work to provide services (e.g., hosting, payment processing, logistics, etc.)<\/p><\/li><\/ul><hr style=\"border: 0; border-top: 1px solid #fff; opacity: 1; color: #fff; background: #fff;\" data-start=\"1900\" data-end=\"1903\" \/><h4 style=\"color: #fff;\" data-start=\"1905\" data-end=\"1933\"><strong style=\"color: #fff;\" data-start=\"1909\" data-end=\"1931\">5. Data security<\/strong><\/h4><p style=\"color: #fff;\" data-start=\"1934\" data-end=\"2193\">To protect your personal data, technical and organizational measures are taken in accordance with industry standards.<br data-start=\"2059\" data-end=\"2062\" \/>Please note, however, that complete security of data transmission over the Internet cannot be guaranteed.<\/p><hr style=\"border: 0; border-top: 1px solid #fff; opacity: 1; color: #fff; background: #fff;\" data-start=\"2195\" data-end=\"2198\" \/><h4 style=\"color: #fff;\" data-start=\"2200\" data-end=\"2236\"><strong style=\"color: #fff;\" data-start=\"2204\" data-end=\"2234\">6. Links to third-party providers<\/strong><\/h4><p style=\"color: #fff;\" data-start=\"2237\" data-end=\"2378\">Our website may contain links to third-party websites.<br data-start=\"2293\" data-end=\"2296\" \/>We are not responsible for the privacy practices of these websites.<\/p><hr style=\"border: 0; border-top: 1px solid #fff; opacity: 1; color: #fff; background: #fff;\" data-start=\"2380\" data-end=\"2383\" \/><h4 style=\"color: #fff;\" data-start=\"2385\" data-end=\"2409\"><strong style=\"color: #fff;\" data-start=\"2389\" data-end=\"2407\">7. Your rights<\/strong><\/h4><p style=\"color: #fff;\" data-start=\"2410\" data-end=\"2474\">With regard to your personal data, you have the right:<\/p><ul style=\"color: #fff;\" data-start=\"2476\" data-end=\"2679\"><li style=\"color: #fff;\" data-start=\"2476\" data-end=\"2514\"><p style=\"color: #fff;\" data-start=\"2478\" data-end=\"2514\">Request access to your data<\/p><\/li><li style=\"color: #fff;\" data-start=\"2515\" data-end=\"2548\"><p style=\"color: #fff;\" data-start=\"2517\" data-end=\"2548\">To request the correction<\/p><\/li><li style=\"color: #fff;\" data-start=\"2549\" data-end=\"2578\"><p style=\"color: #fff;\" data-start=\"2551\" data-end=\"2578\">To request deletion<\/p><\/li><li style=\"color: #fff;\" data-start=\"2579\" data-end=\"2630\"><p style=\"color: #fff;\" data-start=\"2581\" data-end=\"2630\">To request restriction of processing<\/p><\/li><li style=\"color: #fff;\" data-start=\"2631\" data-end=\"2679\"><p style=\"color: #fff;\" data-start=\"2633\" data-end=\"2679\">To request the portability of your data<\/p><\/li><\/ul><p style=\"color: #fff;\" data-start=\"2681\" data-end=\"2748\">You can contact us at any time to exercise these rights.<\/p><hr style=\"border: 0; border-top: 1px solid #fff; opacity: 1; color: #fff; background: #fff;\" data-start=\"2750\" data-end=\"2753\" \/><h4 style=\"color: #fff;\" data-start=\"2755\" data-end=\"2803\"><strong style=\"color: #fff;\" data-start=\"2759\" data-end=\"2801\">8. Changes to the Privacy Policy<\/strong><\/h4><p style=\"color: #fff;\" data-start=\"2804\" data-end=\"2959\">This privacy policy may be updated from time to time.<br data-start=\"2873\" data-end=\"2876\" \/>Changes will take effect from the date they are posted on our website.<\/p>\t\t\t\t\t\t\t\t<\/div>\n\t\t\t\t\t<\/div>\n\t\t\t\t<\/div>\n\t\t\t\t<\/div>","protected":false},"excerpt":{"rendered":"<p>Datenschutzerkl\u00e4rung Diese Datenschutzerkl\u00e4rung erl\u00e4utert die Grunds\u00e4tze f\u00fcr die Erhebung, Nutzung, Speicherung und den Schutz personenbezogener Daten von Nutzern, die unsere Website besuchen.Durch die Nutzung unserer Website akzeptieren Sie die in dieser Erkl\u00e4rung genannten Bedingungen. 1. Erhobene Daten \u00dcber unsere Website k\u00f6nnen folgende Arten von Daten erhoben werden: Pers\u00f6nliche Daten wie Name, Vorname, E-Mail-Adresse, Telefonnummer (bei [&hellip;]<\/p>","protected":false},"author":1,"featured_media":0,"parent":0,"menu_order":0,"comment_status":"closed","ping_status":"closed","template":"elementor_header_footer","meta":{"_acf_changed":false,"footnotes":""},"class_list":["post-435","page","type-page","status-publish","hentry"],"acf":[],"yoast_head":"<!-- This site is optimized with the Yoast SEO plugin v25.6 - https:\/\/yoast.com\/wordpress\/plugins\/seo\/ -->\n<title>Datenschutzerkl\u00e4rung - Art Gallery Karlsruhe - Karlsruhe Tattoo<\/title>\n<meta name=\"robots\" content=\"index, follow, max-snippet:-1, max-image-preview:large, max-video-preview:-1\" \/>\n<link rel=\"canonical\" href=\"https:\/\/karlsruhetattoo.com\/en\/gizlilik-ilkesi\/\" \/>\n<meta property=\"og:locale\" content=\"en_US\" \/>\n<meta property=\"og:type\" content=\"article\" \/>\n<meta property=\"og:title\" content=\"Datenschutzerkl\u00e4rung - Art Gallery Karlsruhe - Karlsruhe Tattoo\" \/>\n<meta property=\"og:description\" content=\"Datenschutzerkl\u00e4rung Diese Datenschutzerkl\u00e4rung erl\u00e4utert die Grunds\u00e4tze f\u00fcr die Erhebung, Nutzung, Speicherung und den Schutz personenbezogener Daten von Nutzern, die unsere Website besuchen.Durch die Nutzung unserer Website akzeptieren Sie die in dieser Erkl\u00e4rung genannten Bedingungen. 1. Erhobene Daten \u00dcber unsere Website k\u00f6nnen folgende Arten von Daten erhoben werden: Pers\u00f6nliche Daten wie Name, Vorname, E-Mail-Adresse, Telefonnummer (bei [&hellip;]\" \/>\n<meta property=\"og:url\" content=\"https:\/\/karlsruhetattoo.com\/en\/gizlilik-ilkesi\/\" \/>\n<meta property=\"og:site_name\" content=\"Art Gallery Karlsruhe - Karlsruhe Tattoo\" \/>\n<meta property=\"article:modified_time\" content=\"2025-08-11T00:20:06+00:00\" \/>\n<meta property=\"og:image\" content=\"https:\/\/karlsruhetattoo.com\/wp-content\/uploads\/2025\/08\/Adsiz-tasarim-1-1.png\" \/>\n\t<meta property=\"og:image:width\" content=\"1024\" \/>\n\t<meta property=\"og:image:height\" content=\"1024\" \/>\n\t<meta property=\"og:image:type\" content=\"image\/png\" \/>\n<meta name=\"twitter:card\" content=\"summary_large_image\" \/>\n<meta name=\"twitter:label1\" content=\"Est. reading time\" \/>\n\t<meta name=\"twitter:data1\" content=\"2 minutes\" \/>\n<script type=\"application\/ld+json\" class=\"yoast-schema-graph\">{\"@context\":\"https:\/\/schema.org\",\"@graph\":[{\"@type\":\"WebPage\",\"@id\":\"https:\/\/karlsruhetattoo.com\/gizlilik-ilkesi\/\",\"url\":\"https:\/\/karlsruhetattoo.com\/gizlilik-ilkesi\/\",\"name\":\"Datenschutzerkl\u00e4rung - Art Gallery Karlsruhe - Karlsruhe Tattoo\",\"isPartOf\":{\"@id\":\"https:\/\/karlsruhetattoo.com\/#website\"},\"datePublished\":\"2025-08-09T22:59:43+00:00\",\"dateModified\":\"2025-08-11T00:20:06+00:00\",\"breadcrumb\":{\"@id\":\"https:\/\/karlsruhetattoo.com\/gizlilik-ilkesi\/#breadcrumb\"},\"inLanguage\":\"en-US\",\"potentialAction\":[{\"@type\":\"ReadAction\",\"target\":[\"https:\/\/karlsruhetattoo.com\/gizlilik-ilkesi\/\"]}]},{\"@type\":\"BreadcrumbList\",\"@id\":\"https:\/\/karlsruhetattoo.com\/gizlilik-ilkesi\/#breadcrumb\",\"itemListElement\":[{\"@type\":\"ListItem\",\"position\":1,\"name\":\"Anasayfa\",\"item\":\"https:\/\/karlsruhetattoo.com\/\"},{\"@type\":\"ListItem\",\"position\":2,\"name\":\"Datenschutzerkl\u00e4rung\"}]},{\"@type\":\"WebSite\",\"@id\":\"https:\/\/karlsruhetattoo.com\/#website\",\"url\":\"https:\/\/karlsruhetattoo.com\/\",\"name\":\"Art Gallery Karlsruhe - Karlsruhe Tattoo\",\"description\":\"Art Gallery Karlsruhe  - Karlsruhe Tattoo\",\"potentialAction\":[{\"@type\":\"SearchAction\",\"target\":{\"@type\":\"EntryPoint\",\"urlTemplate\":\"https:\/\/karlsruhetattoo.com\/?s={search_term_string}\"},\"query-input\":{\"@type\":\"PropertyValueSpecification\",\"valueRequired\":true,\"valueName\":\"search_term_string\"}}],\"inLanguage\":\"en-US\"}]}<\/script>\n<!-- \/ Yoast SEO plugin. -->","yoast_head_json":{"title":"Datenschutzerkl\u00e4rung - Art Gallery Karlsruhe - Karlsruhe Tattoo","robots":{"index":"index","follow":"follow","max-snippet":"max-snippet:-1","max-image-preview":"max-image-preview:large","max-video-preview":"max-video-preview:-1"},"canonical":"https:\/\/karlsruhetattoo.com\/en\/gizlilik-ilkesi\/","og_locale":"en_US","og_type":"article","og_title":"Datenschutzerkl\u00e4rung - Art Gallery Karlsruhe - Karlsruhe Tattoo","og_description":"Datenschutzerkl\u00e4rung Diese Datenschutzerkl\u00e4rung erl\u00e4utert die Grunds\u00e4tze f\u00fcr die Erhebung, Nutzung, Speicherung und den Schutz personenbezogener Daten von Nutzern, die unsere Website besuchen.Durch die Nutzung unserer Website akzeptieren Sie die in dieser Erkl\u00e4rung genannten Bedingungen. 1. Erhobene Daten \u00dcber unsere Website k\u00f6nnen folgende Arten von Daten erhoben werden: Pers\u00f6nliche Daten wie Name, Vorname, E-Mail-Adresse, Telefonnummer (bei [&hellip;]","og_url":"https:\/\/karlsruhetattoo.com\/en\/gizlilik-ilkesi\/","og_site_name":"Art Gallery Karlsruhe - Karlsruhe Tattoo","article_modified_time":"2025-08-11T00:20:06+00:00","og_image":[{"width":1024,"height":1024,"url":"https:\/\/karlsruhetattoo.com\/wp-content\/uploads\/2025\/08\/Adsiz-tasarim-1-1.png","type":"image\/png"}],"twitter_card":"summary_large_image","twitter_misc":{"Est. reading time":"2 minutes"},"schema":{"@context":"https:\/\/schema.org","@graph":[{"@type":"WebPage","@id":"https:\/\/karlsruhetattoo.com\/gizlilik-ilkesi\/","url":"https:\/\/karlsruhetattoo.com\/gizlilik-ilkesi\/","name":"Datenschutzerkl\u00e4rung - Art Gallery Karlsruhe - Karlsruhe Tattoo","isPartOf":{"@id":"https:\/\/karlsruhetattoo.com\/#website"},"datePublished":"2025-08-09T22:59:43+00:00","dateModified":"2025-08-11T00:20:06+00:00","breadcrumb":{"@id":"https:\/\/karlsruhetattoo.com\/gizlilik-ilkesi\/#breadcrumb"},"inLanguage":"en-US","potentialAction":[{"@type":"ReadAction","target":["https:\/\/karlsruhetattoo.com\/gizlilik-ilkesi\/"]}]},{"@type":"BreadcrumbList","@id":"https:\/\/karlsruhetattoo.com\/gizlilik-ilkesi\/#breadcrumb","itemListElement":[{"@type":"ListItem","position":1,"name":"Anasayfa","item":"https:\/\/karlsruhetattoo.com\/"},{"@type":"ListItem","position":2,"name":"Datenschutzerkl\u00e4rung"}]},{"@type":"WebSite","@id":"https:\/\/karlsruhetattoo.com\/#website","url":"https:\/\/karlsruhetattoo.com\/","name":"Art Gallery Karlsruhe - Karlsruhe Tattoo","description":"Art Gallery Karlsruhe  - Karlsruhe Tattoo","potentialAction":[{"@type":"SearchAction","target":{"@type":"EntryPoint","urlTemplate":"https:\/\/karlsruhetattoo.com\/?s={search_term_string}"},"query-input":{"@type":"PropertyValueSpecification","valueRequired":true,"valueName":"search_term_string"}}],"inLanguage":"en-US"}]}},"_links":{"self":[{"href":"https:\/\/karlsruhetattoo.com\/en\/wp-json\/wp\/v2\/pages\/435","targetHints":{"allow":["GET"]}}],"collection":[{"href":"https:\/\/karlsruhetattoo.com\/en\/wp-json\/wp\/v2\/pages"}],"about":[{"href":"https:\/\/karlsruhetattoo.com\/en\/wp-json\/wp\/v2\/types\/page"}],"author":[{"embeddable":true,"href":"https:\/\/karlsruhetattoo.com\/en\/wp-json\/wp\/v2\/users\/1"}],"replies":[{"embeddable":true,"href":"https:\/\/karlsruhetattoo.com\/en\/wp-json\/wp\/v2\/comments?post=435"}],"version-history":[{"count":17,"href":"https:\/\/karlsruhetattoo.com\/en\/wp-json\/wp\/v2\/pages\/435\/revisions"}],"predecessor-version":[{"id":1013,"href":"https:\/\/karlsruhetattoo.com\/en\/wp-json\/wp\/v2\/pages\/435\/revisions\/1013"}],"wp:attachment":[{"href":"https:\/\/karlsruhetattoo.com\/en\/wp-json\/wp\/v2\/media?parent=435"}],"curies":[{"name":"wp","href":"https:\/\/api.w.org\/{rel}","templated":true}]}}