{"id":431,"date":"2025-08-10T01:56:04","date_gmt":"2025-08-09T22:56:04","guid":{"rendered":"https:\/\/karlsruhetattoo.com\/?page_id=431"},"modified":"2025-10-21T00:37:54","modified_gmt":"2025-10-20T21:37:54","slug":"hakkimizda","status":"publish","type":"page","link":"https:\/\/karlsruhetattoo.com\/en\/hakkimizda\/","title":{"rendered":"About Us"},"content":{"rendered":"<div data-elementor-type=\"wp-page\" data-elementor-id=\"431\" class=\"elementor elementor-431\">\n\t\t\t\t<div class=\"elementor-element elementor-element-b11bf9e e-flex e-con-boxed e-con e-parent\" data-id=\"b11bf9e\" data-element_type=\"container\" data-settings=\"{&quot;background_background&quot;:&quot;classic&quot;,&quot;jet_parallax_layout_list&quot;:[]}\">\n\t\t\t\t\t<div class=\"e-con-inner\">\n\t\t<div class=\"elementor-element elementor-element-58e35d7 e-con-full e-flex e-con e-child\" data-id=\"58e35d7\" data-element_type=\"container\" data-settings=\"{&quot;jet_parallax_layout_list&quot;:[]}\">\n\t\t\t\t<div class=\"elementor-element elementor-element-a1c2924 elementor-widget elementor-widget-heading\" data-id=\"a1c2924\" data-element_type=\"widget\" data-widget_type=\"heading.default\">\n\t\t\t\t\t<h2 class=\"elementor-heading-title elementor-size-default\">About Us<\/h2>\t\t\t\t<\/div>\n\t\t\t\t<\/div>\n\t\t\t\t\t<\/div>\n\t\t\t\t<\/div>\n\t\t<div class=\"elementor-element elementor-element-46a2506 e-flex e-con-boxed elementor-invisible e-con e-parent\" data-id=\"46a2506\" data-element_type=\"container\" data-settings=\"{&quot;jet_parallax_layout_list&quot;:[],&quot;animation&quot;:&quot;fadeInUp&quot;,&quot;background_background&quot;:&quot;classic&quot;}\">\n\t\t\t\t\t<div class=\"e-con-inner\">\n\t\t<div class=\"elementor-element elementor-element-5c4417e e-con-full e-flex e-con e-child\" data-id=\"5c4417e\" data-element_type=\"container\" data-settings=\"{&quot;jet_parallax_layout_list&quot;:[]}\">\n\t\t\t\t<div class=\"elementor-element elementor-element-e35159f elementor-widget elementor-widget-heading\" data-id=\"e35159f\" data-element_type=\"widget\" data-widget_type=\"heading.default\">\n\t\t\t\t\t<h2 class=\"elementor-heading-title elementor-size-default\">About Us<\/h2>\t\t\t\t<\/div>\n\t\t\t\t<div class=\"elementor-element elementor-element-3813f90 elementor-widget elementor-widget-text-editor\" data-id=\"3813f90\" data-element_type=\"widget\" data-widget_type=\"text-editor.default\">\n\t\t\t\t\t\t\t\t\t<p data-start=\"433\" data-end=\"807\">In the <strong data-start=\"346\" data-end=\"370\">Heart of Karlsruhe<\/strong> in the <strong data-start=\"378\" data-end=\"403\">Kaiserpassage (76133)<\/strong> united <strong data-start=\"412\" data-end=\"456\">Art Gallery Karlsruhe \u2013 Karlsruhe Tattoo<\/strong> artistic precision with modern studio hygiene. Our <strong data-start=\"516\" data-end=\"545\">Tattoo studio in Karlsruhe<\/strong> stands for individual advice, quick appointment scheduling and professional implementation \u2013 from <strong data-start=\"637\" data-end=\"657\">Fineline Tattoos<\/strong> above <strong data-start=\"663\" data-end=\"676\">realism<\/strong> up to <strong data-start=\"688\" data-end=\"700\">Cover-Up<\/strong> projects. Upon request, we also offer <strong data-start=\"739\" data-end=\"764\">Piercing in Karlsruhe<\/strong> to.<br data-start=\"768\" data-end=\"771\" \/>We take the time to plan your design, placement, and size together, so your tattoo will be stunning not only today, but also tomorrow. We work with high-quality, certified materials, sterile disposable needles, and clear aftercare instructions.<br data-start=\"1037\" data-end=\"1040\" \/>Our artists bring international experience and combine craftsmanship, style and skin understanding. Whether small <strong data-start=\"1158\" data-end=\"1176\">Walk-in Tattoo<\/strong> Whether it&#039;s a multi-part custom project, we listen, advise transparently, and deliver clean lines, rich blacks, and harmonious shades. This creates art that&#039;s just right for you\u2014precise, durable, and authentic. <strong data-start=\"1393\" data-end=\"1414\">made in Karlsruhe<\/strong>.<\/p>\t\t\t\t\t\t\t\t<\/div>\n\t\t\t\t<\/div>\n\t\t<div class=\"elementor-element elementor-element-293968d e-con-full e-flex e-con e-child\" data-id=\"293968d\" data-element_type=\"container\" data-settings=\"{&quot;jet_parallax_layout_list&quot;:[]}\">\n\t\t\t\t<div class=\"elementor-element elementor-element-77ddcc4 elementor-widget elementor-widget-image\" data-id=\"77ddcc4\" data-element_type=\"widget\" data-widget_type=\"image.default\">\n\t\t\t\t\t\t\t\t\t\t\t\t\t\t\t<img fetchpriority=\"high\" decoding=\"async\" width=\"765\" height=\"535\" src=\"https:\/\/karlsruhetattoo.com\/wp-content\/uploads\/2025\/10\/5.jpg\" class=\"attachment-large size-large wp-image-1067\" alt=\"\" srcset=\"https:\/\/karlsruhetattoo.com\/wp-content\/uploads\/2025\/10\/5.jpg 765w, https:\/\/karlsruhetattoo.com\/wp-content\/uploads\/2025\/10\/5-300x210.jpg 300w, https:\/\/karlsruhetattoo.com\/wp-content\/uploads\/2025\/10\/5-18x12.jpg 18w\" sizes=\"(max-width: 765px) 100vw, 765px\" \/>\t\t\t\t\t\t\t\t\t\t\t\t\t\t\t<\/div>\n\t\t\t\t<\/div>\n\t\t\t\t\t<\/div>\n\t\t\t\t<\/div>\n\t\t<div class=\"elementor-element elementor-element-bd77be3 e-flex e-con-boxed elementor-invisible e-con e-parent\" data-id=\"bd77be3\" data-element_type=\"container\" data-settings=\"{&quot;background_background&quot;:&quot;classic&quot;,&quot;jet_parallax_layout_list&quot;:[],&quot;animation&quot;:&quot;fadeInUp&quot;}\">\n\t\t\t\t\t<div class=\"e-con-inner\">\n\t\t<div class=\"elementor-element elementor-element-76513e5 e-con-full e-flex e-con e-child\" data-id=\"76513e5\" data-element_type=\"container\" data-settings=\"{&quot;jet_parallax_layout_list&quot;:[]}\">\n\t\t\t\t<div class=\"elementor-element elementor-element-3c9f1de elementor-widget elementor-widget-heading\" data-id=\"3c9f1de\" data-element_type=\"widget\" data-widget_type=\"heading.default\">\n\t\t\t\t\t<h2 class=\"elementor-heading-title elementor-size-default\">Our Mission<\/h2>\t\t\t\t<\/div>\n\t\t\t\t<div class=\"elementor-element elementor-element-19262aa elementor-widget elementor-widget-text-editor\" data-id=\"19262aa\" data-element_type=\"widget\" data-widget_type=\"text-editor.default\">\n\t\t\t\t\t\t\t\t\t<p data-start=\"208\" data-end=\"893\">Our mission is to <strong data-start=\"1875\" data-end=\"1911\">high-quality tattoos in Karlsruhe<\/strong> accessible, understandable, and sustainable. We guide you in a structured manner from the initial idea to the finished work: with honest advice, realistic time and cost plans, and clear expectations for healing and care.<br data-start=\"2145\" data-end=\"2148\" \/>As <strong data-start=\"2152\" data-end=\"2178\">Tattoo studio Karlsruhe<\/strong> we stand for <strong data-start=\"2194\" data-end=\"2208\">Customer proximity<\/strong>, <strong data-start=\"2210\" data-end=\"2224\">Security<\/strong> and <strong data-start=\"2229\" data-end=\"2244\">creativity<\/strong>We develop designs that respect your body and underline your personality \u2013 whether delicate <strong data-start=\"2357\" data-end=\"2376\">Fineline Tattoo<\/strong>, more lifelike <strong data-start=\"2391\" data-end=\"2404\">realism<\/strong> or well thought-out <strong data-start=\"2423\" data-end=\"2435\">Cover-Up<\/strong>We act responsibly: We only support projects that we support professionally and ethically, and we recommend alternatives if something doesn&#039;t make sense in the long term.<\/p>\t\t\t\t\t\t\t\t<\/div>\n\t\t\t\t<\/div>\n\t\t<div class=\"elementor-element elementor-element-55dc914 e-con-full e-flex e-con e-child\" data-id=\"55dc914\" data-element_type=\"container\" data-settings=\"{&quot;jet_parallax_layout_list&quot;:[]}\">\n\t\t\t\t<div class=\"elementor-element elementor-element-fd6db5a elementor-widget elementor-widget-heading\" data-id=\"fd6db5a\" data-element_type=\"widget\" data-widget_type=\"heading.default\">\n\t\t\t\t\t<h2 class=\"elementor-heading-title elementor-size-default\">Our vision<\/h2>\t\t\t\t<\/div>\n\t\t\t\t<div class=\"elementor-element elementor-element-7c168ba elementor-widget elementor-widget-text-editor\" data-id=\"7c168ba\" data-element_type=\"widget\" data-widget_type=\"text-editor.default\">\n\t\t\t\t\t\t\t\t\t<p data-start=\"1512\" data-end=\"2174\">We want to be the first address for <strong data-start=\"2671\" data-end=\"2705\">Tattoo &amp; Piercing in Karlsruhe<\/strong> \u2013 a studio that combines artistic quality, medically clean processes and warm care. Our vision is a studio that sets standards: for <strong data-start=\"2871\" data-end=\"2882\">hygiene<\/strong>, <strong data-start=\"2884\" data-end=\"2902\">Depth of advice<\/strong> and <strong data-start=\"2907\" data-end=\"2919\">Crafts<\/strong>.<br data-start=\"2920\" data-end=\"2923\" \/>We are building a community where customers feel comfortable, are happy to return, and recommend us to others. Through exhibitions, guest artists, and knowledge exchange, we want to <strong data-start=\"3107\" data-end=\"3137\">Tattoo culture in Karlsruhe<\/strong> make visible \u2013 diverse, respectful and inspiring.<\/p>\t\t\t\t\t\t\t\t<\/div>\n\t\t\t\t<\/div>\n\t\t<div class=\"elementor-element elementor-element-362a752 e-con-full e-flex e-con e-child\" data-id=\"362a752\" data-element_type=\"container\" data-settings=\"{&quot;jet_parallax_layout_list&quot;:[]}\">\n\t\t\t\t<div class=\"elementor-element elementor-element-53a4b91 elementor-widget elementor-widget-heading\" data-id=\"53a4b91\" data-element_type=\"widget\" data-widget_type=\"heading.default\">\n\t\t\t\t\t<h2 class=\"elementor-heading-title elementor-size-default\">Our work<\/h2>\t\t\t\t<\/div>\n\t\t\t\t<div class=\"elementor-element elementor-element-1e641ef elementor-widget elementor-widget-text-editor\" data-id=\"1e641ef\" data-element_type=\"widget\" data-widget_type=\"text-editor.default\">\n\t\t\t\t\t\t\t\t\t<p data-start=\"3219\" data-end=\"3415\"><strong data-start=\"3219\" data-end=\"3246\">1) Hygiene &amp; Safety<\/strong><br data-start=\"3246\" data-end=\"3249\" \/>Sterile disposable materials, tested inks, and documented processes are non-negotiable. Your skin health is our priority \u2013 before, during, and after the procedure.<\/p><p data-start=\"3417\" data-end=\"3602\"><strong data-start=\"3417\" data-end=\"3441\">2) Honest advice<\/strong><br data-start=\"3441\" data-end=\"3444\" \/>We tell you what&#039;s possible\u2014and what isn&#039;t. We transparently explain coverage, skin texture, placement, and size. So you can make informed decisions.<\/p><p data-start=\"3604\" data-end=\"3787\"><strong data-start=\"3604\" data-end=\"3631\">3) Craftsmanship &amp; style fidelity<\/strong><br data-start=\"3631\" data-end=\"3634\" \/>Whether <strong data-start=\"3637\" data-end=\"3653\">Black &amp; Grey<\/strong>, <strong data-start=\"3655\" data-end=\"3667\">Fineline<\/strong> or <strong data-start=\"3673\" data-end=\"3686\">realism<\/strong>: We work precisely, paying attention to clean lines, harmonious contrasts and long-lasting designs.<\/p><p data-start=\"3789\" data-end=\"3949\"><strong data-start=\"3789\" data-end=\"3810\">4) Individuality<\/strong><br data-start=\"3810\" data-end=\"3813\" \/>No copy-paste. Each design is tailored to your body and your everyday life. <strong data-start=\"3895\" data-end=\"3907\">Cover-Up<\/strong>-We plan projects particularly carefully.<\/p>\t\t\t\t\t\t\t\t<\/div>\n\t\t\t\t<\/div>\n\t\t\t\t\t<\/div>\n\t\t\t\t<\/div>\n\t\t\t\t<\/div>","protected":false},"excerpt":{"rendered":"<p>\u00dcber Uns \u00dcber Uns Im Herzen von Karlsruhe in der Kaiserpassage (76133) vereint Art Gallery Karlsruhe \u2013 Karlsruhe Tattoo k\u00fcnstlerische Pr\u00e4zision mit moderner Studio-Hygiene. Unser Tattoostudio in Karlsruhe steht f\u00fcr individuelle Beratung, schnelle Terminvergabe und professionelle Umsetzung \u2013 von Fineline Tattoos \u00fcber Realismus bis hin zu Cover-Up Projekten. Auf Wunsch bieten wir auch Piercing in [&hellip;]<\/p>","protected":false},"author":1,"featured_media":0,"parent":0,"menu_order":0,"comment_status":"closed","ping_status":"closed","template":"elementor_header_footer","meta":{"_acf_changed":false,"footnotes":""},"class_list":["post-431","page","type-page","status-publish","hentry"],"acf":[],"yoast_head":"<!-- This site is optimized with the Yoast SEO plugin v25.6 - https:\/\/yoast.com\/wordpress\/plugins\/seo\/ -->\n<title>\u00dcber Uns - Art Gallery Karlsruhe - Karlsruhe Tattoo<\/title>\n<meta name=\"robots\" content=\"index, follow, max-snippet:-1, max-image-preview:large, max-video-preview:-1\" \/>\n<link rel=\"canonical\" href=\"https:\/\/karlsruhetattoo.com\/en\/hakkimizda\/\" \/>\n<meta property=\"og:locale\" content=\"en_US\" \/>\n<meta property=\"og:type\" content=\"article\" \/>\n<meta property=\"og:title\" content=\"\u00dcber Uns - Art Gallery Karlsruhe - Karlsruhe Tattoo\" \/>\n<meta property=\"og:description\" content=\"\u00dcber Uns \u00dcber Uns Im Herzen von Karlsruhe in der Kaiserpassage (76133) vereint Art Gallery Karlsruhe \u2013 Karlsruhe Tattoo k\u00fcnstlerische Pr\u00e4zision mit moderner Studio-Hygiene. Unser Tattoostudio in Karlsruhe steht f\u00fcr individuelle Beratung, schnelle Terminvergabe und professionelle Umsetzung \u2013 von Fineline Tattoos \u00fcber Realismus bis hin zu Cover-Up Projekten. Auf Wunsch bieten wir auch Piercing in [&hellip;]\" \/>\n<meta property=\"og:url\" content=\"https:\/\/karlsruhetattoo.com\/en\/hakkimizda\/\" \/>\n<meta property=\"og:site_name\" content=\"Art Gallery Karlsruhe - Karlsruhe Tattoo\" \/>\n<meta property=\"article:modified_time\" content=\"2025-10-20T21:37:54+00:00\" \/>\n<meta property=\"og:image\" content=\"https:\/\/karlsruhetattoo.com\/wp-content\/uploads\/2025\/08\/Adsiz-tasarim-1-1.png\" \/>\n\t<meta property=\"og:image:width\" content=\"1024\" \/>\n\t<meta property=\"og:image:height\" content=\"1024\" \/>\n\t<meta property=\"og:image:type\" content=\"image\/png\" \/>\n<meta name=\"twitter:card\" content=\"summary_large_image\" \/>\n<meta name=\"twitter:label1\" content=\"Est. reading time\" \/>\n\t<meta name=\"twitter:data1\" content=\"3 minutes\" \/>\n<script type=\"application\/ld+json\" class=\"yoast-schema-graph\">{\"@context\":\"https:\/\/schema.org\",\"@graph\":[{\"@type\":\"WebPage\",\"@id\":\"https:\/\/karlsruhetattoo.com\/hakkimizda\/\",\"url\":\"https:\/\/karlsruhetattoo.com\/hakkimizda\/\",\"name\":\"\u00dcber Uns - Art Gallery Karlsruhe - Karlsruhe Tattoo\",\"isPartOf\":{\"@id\":\"https:\/\/karlsruhetattoo.com\/#website\"},\"primaryImageOfPage\":{\"@id\":\"https:\/\/karlsruhetattoo.com\/hakkimizda\/#primaryimage\"},\"image\":{\"@id\":\"https:\/\/karlsruhetattoo.com\/hakkimizda\/#primaryimage\"},\"thumbnailUrl\":\"https:\/\/karlsruhetattoo.com\/wp-content\/uploads\/2025\/10\/5.jpg\",\"datePublished\":\"2025-08-09T22:56:04+00:00\",\"dateModified\":\"2025-10-20T21:37:54+00:00\",\"breadcrumb\":{\"@id\":\"https:\/\/karlsruhetattoo.com\/hakkimizda\/#breadcrumb\"},\"inLanguage\":\"en-US\",\"potentialAction\":[{\"@type\":\"ReadAction\",\"target\":[\"https:\/\/karlsruhetattoo.com\/hakkimizda\/\"]}]},{\"@type\":\"ImageObject\",\"inLanguage\":\"en-US\",\"@id\":\"https:\/\/karlsruhetattoo.com\/hakkimizda\/#primaryimage\",\"url\":\"https:\/\/karlsruhetattoo.com\/wp-content\/uploads\/2025\/10\/5.jpg\",\"contentUrl\":\"https:\/\/karlsruhetattoo.com\/wp-content\/uploads\/2025\/10\/5.jpg\"},{\"@type\":\"BreadcrumbList\",\"@id\":\"https:\/\/karlsruhetattoo.com\/hakkimizda\/#breadcrumb\",\"itemListElement\":[{\"@type\":\"ListItem\",\"position\":1,\"name\":\"Anasayfa\",\"item\":\"https:\/\/karlsruhetattoo.com\/\"},{\"@type\":\"ListItem\",\"position\":2,\"name\":\"\u00dcber Uns\"}]},{\"@type\":\"WebSite\",\"@id\":\"https:\/\/karlsruhetattoo.com\/#website\",\"url\":\"https:\/\/karlsruhetattoo.com\/\",\"name\":\"Art Gallery Karlsruhe - Karlsruhe Tattoo\",\"description\":\"Art Gallery Karlsruhe  - Karlsruhe Tattoo\",\"potentialAction\":[{\"@type\":\"SearchAction\",\"target\":{\"@type\":\"EntryPoint\",\"urlTemplate\":\"https:\/\/karlsruhetattoo.com\/?s={search_term_string}\"},\"query-input\":{\"@type\":\"PropertyValueSpecification\",\"valueRequired\":true,\"valueName\":\"search_term_string\"}}],\"inLanguage\":\"en-US\"}]}<\/script>\n<!-- \/ Yoast SEO plugin. -->","yoast_head_json":{"title":"\u00dcber Uns - Art Gallery Karlsruhe - Karlsruhe Tattoo","robots":{"index":"index","follow":"follow","max-snippet":"max-snippet:-1","max-image-preview":"max-image-preview:large","max-video-preview":"max-video-preview:-1"},"canonical":"https:\/\/karlsruhetattoo.com\/en\/hakkimizda\/","og_locale":"en_US","og_type":"article","og_title":"\u00dcber Uns - Art Gallery Karlsruhe - Karlsruhe Tattoo","og_description":"\u00dcber Uns \u00dcber Uns Im Herzen von Karlsruhe in der Kaiserpassage (76133) vereint Art Gallery Karlsruhe \u2013 Karlsruhe Tattoo k\u00fcnstlerische Pr\u00e4zision mit moderner Studio-Hygiene. Unser Tattoostudio in Karlsruhe steht f\u00fcr individuelle Beratung, schnelle Terminvergabe und professionelle Umsetzung \u2013 von Fineline Tattoos \u00fcber Realismus bis hin zu Cover-Up Projekten. Auf Wunsch bieten wir auch Piercing in [&hellip;]","og_url":"https:\/\/karlsruhetattoo.com\/en\/hakkimizda\/","og_site_name":"Art Gallery Karlsruhe - Karlsruhe Tattoo","article_modified_time":"2025-10-20T21:37:54+00:00","og_image":[{"width":1024,"height":1024,"url":"https:\/\/karlsruhetattoo.com\/wp-content\/uploads\/2025\/08\/Adsiz-tasarim-1-1.png","type":"image\/png"}],"twitter_card":"summary_large_image","twitter_misc":{"Est. reading time":"3 minutes"},"schema":{"@context":"https:\/\/schema.org","@graph":[{"@type":"WebPage","@id":"https:\/\/karlsruhetattoo.com\/hakkimizda\/","url":"https:\/\/karlsruhetattoo.com\/hakkimizda\/","name":"\u00dcber Uns - Art Gallery Karlsruhe - Karlsruhe Tattoo","isPartOf":{"@id":"https:\/\/karlsruhetattoo.com\/#website"},"primaryImageOfPage":{"@id":"https:\/\/karlsruhetattoo.com\/hakkimizda\/#primaryimage"},"image":{"@id":"https:\/\/karlsruhetattoo.com\/hakkimizda\/#primaryimage"},"thumbnailUrl":"https:\/\/karlsruhetattoo.com\/wp-content\/uploads\/2025\/10\/5.jpg","datePublished":"2025-08-09T22:56:04+00:00","dateModified":"2025-10-20T21:37:54+00:00","breadcrumb":{"@id":"https:\/\/karlsruhetattoo.com\/hakkimizda\/#breadcrumb"},"inLanguage":"en-US","potentialAction":[{"@type":"ReadAction","target":["https:\/\/karlsruhetattoo.com\/hakkimizda\/"]}]},{"@type":"ImageObject","inLanguage":"en-US","@id":"https:\/\/karlsruhetattoo.com\/hakkimizda\/#primaryimage","url":"https:\/\/karlsruhetattoo.com\/wp-content\/uploads\/2025\/10\/5.jpg","contentUrl":"https:\/\/karlsruhetattoo.com\/wp-content\/uploads\/2025\/10\/5.jpg"},{"@type":"BreadcrumbList","@id":"https:\/\/karlsruhetattoo.com\/hakkimizda\/#breadcrumb","itemListElement":[{"@type":"ListItem","position":1,"name":"Anasayfa","item":"https:\/\/karlsruhetattoo.com\/"},{"@type":"ListItem","position":2,"name":"\u00dcber Uns"}]},{"@type":"WebSite","@id":"https:\/\/karlsruhetattoo.com\/#website","url":"https:\/\/karlsruhetattoo.com\/","name":"Art Gallery Karlsruhe - Karlsruhe Tattoo","description":"Art Gallery Karlsruhe  - Karlsruhe Tattoo","potentialAction":[{"@type":"SearchAction","target":{"@type":"EntryPoint","urlTemplate":"https:\/\/karlsruhetattoo.com\/?s={search_term_string}"},"query-input":{"@type":"PropertyValueSpecification","valueRequired":true,"valueName":"search_term_string"}}],"inLanguage":"en-US"}]}},"_links":{"self":[{"href":"https:\/\/karlsruhetattoo.com\/en\/wp-json\/wp\/v2\/pages\/431","targetHints":{"allow":["GET"]}}],"collection":[{"href":"https:\/\/karlsruhetattoo.com\/en\/wp-json\/wp\/v2\/pages"}],"about":[{"href":"https:\/\/karlsruhetattoo.com\/en\/wp-json\/wp\/v2\/types\/page"}],"author":[{"embeddable":true,"href":"https:\/\/karlsruhetattoo.com\/en\/wp-json\/wp\/v2\/users\/1"}],"replies":[{"embeddable":true,"href":"https:\/\/karlsruhetattoo.com\/en\/wp-json\/wp\/v2\/comments?post=431"}],"version-history":[{"count":17,"href":"https:\/\/karlsruhetattoo.com\/en\/wp-json\/wp\/v2\/pages\/431\/revisions"}],"predecessor-version":[{"id":1071,"href":"https:\/\/karlsruhetattoo.com\/en\/wp-json\/wp\/v2\/pages\/431\/revisions\/1071"}],"wp:attachment":[{"href":"https:\/\/karlsruhetattoo.com\/en\/wp-json\/wp\/v2\/media?parent=431"}],"curies":[{"name":"wp","href":"https:\/\/api.w.org\/{rel}","templated":true}]}}